{"id":621,"date":"2025-05-23T15:53:09","date_gmt":"2025-05-23T18:53:09","guid":{"rendered":"https:\/\/pgcirurgia.incor.usp.br\/?page_id=621"},"modified":"2025-09-10T15:31:43","modified_gmt":"2025-09-10T18:31:43","slug":"bolsas","status":"publish","type":"page","link":"https:\/\/pgcirurgia.incor.usp.br\/index.php\/bolsas\/","title":{"rendered":"Bolsas"},"content":{"rendered":"\t\t<div data-elementor-type=\"wp-page\" data-elementor-id=\"621\" class=\"elementor elementor-621\" data-elementor-settings=\"{&quot;element_pack_global_tooltip_width&quot;:{&quot;unit&quot;:&quot;px&quot;,&quot;size&quot;:&quot;&quot;,&quot;sizes&quot;:[]},&quot;element_pack_global_tooltip_width_tablet&quot;:{&quot;unit&quot;:&quot;px&quot;,&quot;size&quot;:&quot;&quot;,&quot;sizes&quot;:[]},&quot;element_pack_global_tooltip_width_mobile&quot;:{&quot;unit&quot;:&quot;px&quot;,&quot;size&quot;:&quot;&quot;,&quot;sizes&quot;:[]},&quot;element_pack_global_tooltip_padding&quot;:{&quot;unit&quot;:&quot;px&quot;,&quot;top&quot;:&quot;&quot;,&quot;right&quot;:&quot;&quot;,&quot;bottom&quot;:&quot;&quot;,&quot;left&quot;:&quot;&quot;,&quot;isLinked&quot;:true},&quot;element_pack_global_tooltip_padding_tablet&quot;:{&quot;unit&quot;:&quot;px&quot;,&quot;top&quot;:&quot;&quot;,&quot;right&quot;:&quot;&quot;,&quot;bottom&quot;:&quot;&quot;,&quot;left&quot;:&quot;&quot;,&quot;isLinked&quot;:true},&quot;element_pack_global_tooltip_padding_mobile&quot;:{&quot;unit&quot;:&quot;px&quot;,&quot;top&quot;:&quot;&quot;,&quot;right&quot;:&quot;&quot;,&quot;bottom&quot;:&quot;&quot;,&quot;left&quot;:&quot;&quot;,&quot;isLinked&quot;:true},&quot;element_pack_global_tooltip_border_radius&quot;:{&quot;unit&quot;:&quot;px&quot;,&quot;top&quot;:&quot;&quot;,&quot;right&quot;:&quot;&quot;,&quot;bottom&quot;:&quot;&quot;,&quot;left&quot;:&quot;&quot;,&quot;isLinked&quot;:true},&quot;element_pack_global_tooltip_border_radius_tablet&quot;:{&quot;unit&quot;:&quot;px&quot;,&quot;top&quot;:&quot;&quot;,&quot;right&quot;:&quot;&quot;,&quot;bottom&quot;:&quot;&quot;,&quot;left&quot;:&quot;&quot;,&quot;isLinked&quot;:true},&quot;element_pack_global_tooltip_border_radius_mobile&quot;:{&quot;unit&quot;:&quot;px&quot;,&quot;top&quot;:&quot;&quot;,&quot;right&quot;:&quot;&quot;,&quot;bottom&quot;:&quot;&quot;,&quot;left&quot;:&quot;&quot;,&quot;isLinked&quot;:true}}\">\n\t\t\t\t<div class=\"elementor-element elementor-element-4656f97 e-flex e-con-boxed e-con e-parent\" data-id=\"4656f97\" data-element_type=\"container\">\n\t\t\t\t\t<div class=\"e-con-inner\">\n\t\t\t\t<div class=\"elementor-element elementor-element-78e8233 elementor-widget elementor-widget-text-editor\" data-id=\"78e8233\" data-element_type=\"widget\" data-widget_type=\"text-editor.default\">\n\t\t\t\t<div class=\"elementor-widget-container\">\n\t\t\t\t\t\t\t\t\t<p>Os programas de P\u00f3s-Gradua\u00e7\u00e3o da USP tem o apoio de ag\u00eancias financiadoras de pesquisa e forma\u00e7\u00e3o de recursos humanos, que s\u00e3o:\u00a0<a href=\"http:\/\/www.capes.gov.br\/\" target=\"_blank\" rel=\"noopener noreferrer\">CAPES<\/a>\u00a0e\u00a0<a href=\"http:\/\/www.fapesp.br\/\" target=\"_blank\" rel=\"noopener noreferrer\">FAPESP<\/a>, que oferecem bolsas de estudos aos alunos matriculados.<\/p><p>A P\u00f3s-Gradua\u00e7\u00e3o do Programa conta com o apoio de bolsas de estudo da\u00a0<a href=\"http:\/\/www.capes.gov.br\/\" target=\"_blank\" rel=\"noopener noreferrer\">CAPES<\/a>\u00a0Demanda Social (10 bolsas),\u00a0<a href=\"http:\/\/www.cnpq.br\/\" target=\"_blank\" rel=\"noopener noreferrer\">CNPq<\/a>\u00a0(1 bolsa), conforme seus pr\u00f3prios\u00a0<a class=\"jce_file\" title=\"critrios_e_requisitos_para_concesso_e_ou_renovao_de_bolsas-cirurgia\" href=\"https:\/\/pgcirurgia.incor.usp.br\/wp-content\/uploads\/2025\/05\/Criterios_e_requisitos_para_concessao_e_ou_renovacao_de_bolsas-Cirurgia.pdf\" target=\"_blank\" rel=\"noopener noreferrer\">Crit\u00e9rios e requisitos para concess\u00e3o bolsas<\/a>\u00a0(pdf). Os recursos provenientes da taxa de bancada de bolsas CNPq poder\u00e3o ser utilizados conforme as\u00a0<a class=\"jce_file\" title=\"Informa\u00e7\u00f5es para utiliza\u00e7\u00e3o da taxa de bancada\" href=\"https:\/\/pgcirurgia.incor.usp.br\/wp-content\/uploads\/2025\/05\/Informacoes_para_utilizacao_da_Taxa_de_Bancada.pdf\" target=\"_blank\" rel=\"noopener noreferrer\">Informa\u00e7\u00f5es para utiliza\u00e7\u00e3o da taxa de bancada<\/a> (pdf).<\/p><p>Os alunos devem fazer a sua solicita\u00e7\u00e3o de bolsa no per\u00edodo de matr\u00edcula atrav\u00e9s de formul\u00e1rio espec\u00edfico e entregar na secretaria do Programa.<\/p><p>A Comiss\u00e3o de Bolsas do Programa \u00e9 respons\u00e1vel pela sele\u00e7\u00e3o, concess\u00e3o e o acompanhamento dos bolsistas.<\/p><p>Aos bolsistas do Programa de Demanda Social \u00e9\u00a0<strong>obrigat\u00f3rio o est\u00e1gio de doc\u00eancia, Programa de Aperfei\u00e7oamento de Ensino &#8211;\u00a0<\/strong><a href=\"https:\/\/www.fm.usp.br\/pae\/portal\/\" target=\"_blank\" rel=\"noopener noreferrer\"><strong>PAE<\/strong><\/a>, parte integrante da forma\u00e7\u00e3o do p\u00f3s-graduando, objetivando a prepara\u00e7\u00e3o para a doc\u00eancia,e a qualifica\u00e7\u00e3o do ensino de gradua\u00e7\u00e3o. A partir, da 1\u00aa solicita\u00e7\u00e3o de renova\u00e7\u00e3o de bolsa ser\u00e1 verificado se o aluno est\u00e1 cursando e\/ou realizando o est\u00e1gio de doc\u00eancia.<\/p><p>As bolsas oferecidas pela\u00a0<a href=\"http:\/\/www.fapesp.br\/\" target=\"_blank\" rel=\"noopener noreferrer\">FAPESP<\/a>\u00a0s\u00e3o concedidas diretamente para o aluno, mediante solicita\u00e7\u00e3o do orientador.<\/p><p>A\u00a0<a href=\"http:\/\/www.capes.gov.br\/\" target=\"_blank\" rel=\"noopener noreferrer\">CAPES<\/a>\u00a0atrav\u00e9s de programas espec\u00edficos oferecem bolsas para que os doutorandos possam desenvolver parte do seu trabalho de tese em institui\u00e7\u00f5es estrangeiras.<\/p><p>Dentre os programas espec\u00edficos os orientandos poder\u00e3o realizar o Programa Institucional de Doutorado Sandu\u00edche no Exterior\u00a0pela CAPES.<\/p><p>A Universidade de S\u00e3o Paulo atrav\u00e9s de parceria com institui\u00e7\u00f5es estrangeiras os alunos de doutorado, poder\u00e3o preparar a tese visando a\u00a0<a href=\"https:\/\/www.prpg.usp.br\/pt-br\/internacionalizacao\/dupla-multipla-titulacao\" target=\"_blank\" rel=\"noopener\">dupla titula\u00e7\u00e3o<\/a>.<\/p><p><a href=\"https:\/\/pesquisa.in.gov.br\/imprensa\/jsp\/visualiza\/index.jsp?data=05\/09\/2018&amp;jornal=515&amp;pagina=22\" target=\"_blank\" rel=\"noopener\"><strong>Informa\u00e7\u00f5es sobre a Portaria CAPES n\u00ba 206, de 04 setembro de 2018, disp\u00f5e sobre obrigatoriedade de cita\u00e7\u00e3o da CAPES<\/strong><\/a><\/p>\t\t\t\t\t\t\t\t<\/div>\n\t\t\t\t<\/div>\n\t\t\t\t\t<\/div>\n\t\t\t\t<\/div>\n\t\t\t\t<\/div>\n\t\t","protected":false},"excerpt":{"rendered":"<p>Os programas de P\u00f3s-Gradua\u00e7\u00e3o da USP tem o apoio de ag\u00eancias financiadoras de pesquisa e forma\u00e7\u00e3o de recursos humanos, que s\u00e3o:\u00a0CAPES\u00a0e\u00a0FAPESP, que [&hellip;]<\/p>\n","protected":false},"author":1,"featured_media":0,"parent":0,"menu_order":0,"comment_status":"closed","ping_status":"closed","template":"","meta":{"footnotes":""},"class_list":["post-621","page","type-page","status-publish","hentry"],"lang":"pt","translations":{"pt":621},"pll_sync_post":[],"_links":{"self":[{"href":"https:\/\/pgcirurgia.incor.usp.br\/index.php\/wp-json\/wp\/v2\/pages\/621","targetHints":{"allow":["GET"]}}],"collection":[{"href":"https:\/\/pgcirurgia.incor.usp.br\/index.php\/wp-json\/wp\/v2\/pages"}],"about":[{"href":"https:\/\/pgcirurgia.incor.usp.br\/index.php\/wp-json\/wp\/v2\/types\/page"}],"author":[{"embeddable":true,"href":"https:\/\/pgcirurgia.incor.usp.br\/index.php\/wp-json\/wp\/v2\/users\/1"}],"replies":[{"embeddable":true,"href":"https:\/\/pgcirurgia.incor.usp.br\/index.php\/wp-json\/wp\/v2\/comments?post=621"}],"version-history":[{"count":22,"href":"https:\/\/pgcirurgia.incor.usp.br\/index.php\/wp-json\/wp\/v2\/pages\/621\/revisions"}],"predecessor-version":[{"id":4145,"href":"https:\/\/pgcirurgia.incor.usp.br\/index.php\/wp-json\/wp\/v2\/pages\/621\/revisions\/4145"}],"wp:attachment":[{"href":"https:\/\/pgcirurgia.incor.usp.br\/index.php\/wp-json\/wp\/v2\/media?parent=621"}],"curies":[{"name":"wp","href":"https:\/\/api.w.org\/{rel}","templated":true}]}}