{"id":590,"date":"2025-05-23T15:34:55","date_gmt":"2025-05-23T18:34:55","guid":{"rendered":"https:\/\/pgcirurgia.incor.usp.br\/?page_id=590"},"modified":"2025-10-03T10:23:19","modified_gmt":"2025-10-03T13:23:19","slug":"comissoes","status":"publish","type":"page","link":"https:\/\/pgcirurgia.incor.usp.br\/index.php\/comissoes\/","title":{"rendered":"Comiss\u00f5es"},"content":{"rendered":"\t\t<div data-elementor-type=\"wp-page\" data-elementor-id=\"590\" class=\"elementor elementor-590\" data-elementor-settings=\"{&quot;element_pack_global_tooltip_width&quot;:{&quot;unit&quot;:&quot;px&quot;,&quot;size&quot;:&quot;&quot;,&quot;sizes&quot;:[]},&quot;element_pack_global_tooltip_width_tablet&quot;:{&quot;unit&quot;:&quot;px&quot;,&quot;size&quot;:&quot;&quot;,&quot;sizes&quot;:[]},&quot;element_pack_global_tooltip_width_mobile&quot;:{&quot;unit&quot;:&quot;px&quot;,&quot;size&quot;:&quot;&quot;,&quot;sizes&quot;:[]},&quot;element_pack_global_tooltip_padding&quot;:{&quot;unit&quot;:&quot;px&quot;,&quot;top&quot;:&quot;&quot;,&quot;right&quot;:&quot;&quot;,&quot;bottom&quot;:&quot;&quot;,&quot;left&quot;:&quot;&quot;,&quot;isLinked&quot;:true},&quot;element_pack_global_tooltip_padding_tablet&quot;:{&quot;unit&quot;:&quot;px&quot;,&quot;top&quot;:&quot;&quot;,&quot;right&quot;:&quot;&quot;,&quot;bottom&quot;:&quot;&quot;,&quot;left&quot;:&quot;&quot;,&quot;isLinked&quot;:true},&quot;element_pack_global_tooltip_padding_mobile&quot;:{&quot;unit&quot;:&quot;px&quot;,&quot;top&quot;:&quot;&quot;,&quot;right&quot;:&quot;&quot;,&quot;bottom&quot;:&quot;&quot;,&quot;left&quot;:&quot;&quot;,&quot;isLinked&quot;:true},&quot;element_pack_global_tooltip_border_radius&quot;:{&quot;unit&quot;:&quot;px&quot;,&quot;top&quot;:&quot;&quot;,&quot;right&quot;:&quot;&quot;,&quot;bottom&quot;:&quot;&quot;,&quot;left&quot;:&quot;&quot;,&quot;isLinked&quot;:true},&quot;element_pack_global_tooltip_border_radius_tablet&quot;:{&quot;unit&quot;:&quot;px&quot;,&quot;top&quot;:&quot;&quot;,&quot;right&quot;:&quot;&quot;,&quot;bottom&quot;:&quot;&quot;,&quot;left&quot;:&quot;&quot;,&quot;isLinked&quot;:true},&quot;element_pack_global_tooltip_border_radius_mobile&quot;:{&quot;unit&quot;:&quot;px&quot;,&quot;top&quot;:&quot;&quot;,&quot;right&quot;:&quot;&quot;,&quot;bottom&quot;:&quot;&quot;,&quot;left&quot;:&quot;&quot;,&quot;isLinked&quot;:true}}\">\n\t\t\t\t<div class=\"elementor-element elementor-element-4656f97 e-flex e-con-boxed e-con e-parent\" data-id=\"4656f97\" data-element_type=\"container\" data-e-type=\"container\">\n\t\t\t\t\t<div class=\"e-con-inner\">\n\t\t\t\t<div class=\"elementor-element elementor-element-78e8233 elementor-widget elementor-widget-text-editor\" data-id=\"78e8233\" data-element_type=\"widget\" data-e-type=\"widget\" data-widget_type=\"text-editor.default\">\n\t\t\t\t<div class=\"elementor-widget-container\">\n\t\t\t\t\t\t\t\t\t<h3>Comiss\u00e3o Coordenadora do Programa<\/h3><p>A Comiss\u00e3o Coordenadora do Programa \u00e9 respons\u00e1vel pela coordena\u00e7\u00e3o geral do Programa. A sua atua\u00e7\u00e3o inclui o estabelecimento das normas de atua\u00e7\u00e3o do Programa e dos crit\u00e9rios para sele\u00e7\u00e3o de ingresso de novos alunos, bem como a an\u00e1lise dos projetos de pesquisa em proposi\u00e7\u00e3o e dos processos para concess\u00e3o de aux\u00edlio financeiro. Esta Comiss\u00e3o \u00e9 formada pelo Coordenador, pelo Vice-Coordenador, por dois Docentes Permanentes do Programa e pelo representante Discente:<\/p><p>Prof. Dr. Ricardo Mingarini Terra &#8211; Coordenador<\/p><p>Prof. Dr. Paulo Manuel P\u00eago Fernandes &#8211; Suplente do Coordenador<\/p><p>Prof. Dr. Omar Asdrubal Vilca Mejia &#8211; Membro Titular<\/p><p>Dra. Ana Cristina Breithaupt Faloppa &#8211; Membro Titular<\/p><p>Dr. Eduardo Gomes Lima &#8211; Membro Suplente<\/p><p>Prof. Dr. Marcelo Biscegli Jatene &#8211; Membro Suplente<\/p><p>Dr. Paulo Francisco Guerreiro Cardoso &#8211; Membro Suplente<\/p><p>Dr. Cristiano de Jesus Correia &#8211; Membro Suplente<\/p><p>Nicholas Pietro Agulha Toneto &#8211; Representante Discente Titular<\/p><p>Patr\u00edcia Santos de Sousa &#8211; Representante Discente Suplente\u00a0<\/p><h3>Comiss\u00e3o de Bolsas<\/h3><p>A Comiss\u00e3o de Bolsas tem por objetivo estabelecer crit\u00e9rios de concess\u00e3o das bolsas. Esta Comiss\u00e3o \u00e9 formada pelo Coordenador do Programa, por um representante Docente e um representante Discente:<\/p><p>Prof. Dr. Ricardo Mingarini Terra &#8211; Presidente<\/p><p>Prof. Dr. Omar Asdrubal Vilca Mejia &#8211; Representante Docente<\/p><p>xxxxx &#8211; Representante Discente Titular<\/p><p>xxxxx &#8211; Representante Discente Suplente<\/p>\t\t\t\t\t\t\t\t<\/div>\n\t\t\t\t<\/div>\n\t\t\t\t\t<\/div>\n\t\t\t\t<\/div>\n\t\t\t\t<\/div>\n\t\t","protected":false},"excerpt":{"rendered":"<p>Comiss\u00e3o Coordenadora do Programa A Comiss\u00e3o Coordenadora do Programa \u00e9 respons\u00e1vel pela coordena\u00e7\u00e3o geral do Programa. A sua atua\u00e7\u00e3o inclui o estabelecimento [&hellip;]<\/p>\n","protected":false},"author":1,"featured_media":0,"parent":0,"menu_order":0,"comment_status":"closed","ping_status":"closed","template":"","meta":{"footnotes":""},"class_list":["post-590","page","type-page","status-publish","hentry"],"lang":"pt","translations":{"pt":590,"es":5247},"pll_sync_post":[],"_links":{"self":[{"href":"https:\/\/pgcirurgia.incor.usp.br\/index.php\/wp-json\/wp\/v2\/pages\/590","targetHints":{"allow":["GET"]}}],"collection":[{"href":"https:\/\/pgcirurgia.incor.usp.br\/index.php\/wp-json\/wp\/v2\/pages"}],"about":[{"href":"https:\/\/pgcirurgia.incor.usp.br\/index.php\/wp-json\/wp\/v2\/types\/page"}],"author":[{"embeddable":true,"href":"https:\/\/pgcirurgia.incor.usp.br\/index.php\/wp-json\/wp\/v2\/users\/1"}],"replies":[{"embeddable":true,"href":"https:\/\/pgcirurgia.incor.usp.br\/index.php\/wp-json\/wp\/v2\/comments?post=590"}],"version-history":[{"count":13,"href":"https:\/\/pgcirurgia.incor.usp.br\/index.php\/wp-json\/wp\/v2\/pages\/590\/revisions"}],"predecessor-version":[{"id":4946,"href":"https:\/\/pgcirurgia.incor.usp.br\/index.php\/wp-json\/wp\/v2\/pages\/590\/revisions\/4946"}],"wp:attachment":[{"href":"https:\/\/pgcirurgia.incor.usp.br\/index.php\/wp-json\/wp\/v2\/media?parent=590"}],"curies":[{"name":"wp","href":"https:\/\/api.w.org\/{rel}","templated":true}]}}