{"id":578,"date":"2025-05-23T10:47:43","date_gmt":"2025-05-23T13:47:43","guid":{"rendered":"https:\/\/pgcirurgia.incor.usp.br\/?page_id=578"},"modified":"2025-06-04T11:26:07","modified_gmt":"2025-06-04T14:26:07","slug":"objetivos-gerais","status":"publish","type":"page","link":"https:\/\/pgcirurgia.incor.usp.br\/index.php\/objetivos-gerais\/","title":{"rendered":"Objetivos Gerais"},"content":{"rendered":"\t\t<div data-elementor-type=\"wp-page\" data-elementor-id=\"578\" class=\"elementor elementor-578\" data-elementor-settings=\"{&quot;element_pack_global_tooltip_width&quot;:{&quot;unit&quot;:&quot;px&quot;,&quot;size&quot;:&quot;&quot;,&quot;sizes&quot;:[]},&quot;element_pack_global_tooltip_width_tablet&quot;:{&quot;unit&quot;:&quot;px&quot;,&quot;size&quot;:&quot;&quot;,&quot;sizes&quot;:[]},&quot;element_pack_global_tooltip_width_mobile&quot;:{&quot;unit&quot;:&quot;px&quot;,&quot;size&quot;:&quot;&quot;,&quot;sizes&quot;:[]},&quot;element_pack_global_tooltip_padding&quot;:{&quot;unit&quot;:&quot;px&quot;,&quot;top&quot;:&quot;&quot;,&quot;right&quot;:&quot;&quot;,&quot;bottom&quot;:&quot;&quot;,&quot;left&quot;:&quot;&quot;,&quot;isLinked&quot;:true},&quot;element_pack_global_tooltip_padding_tablet&quot;:{&quot;unit&quot;:&quot;px&quot;,&quot;top&quot;:&quot;&quot;,&quot;right&quot;:&quot;&quot;,&quot;bottom&quot;:&quot;&quot;,&quot;left&quot;:&quot;&quot;,&quot;isLinked&quot;:true},&quot;element_pack_global_tooltip_padding_mobile&quot;:{&quot;unit&quot;:&quot;px&quot;,&quot;top&quot;:&quot;&quot;,&quot;right&quot;:&quot;&quot;,&quot;bottom&quot;:&quot;&quot;,&quot;left&quot;:&quot;&quot;,&quot;isLinked&quot;:true},&quot;element_pack_global_tooltip_border_radius&quot;:{&quot;unit&quot;:&quot;px&quot;,&quot;top&quot;:&quot;&quot;,&quot;right&quot;:&quot;&quot;,&quot;bottom&quot;:&quot;&quot;,&quot;left&quot;:&quot;&quot;,&quot;isLinked&quot;:true},&quot;element_pack_global_tooltip_border_radius_tablet&quot;:{&quot;unit&quot;:&quot;px&quot;,&quot;top&quot;:&quot;&quot;,&quot;right&quot;:&quot;&quot;,&quot;bottom&quot;:&quot;&quot;,&quot;left&quot;:&quot;&quot;,&quot;isLinked&quot;:true},&quot;element_pack_global_tooltip_border_radius_mobile&quot;:{&quot;unit&quot;:&quot;px&quot;,&quot;top&quot;:&quot;&quot;,&quot;right&quot;:&quot;&quot;,&quot;bottom&quot;:&quot;&quot;,&quot;left&quot;:&quot;&quot;,&quot;isLinked&quot;:true}}\">\n\t\t\t\t<div class=\"elementor-element elementor-element-4656f97 e-flex e-con-boxed e-con e-parent\" data-id=\"4656f97\" data-element_type=\"container\">\n\t\t\t\t\t<div class=\"e-con-inner\">\n\t\t\t\t<div class=\"elementor-element elementor-element-78e8233 elementor-widget elementor-widget-text-editor\" data-id=\"78e8233\" data-element_type=\"widget\" data-widget_type=\"text-editor.default\">\n\t\t\t\t<div class=\"elementor-widget-container\">\n\t\t\t\t\t\t\t\t\t<p>O Programa de P\u00f3s-Gradua\u00e7\u00e3o em Cirurgia Tor\u00e1cica e Cardiovascular, Senso Estrito, da Faculdade de Medicina da Universidade de S\u00e3o Paulo, com o objetivo de fomentar a forma\u00e7\u00e3o intelectual e a produ\u00e7\u00e3o de conhecimento nas \u00e1reas do saber envolvidas pela sua \u00e1rea de concentra\u00e7\u00e3o. Este programa tem como sede o Instituto do Cora\u00e7\u00e3o do Hospital das Cl\u00ednicas da FMUSP e compreende um conjunto de atividades programadas, avan\u00e7adas e individualizadas, acompanhadas por orientador, que incluem e privilegiam o ensino e a pesquisa, procurando sempre a integra\u00e7\u00e3o do conhecimento. A exist\u00eancia de um Programa em Cirurgia Tor\u00e1cica e Cardiovascular se justifica por ser o Instituto do Cora\u00e7\u00e3o um segmento aut\u00f4nomo dentro da Faculdade de Medicina da USP, desenvolvendo atividades de pesquisa e doc\u00eancia espec\u00edficas, com grande penetra\u00e7\u00e3o nacional e internacional.<\/p><p>Para atingir estes objetivos, o Programa de P\u00f3s-Gradua\u00e7\u00e3o em Cirurgia Tor\u00e1cica e Cardiovascular recebe como alunos, profissionais graduados em medicina e indiv\u00edduos graduados em outras \u00e1reas afins, que tenham v\u00ednculos ou sejam enviados por institui\u00e7\u00f5es universit\u00e1rias e n\u00e3o universit\u00e1rias, ligadas ao Sistema de Sa\u00fade ou a centros de pesquisa e ensino, com interesse em desenvolver projetos em sua \u00e1rea de conhecimento. Ao t\u00e9rmino do Curso, ap\u00f3s aprova\u00e7\u00e3o nas disciplinas, exame geral de qualifica\u00e7\u00e3o e na defesa de tese, o aluno recebe o titulo de Doutor em Ci\u00eancias pela Faculdade de Medicina da USP, na \u00e1rea de concentra\u00e7\u00e3o em Cirurgia Tor\u00e1cica e Cardiovascular.<\/p><h2>Hist\u00f3rico<\/h2><p>O Programa de P\u00f3s-Gradua\u00e7\u00e3o em Cirurgia Tor\u00e1cica e Cardiovascular, Senso Estrito, da Faculdade de Medicina da Universidade de S\u00e3o Paulo (FMUSP) iniciou suas atividades em 1990, com o objetivo de fomentar a forma\u00e7\u00e3o intelectual e a produ\u00e7\u00e3o de conhecimento nas \u00e1reas do saber envolvidas em sua \u00e1rea de concentra\u00e7\u00e3o, tendo graduado mais de 150 pesquisadores em n\u00edvel de Doutorado em sua hist\u00f3ria.<br \/>Durante a sua exist\u00eancia, o Programa de P\u00f3s-Gradua\u00e7\u00e3o em Cirurgia Tor\u00e1cica e Cardiovascular da FMUSP tem sido modificado de acordo com as orienta\u00e7\u00f5es das Comiss\u00f5es de Avalia\u00e7\u00e3o da CAPES e com o planejamento estrat\u00e9gico da institui\u00e7\u00e3o. Neste sentido, as Comiss\u00f5es Coordenadoras, juntamente com os seus docentes, t\u00eam trabalhado na dire\u00e7\u00e3o do cont\u00ednuo aprimoramento do Programa, tendo como metas: a manuten\u00e7\u00e3o de corpo docente de alta qualifica\u00e7\u00e3o; a organiza\u00e7\u00e3o da atividade de pesquisa em linhas de pesquisa bem definidas e na vanguarda do conhecimento; o incentivo \u00e0 perman\u00eancia dos p\u00f3s-graduandos no Servi\u00e7o, com efetiva participa\u00e7\u00e3o nas pesquisas desenvolvidas; a estrutura\u00e7\u00e3o de disciplinas com \u00eanfase nos temas voltados \u00e0 forma\u00e7\u00e3o docente e de pesquisa; a produ\u00e7\u00e3o intelectual qualificada vinculada \u00e0s teses defendidas e a progressiva internacionaliza\u00e7\u00e3o de suas atividades.<br \/>Na busca desses objetivos, promoveram-se v\u00e1rias a\u00e7\u00f5es: incorpora\u00e7\u00e3o de novos docentes com linhas de pesquisa definidas e comprovada produ\u00e7\u00e3o cient\u00edfica; estabelecimento de reuni\u00f5es peri\u00f3dicas com os orientadores, para promover o fortalecimento das linhas de pesquisa e o adequado seguimento do projeto de tese dos p\u00f3s-graduandos; rigoroso processo de sele\u00e7\u00e3o dos p\u00f3s-graduandos pela Comiss\u00e3o Coordenadora do Programa, com an\u00e1lise cuidadosa do projeto de tese quanto ao m\u00e9rito cient\u00edfico e exequibilidade; abertura e incentivo de inscri\u00e7\u00e3o para profissionais n\u00e3o m\u00e9dicos; reestrutura\u00e7\u00e3o da grade curricular com amplia\u00e7\u00e3o do n\u00facleo de disciplinas obrigat\u00f3rias; incentivo a participa\u00e7\u00e3o de alunos de inicia\u00e7\u00e3o cient\u00edfica junto com os docentes em seus laborat\u00f3rios de pesquisa; e amplia\u00e7\u00e3o da capacidade de capta\u00e7\u00e3o de recursos junto aos \u00f3rg\u00e3os de fomento pelos orientadores.<br \/>Estas a\u00e7\u00f5es resultaram em expressivo ganho de qualidade, colocando o Programa em uma s\u00f3lida posi\u00e7\u00e3o em sua \u00e1rea de atua\u00e7\u00e3o, situa\u00e7\u00e3o que justificou a obten\u00e7\u00e3o do Conceito 5 junto \u00e0 CAPES, em dois tri\u00eanios consecutivos. Nos dois \u00faltimos per\u00edodos de avalia\u00e7\u00e3o, o Programa se manteve na trajet\u00f3ria estabelecida, contando com 12 docentes permanentes, todos com relevante e reconhecida atua\u00e7\u00e3o em suas \u00e1reas de conhecimento e com tr\u00eas a quatro docentes colaboradores. As atividades docentes de orienta\u00e7\u00e3o e de pesquisa foram desempenhadas de maneira equilibrada entre todos os membros do corpo docente, destacando-se o fato de que todos atuaram como orientadores na P\u00f3s-Gradua\u00e7\u00e3o e que todos os docentes permanentes tiveram alunos de inicia\u00e7\u00e3o cient\u00edfica sob sua orienta\u00e7\u00e3o. No entanto, a Comit\u00ea de Avalia\u00e7\u00e3o da \u00c1rea da Medicina III entendeu que o Programa ficou aqu\u00e9m das metas estabelecidas para a manuten\u00e7\u00e3o da nota 5, passando a ser qualificado com a nota 4 pela CAPES.<br \/>Para o quadri\u00eanio atual, o Programa de Cirurgia Tor\u00e1cica e Cardiovascular da FMUSP estabeleceu novas metas com o objetivo de voltar a ocupar um lugar de destaque no sistema nacional de P\u00f3s-Gradua\u00e7\u00e3o e de tamb\u00e9m atingir um n\u00edvel de excel\u00eancia no \u00e2mbito da internacionaliza\u00e7\u00e3o. Estas metas inclu\u00edram ampla reformula\u00e7\u00e3o do corpo de docentes permanentes, maior incentivo a participa\u00e7\u00e3o de coorientadores nos projetos relacionados \u00e0s Teses do Programa, amplia\u00e7\u00e3o dos Programas de P\u00f3s-Doutorado e de Inicia\u00e7\u00e3o Cient\u00edfica, amplia\u00e7\u00e3o da participa\u00e7\u00e3o discente na produ\u00e7\u00e3o intelectual, prioriza\u00e7\u00e3o das publica\u00e7\u00f5es em peri\u00f3dicos da maior impacto, amplia\u00e7\u00e3o da capta\u00e7\u00e3o de recursos pelos docentes e efetiva internacionaliza\u00e7\u00e3o das atividades de forma\u00e7\u00e3o e pesquisa vinculadas ao Programa.<br \/>Como resultado, o corpo docente do Programa contou com a renova\u00e7\u00e3o de mais de 40% de seu efetivo. Foram inclu\u00eddos seis novos docentes permanentes, sendo observada a finaliza\u00e7\u00e3o da atua\u00e7\u00e3o de outros cinco docentes permanentes em atividade no per\u00edodo anterior. Completaram o corpo docente atual, tr\u00eas docentes colaboradores. O \u00edndice H dos docentes permanentes que est\u00e3o atualmente no Programa varia entre 9 e 30, com mediana de 15, de acordo com o plataforma Scopus. Todos os docentes permanentes atuaram na orienta\u00e7\u00e3o de pelo menos dois alunos de Doutorado e aqueles com atua\u00e7\u00e3o durante todo o per\u00edodo do quadri\u00eanio tamb\u00e9m orientaram alunos de inicia\u00e7\u00e3o cient\u00edfica. Sete docentes permanentes s\u00e3o supervisores de programas de P\u00f3s-Doutorado. Entre os alunos de Doutorado que frequentaram o Programa neste quadri\u00eanio, quatro tiveram participantes externos nacionais como coorientadores e sete tiveram a coorienta\u00e7\u00e3o de participantes estrangeiros, sendo cinco deles em Programa de Dupla-titula\u00e7\u00e3o. Finalmente, destacam-se os \u00edndices obtidos com rela\u00e7\u00e3o \u00e0s atividades de forma\u00e7\u00e3o discente e o n\u00edvel de internacionaliza\u00e7\u00e3o obtido neste quadri\u00eanio, aspectos que sinalizam positivamente para a continuidade de crescimento futuro do Programa.<br \/>De acordo com sua miss\u00e3o e metas estabelecidas, o Programa de P\u00f3s-Gradua\u00e7\u00e3o em Cirurgia Tor\u00e1cica e Cardiovascular tem proporcionado forma\u00e7\u00e3o intelectual de qualidade em n\u00edvel de Doutorado e nuclea\u00e7\u00e3o de profissionais m\u00e9dicos e das \u00e1reas da sa\u00fade e de ci\u00eancias biol\u00f3gicas em diversas institui\u00e7\u00f5es de ensino e pesquisa nacionais e internacionais, bem como atuado na produ\u00e7\u00e3o de conhecimento cient\u00edfico qualificado, com efetiva colabora\u00e7\u00e3o internacional, em temas relacionados \u00e0 sua \u00e1rea de concentra\u00e7\u00e3o.<\/p>\t\t\t\t\t\t\t\t<\/div>\n\t\t\t\t<\/div>\n\t\t\t\t\t<\/div>\n\t\t\t\t<\/div>\n\t\t\t\t<\/div>\n\t\t","protected":false},"excerpt":{"rendered":"<p>O Programa de P\u00f3s-Gradua\u00e7\u00e3o em Cirurgia Tor\u00e1cica e Cardiovascular, Senso Estrito, da Faculdade de Medicina da Universidade de S\u00e3o Paulo, com o [&hellip;]<\/p>\n","protected":false},"author":1,"featured_media":0,"parent":0,"menu_order":0,"comment_status":"closed","ping_status":"closed","template":"","meta":{"footnotes":""},"class_list":["post-578","page","type-page","status-publish","hentry"],"lang":"pt","translations":{"pt":578,"es":5352},"pll_sync_post":[],"_links":{"self":[{"href":"https:\/\/pgcirurgia.incor.usp.br\/index.php\/wp-json\/wp\/v2\/pages\/578","targetHints":{"allow":["GET"]}}],"collection":[{"href":"https:\/\/pgcirurgia.incor.usp.br\/index.php\/wp-json\/wp\/v2\/pages"}],"about":[{"href":"https:\/\/pgcirurgia.incor.usp.br\/index.php\/wp-json\/wp\/v2\/types\/page"}],"author":[{"embeddable":true,"href":"https:\/\/pgcirurgia.incor.usp.br\/index.php\/wp-json\/wp\/v2\/users\/1"}],"replies":[{"embeddable":true,"href":"https:\/\/pgcirurgia.incor.usp.br\/index.php\/wp-json\/wp\/v2\/comments?post=578"}],"version-history":[{"count":16,"href":"https:\/\/pgcirurgia.incor.usp.br\/index.php\/wp-json\/wp\/v2\/pages\/578\/revisions"}],"predecessor-version":[{"id":2188,"href":"https:\/\/pgcirurgia.incor.usp.br\/index.php\/wp-json\/wp\/v2\/pages\/578\/revisions\/2188"}],"wp:attachment":[{"href":"https:\/\/pgcirurgia.incor.usp.br\/index.php\/wp-json\/wp\/v2\/media?parent=578"}],"curies":[{"name":"wp","href":"https:\/\/api.w.org\/{rel}","templated":true}]}}