{"id":5352,"date":"2025-12-15T14:32:17","date_gmt":"2025-12-15T17:32:17","guid":{"rendered":"https:\/\/pgcirurgia.incor.usp.br\/?page_id=5352"},"modified":"2025-12-15T14:34:06","modified_gmt":"2025-12-15T17:34:06","slug":"objetivos-generales","status":"publish","type":"page","link":"https:\/\/pgcirurgia.incor.usp.br\/index.php\/es\/objetivos-generales\/","title":{"rendered":"Objetivos generales"},"content":{"rendered":"\t\t<div data-elementor-type=\"wp-page\" data-elementor-id=\"5352\" class=\"elementor elementor-5352\" data-elementor-settings=\"{&quot;element_pack_global_tooltip_width&quot;:{&quot;unit&quot;:&quot;px&quot;,&quot;size&quot;:&quot;&quot;,&quot;sizes&quot;:[]},&quot;element_pack_global_tooltip_width_tablet&quot;:{&quot;unit&quot;:&quot;px&quot;,&quot;size&quot;:&quot;&quot;,&quot;sizes&quot;:[]},&quot;element_pack_global_tooltip_width_mobile&quot;:{&quot;unit&quot;:&quot;px&quot;,&quot;size&quot;:&quot;&quot;,&quot;sizes&quot;:[]},&quot;element_pack_global_tooltip_padding&quot;:{&quot;unit&quot;:&quot;px&quot;,&quot;top&quot;:&quot;&quot;,&quot;right&quot;:&quot;&quot;,&quot;bottom&quot;:&quot;&quot;,&quot;left&quot;:&quot;&quot;,&quot;isLinked&quot;:true},&quot;element_pack_global_tooltip_padding_tablet&quot;:{&quot;unit&quot;:&quot;px&quot;,&quot;top&quot;:&quot;&quot;,&quot;right&quot;:&quot;&quot;,&quot;bottom&quot;:&quot;&quot;,&quot;left&quot;:&quot;&quot;,&quot;isLinked&quot;:true},&quot;element_pack_global_tooltip_padding_mobile&quot;:{&quot;unit&quot;:&quot;px&quot;,&quot;top&quot;:&quot;&quot;,&quot;right&quot;:&quot;&quot;,&quot;bottom&quot;:&quot;&quot;,&quot;left&quot;:&quot;&quot;,&quot;isLinked&quot;:true},&quot;element_pack_global_tooltip_border_radius&quot;:{&quot;unit&quot;:&quot;px&quot;,&quot;top&quot;:&quot;&quot;,&quot;right&quot;:&quot;&quot;,&quot;bottom&quot;:&quot;&quot;,&quot;left&quot;:&quot;&quot;,&quot;isLinked&quot;:true},&quot;element_pack_global_tooltip_border_radius_tablet&quot;:{&quot;unit&quot;:&quot;px&quot;,&quot;top&quot;:&quot;&quot;,&quot;right&quot;:&quot;&quot;,&quot;bottom&quot;:&quot;&quot;,&quot;left&quot;:&quot;&quot;,&quot;isLinked&quot;:true},&quot;element_pack_global_tooltip_border_radius_mobile&quot;:{&quot;unit&quot;:&quot;px&quot;,&quot;top&quot;:&quot;&quot;,&quot;right&quot;:&quot;&quot;,&quot;bottom&quot;:&quot;&quot;,&quot;left&quot;:&quot;&quot;,&quot;isLinked&quot;:true}}\">\n\t\t\t\t<div class=\"elementor-element elementor-element-4656f97 e-flex e-con-boxed e-con e-parent\" data-id=\"4656f97\" data-element_type=\"container\">\n\t\t\t\t\t<div class=\"e-con-inner\">\n\t\t\t\t<div class=\"elementor-element elementor-element-78e8233 elementor-widget elementor-widget-text-editor\" data-id=\"78e8233\" data-element_type=\"widget\" data-widget_type=\"text-editor.default\">\n\t\t\t\t<div class=\"elementor-widget-container\">\n\t\t\t\t\t\t\t\t\t<p>El Programa de Posgrado en Cirug\u00eda Tor\u00e1cica y Cardiovascular, Sentido Estricto, de la Facultad de Medicina de la Universidad de S\u00e3o Paulo, tiene como objetivo fomentar el desarrollo intelectual y la producci\u00f3n de conocimiento en las \u00e1reas de especializaci\u00f3n de su \u00e1rea de concentraci\u00f3n. Este programa tiene su sede en el Instituto del Coraz\u00f3n del Hospital de Cl\u00ednicas de la FMUSP y comprende un conjunto de actividades programadas, avanzadas e individualizadas, supervisadas por un mentor, que incluyen y priorizan la docencia y la investigaci\u00f3n, buscando siempre la integraci\u00f3n de conocimientos. La existencia de un Programa de Cirug\u00eda Tor\u00e1cica y Cardiovascular se justifica por el hecho de que el Instituto del Coraz\u00f3n es un segmento aut\u00f3nomo dentro de la Facultad de Medicina de la USP, que desarrolla actividades espec\u00edficas de investigaci\u00f3n y docencia con un importante alcance nacional e internacional.<\/p><p>Para alcanzar estos objetivos, el Programa de Posgrado en Cirug\u00eda Tor\u00e1cica y Cardiovascular acepta como estudiantes a profesionales con t\u00edtulo en medicina y a personas con t\u00edtulos en otras \u00e1reas afines, afiliados o enviados por instituciones universitarias y no universitarias vinculadas al Sistema de Salud o centros de investigaci\u00f3n y docencia, con inter\u00e9s en desarrollar proyectos en su \u00e1rea de especializaci\u00f3n. Al finalizar el curso, despu\u00e9s de aprobar las asignaturas, el examen general de calificaci\u00f3n y la defensa de la tesis, el estudiante recibe el t\u00edtulo de Doctor en Ciencias de la Facultad de Medicina de la USP, en el \u00e1rea de concentraci\u00f3n en Cirug\u00eda Tor\u00e1cica y Cardiovascular.<\/p><h2>Historia<\/h2><p>El Programa de Posgrado en Cirug\u00eda Tor\u00e1cica y Cardiovascular, Sentido Estricto, de la Facultad de Medicina de la Universidad de S\u00e3o Paulo (FMUSP) inici\u00f3 sus actividades en 1990 con el objetivo de fomentar la formaci\u00f3n intelectual y la producci\u00f3n de conocimiento en las \u00e1reas de su especialidad, habiendo formado a m\u00e1s de 150 investigadores a nivel de Doctorado.<br \/>A lo largo de su trayectoria, el Programa de Posgrado en Cirug\u00eda Tor\u00e1cica y Cardiovascular de la FMUSP se ha ido modificando seg\u00fan las directrices de los Comit\u00e9s de Evaluaci\u00f3n de CAPES y la planificaci\u00f3n estrat\u00e9gica de la instituci\u00f3n. En este sentido, los Comit\u00e9s Coordinadores, junto con su profesorado, han trabajado por la mejora continua del Programa, con los siguientes objetivos: mantener un profesorado altamente cualificado; organizar la actividad de investigaci\u00f3n en l\u00edneas de investigaci\u00f3n bien definidas y de vanguardia; incentivar la permanencia de los estudiantes de posgrado en el Servicio, con participaci\u00f3n efectiva en la investigaci\u00f3n desarrollada; la estructuraci\u00f3n de disciplinas con \u00e9nfasis en temas centrados en la formaci\u00f3n docente y la investigaci\u00f3n; la producci\u00f3n intelectual cualificada vinculada a las tesis defendidas y la progresiva internacionalizaci\u00f3n de sus actividades. Para alcanzar estos objetivos, se impulsaron diversas acciones: la incorporaci\u00f3n de nuevo profesorado con l\u00edneas de investigaci\u00f3n definidas y producci\u00f3n cient\u00edfica comprobada; el establecimiento de reuniones peri\u00f3dicas con los asesores para promover el fortalecimiento de las l\u00edneas de investigaci\u00f3n y el seguimiento adecuado de los proyectos de tesis de los estudiantes de posgrado; un riguroso proceso de selecci\u00f3n de estudiantes de posgrado por parte del Comit\u00e9 Coordinador del Programa, con un an\u00e1lisis minucioso del proyecto de tesis en cuanto a m\u00e9rito cient\u00edfico y viabilidad; la apertura y el fomento de la matr\u00edcula para profesionales no m\u00e9dicos; la reestructuraci\u00f3n del curr\u00edculo con la ampliaci\u00f3n del n\u00facleo de disciplinas obligatorias; el fomento de la participaci\u00f3n de estudiantes de investigaci\u00f3n de pregrado junto con el profesorado en sus laboratorios de investigaci\u00f3n; y la ampliaci\u00f3n de la capacidad de los asesores para la captaci\u00f3n de fondos de agencias de financiaci\u00f3n.<\/p><p>Estas acciones resultaron en una mejora significativa de la calidad, consolidando al Programa en su campo, situaci\u00f3n que justific\u00f3 la obtenci\u00f3n de la calificaci\u00f3n Concepto 5 de CAPES en dos trienios consecutivos. En los dos \u00faltimos per\u00edodos de evaluaci\u00f3n, el Programa mantuvo su trayectoria establecida, con 12 profesores titulares, todos con experiencia relevante y reconocida en sus \u00e1reas de conocimiento, y entre tres y cuatro profesores colaboradores. Las actividades de supervisi\u00f3n docente e investigaci\u00f3n se llevaron a cabo de forma equilibrada entre todo el profesorado, destacando que todos actuaron como supervisores en programas de posgrado y que todos los profesores titulares tuvieron estudiantes de investigaci\u00f3n de pregrado bajo su supervisi\u00f3n. Sin embargo, la Comisi\u00f3n de Evaluaci\u00f3n del \u00c1rea de Medicina III consider\u00f3 que el Programa no cumpl\u00eda con las metas establecidas para mantener la calificaci\u00f3n de 5, por lo que recibi\u00f3 una calificaci\u00f3n de 4 por parte de CAPES.<\/p><p>Para el actual cuatrienio, el Programa de Cirug\u00eda Tor\u00e1cica y Cardiovascular de la FMUSP ha establecido nuevas metas con el objetivo de recuperar un lugar destacado en el sistema nacional de posgrado y alcanzar un nivel de excelencia en el \u00e1mbito de la internacionalizaci\u00f3n. Estas metas incluyeron una amplia reestructuraci\u00f3n del profesorado titular, un mayor incentivo a la participaci\u00f3n de codirectores en proyectos relacionados con las tesis del Programa, la expansi\u00f3n de los Programas de Posdoctorado y de Iniciaci\u00f3n Cient\u00edfica, una mayor participaci\u00f3n estudiantil en la producci\u00f3n intelectual, la priorizaci\u00f3n de publicaciones en revistas de mayor impacto, el aumento de la recaudaci\u00f3n de fondos por parte del profesorado y la internacionalizaci\u00f3n efectiva de las actividades de formaci\u00f3n e investigaci\u00f3n vinculadas al Programa.<\/p><p>Como resultado, el profesorado del Programa vio una renovaci\u00f3n de m\u00e1s del 40% de su personal. Se incorporaron seis nuevos profesores titulares, y se observ\u00f3 que el trabajo de otros cinco profesores titulares que estaban activos en el per\u00edodo anterior hab\u00eda finalizado. Tres profesores colaboradores completaron el profesorado actual. El \u00edndice H del profesorado titular actualmente en el Programa var\u00eda de 9 a 30, con una mediana de 15, seg\u00fan la plataforma Scopus. Todos los profesores titulares supervisaron al menos a dos estudiantes de doctorado, y aquellos que estuvieron activos durante el per\u00edodo de cuatro a\u00f1os tambi\u00e9n supervisaron a estudiantes de investigaci\u00f3n de pregrado. Siete profesores titulares son supervisores de programas postdoctorales. Entre los estudiantes de doctorado que asistieron al Programa durante este per\u00edodo de cuatro a\u00f1os, cuatro tuvieron participantes externos nacionales como co-supervisores, y siete tuvieron co-supervisi\u00f3n de participantes extranjeros, cinco de los cuales estaban en un Programa de Doble Titulaci\u00f3n. Finalmente, son destacables los \u00edndices obtenidos en relaci\u00f3n con las actividades de formaci\u00f3n de los estudiantes y el nivel de internacionalizaci\u00f3n. Los logros obtenidos en este cuatrienio son aspectos que indican positivamente el continuo crecimiento futuro del Programa.<br \/>De acuerdo con su misi\u00f3n y objetivos, el Programa de Posgrado en Cirug\u00eda Tor\u00e1cica y Cardiovascular ha proporcionado una formaci\u00f3n intelectual de calidad a nivel de Doctorado y ha impulsado el desarrollo de profesionales m\u00e9dicos y de las ciencias de la salud y biol\u00f3gicas en diversas instituciones nacionales e internacionales de docencia e investigaci\u00f3n, adem\u00e1s de contribuir a la producci\u00f3n de conocimiento cient\u00edfico cualificado, con una eficaz colaboraci\u00f3n internacional, en temas relacionados con su \u00e1rea de especializaci\u00f3n.<\/p>\t\t\t\t\t\t\t\t<\/div>\n\t\t\t\t<\/div>\n\t\t\t\t\t<\/div>\n\t\t\t\t<\/div>\n\t\t\t\t<\/div>\n\t\t","protected":false},"excerpt":{"rendered":"<p>El Programa de Posgrado en Cirug\u00eda Tor\u00e1cica y Cardiovascular, Sentido Estricto, de la Facultad de Medicina de la Universidad de S\u00e3o Paulo, [&hellip;]<\/p>\n","protected":false},"author":4,"featured_media":0,"parent":0,"menu_order":0,"comment_status":"closed","ping_status":"closed","template":"","meta":{"footnotes":""},"class_list":["post-5352","page","type-page","status-publish","hentry"],"lang":"es","translations":{"es":5352,"pt":578},"pll_sync_post":[],"_links":{"self":[{"href":"https:\/\/pgcirurgia.incor.usp.br\/index.php\/wp-json\/wp\/v2\/pages\/5352","targetHints":{"allow":["GET"]}}],"collection":[{"href":"https:\/\/pgcirurgia.incor.usp.br\/index.php\/wp-json\/wp\/v2\/pages"}],"about":[{"href":"https:\/\/pgcirurgia.incor.usp.br\/index.php\/wp-json\/wp\/v2\/types\/page"}],"author":[{"embeddable":true,"href":"https:\/\/pgcirurgia.incor.usp.br\/index.php\/wp-json\/wp\/v2\/users\/4"}],"replies":[{"embeddable":true,"href":"https:\/\/pgcirurgia.incor.usp.br\/index.php\/wp-json\/wp\/v2\/comments?post=5352"}],"version-history":[{"count":4,"href":"https:\/\/pgcirurgia.incor.usp.br\/index.php\/wp-json\/wp\/v2\/pages\/5352\/revisions"}],"predecessor-version":[{"id":5356,"href":"https:\/\/pgcirurgia.incor.usp.br\/index.php\/wp-json\/wp\/v2\/pages\/5352\/revisions\/5356"}],"wp:attachment":[{"href":"https:\/\/pgcirurgia.incor.usp.br\/index.php\/wp-json\/wp\/v2\/media?parent=5352"}],"curies":[{"name":"wp","href":"https:\/\/api.w.org\/{rel}","templated":true}]}}