{"id":5321,"date":"2025-12-15T14:06:36","date_gmt":"2025-12-15T17:06:36","guid":{"rendered":"https:\/\/pgcirurgia.incor.usp.br\/?page_id=5321"},"modified":"2025-12-15T14:14:10","modified_gmt":"2025-12-15T17:14:10","slug":"formularios","status":"publish","type":"page","link":"https:\/\/pgcirurgia.incor.usp.br\/index.php\/es\/formularios\/","title":{"rendered":"Formularios"},"content":{"rendered":"\t\t<div data-elementor-type=\"wp-page\" data-elementor-id=\"5321\" class=\"elementor elementor-5321\" data-elementor-settings=\"{&quot;element_pack_global_tooltip_width&quot;:{&quot;unit&quot;:&quot;px&quot;,&quot;size&quot;:&quot;&quot;,&quot;sizes&quot;:[]},&quot;element_pack_global_tooltip_width_tablet&quot;:{&quot;unit&quot;:&quot;px&quot;,&quot;size&quot;:&quot;&quot;,&quot;sizes&quot;:[]},&quot;element_pack_global_tooltip_width_mobile&quot;:{&quot;unit&quot;:&quot;px&quot;,&quot;size&quot;:&quot;&quot;,&quot;sizes&quot;:[]},&quot;element_pack_global_tooltip_padding&quot;:{&quot;unit&quot;:&quot;px&quot;,&quot;top&quot;:&quot;&quot;,&quot;right&quot;:&quot;&quot;,&quot;bottom&quot;:&quot;&quot;,&quot;left&quot;:&quot;&quot;,&quot;isLinked&quot;:true},&quot;element_pack_global_tooltip_padding_tablet&quot;:{&quot;unit&quot;:&quot;px&quot;,&quot;top&quot;:&quot;&quot;,&quot;right&quot;:&quot;&quot;,&quot;bottom&quot;:&quot;&quot;,&quot;left&quot;:&quot;&quot;,&quot;isLinked&quot;:true},&quot;element_pack_global_tooltip_padding_mobile&quot;:{&quot;unit&quot;:&quot;px&quot;,&quot;top&quot;:&quot;&quot;,&quot;right&quot;:&quot;&quot;,&quot;bottom&quot;:&quot;&quot;,&quot;left&quot;:&quot;&quot;,&quot;isLinked&quot;:true},&quot;element_pack_global_tooltip_border_radius&quot;:{&quot;unit&quot;:&quot;px&quot;,&quot;top&quot;:&quot;&quot;,&quot;right&quot;:&quot;&quot;,&quot;bottom&quot;:&quot;&quot;,&quot;left&quot;:&quot;&quot;,&quot;isLinked&quot;:true},&quot;element_pack_global_tooltip_border_radius_tablet&quot;:{&quot;unit&quot;:&quot;px&quot;,&quot;top&quot;:&quot;&quot;,&quot;right&quot;:&quot;&quot;,&quot;bottom&quot;:&quot;&quot;,&quot;left&quot;:&quot;&quot;,&quot;isLinked&quot;:true},&quot;element_pack_global_tooltip_border_radius_mobile&quot;:{&quot;unit&quot;:&quot;px&quot;,&quot;top&quot;:&quot;&quot;,&quot;right&quot;:&quot;&quot;,&quot;bottom&quot;:&quot;&quot;,&quot;left&quot;:&quot;&quot;,&quot;isLinked&quot;:true}}\">\n\t\t\t\t<div class=\"elementor-element elementor-element-4656f97 e-flex e-con-boxed e-con e-parent\" data-id=\"4656f97\" data-element_type=\"container\" data-e-type=\"container\">\n\t\t\t\t\t<div class=\"e-con-inner\">\n\t\t\t\t<div class=\"elementor-element elementor-element-78e8233 elementor-widget elementor-widget-text-editor\" data-id=\"78e8233\" data-element_type=\"widget\" data-e-type=\"widget\" data-widget_type=\"text-editor.default\">\n\t\t\t\t<div class=\"elementor-widget-container\">\n\t\t\t\t\t\t\t\t\t<h3 style=\"text-align: center;\">**No incluya la fecha en los formularios de inscripci\u00f3n y matriculaci\u00f3n.**<\/h3><p><strong>ENLACE PARA INSCRIPCI\u00d3N E MATR\u00cdCULA:<\/strong> <a href=\"https:\/\/digital.fm.usp.br\/alunoregular\" target=\"_blank\" rel=\"noopener\">https:\/\/digital.fm.usp.br\/alunoregular<\/a><\/p><p><strong>INSCRIPCI\u00d3N<\/strong><\/p><ul><li><a href=\"https:\/\/pgcirurgia.incor.usp.br\/wp-content\/uploads\/2025\/05\/FORMULARIO_DE_INSCRICAO_ATUAL.docx\" target=\"_blank\" rel=\"noopener\">Formul\u00e1rio de Inscri\u00e7\u00e3o<\/a><\/li><\/ul><p><strong>MATR\u00cdCULA<\/strong><\/p><ul><li><a title=\"matrcula_inicial_aluno_novo\" href=\"https:\/\/pgcirurgia.incor.usp.br\/wp-content\/uploads\/2025\/05\/Matricula_Inicial_Aluno_Novo__Atualizado_em_22072016.doc\" target=\"_blank\" rel=\"noopener noreferrer\">Matr\u00edcula Inicial Aluno Novo<\/a><\/li><li><a title=\"matrcula_aluno_regularmente_matriculado\" href=\"https:\/\/pgcirurgia.incor.usp.br\/wp-content\/uploads\/2025\/05\/matrcula_aluno_regularmente_matriculado.doc\" target=\"_blank\" rel=\"noopener noreferrer\">Matr\u00edcula em disciplina aluno regularmente matriculado<\/a><\/li><li><a title=\"matrcula_de_aluno_especial\" href=\"https:\/\/pgcirurgia.incor.usp.br\/wp-content\/uploads\/2025\/05\/matrcula_de_aluno_especial.doc\" target=\"_blank\" rel=\"noopener noreferrer\">Matr\u00edcula de aluno especial<\/a><\/li><li>Comprovante de Vacina\u00e7\u00e3o Covid 19<\/li><li><a href=\"https:\/\/prip.usp.br\/transporte\/\" target=\"_blank\" rel=\"noopener\">Instru\u00e7\u00f5es para solicita\u00e7\u00e3o de passe escolar (SP Trans)<\/a>\u00a0<\/li><li><a href=\"https:\/\/pgcirurgia.incor.usp.br\/wp-content\/uploads\/2025\/05\/Formularios_Formulario_bilhete_escolar.27.03.2019.docx\" target=\"_blank\" rel=\"noopener\">Formul\u00e1rio bilhete escolar<\/a><\/li><li><a href=\"https:\/\/pgcirurgia.incor.usp.br\/wp-content\/uploads\/2025\/05\/Solicitacao_de_acesso_ao_HC-FMUSP.pdf\" target=\"_blank\" rel=\"noopener\">Solicita\u00e7\u00e3o de acesso ao SIGH<\/a><\/li><li><a href=\"https:\/\/pgcirurgia.incor.usp.br\/wp-content\/uploads\/2025\/05\/HCNOT_2024_edicao_extra_marco_2024.pdf\" target=\"_blank\" rel=\"noopener\">Presta\u00e7\u00e3o de Servi\u00e7os Volunt\u00e1rios<\/a> (Actividad espont\u00e1nea, no remunerada, prestada al HCFMUSP por una persona f\u00edsica, que no genera una relaci\u00f3n laboral ni de seguridad social, y clasificada como: profesional de la salud, profesional no cl\u00ednico, investigaci\u00f3n, acciones ecum\u00e9nicas y sociales)<\/li><li><a title=\"termo_de_comprimisso_de_acesso_ao_si3_alunos_de_ps-graduao\" href=\"https:\/\/pgcirurgia.incor.usp.br\/wp-content\/uploads\/2025\/05\/termo_de_comprimisso_de_acesso_ao_si3_alunos_de_ps-graduao-2019-2.doc\" target=\"_blank\" rel=\"noopener noreferrer\">Termo de compromisso de acesso ao SI3 alunos de p\u00f3s-gradua\u00e7\u00e3o<\/a> (Obligatorio para estudiantes que utilizar\u00e1n SI3)<\/li><li><a href=\"https:\/\/pgcirurgia.incor.usp.br\/wp-content\/uploads\/2025\/05\/ATUALI__Declaracao_de_ciencia_das_normas_-_cirurgia.doc\" target=\"_blank\" rel=\"noopener\">Declara\u00e7\u00e3o de Ci\u00eancia das Normas-Cirurgia<\/a><\/li><li><a href=\"https:\/\/pgcirurgia.incor.usp.br\/wp-content\/uploads\/2025\/05\/ATUALI_Termo_compromisso_cirurgia.doc\" target=\"_blank\" rel=\"noopener\">Termo de compromisso de publica\u00e7\u00e3o da tese<\/a><\/li><li><a href=\"https:\/\/pgcirurgia.incor.usp.br\/wp-content\/uploads\/2025\/11\/ATUALI_disciplinas-obrigatorias_cirurgia.doc\">Atividades e disciplinas obrigat\u00f3rias<\/a><\/li><li><a href=\"https:\/\/pgcirurgia.incor.usp.br\/wp-content\/uploads\/2025\/05\/Formulario_projeto_pesquisa_atualizado_em_12022021-1.docx\" target=\"_blank\" rel=\"noopener\">Formul\u00e1rio Projeto de pesquisa<\/a><\/li><li>Convenio de Subvenci\u00f3n para Proyecto de Tesis (obligatorio para proyectos con financiaci\u00f3n)<\/li><li><a href=\"https:\/\/pgcirurgia.incor.usp.br\/wp-content\/uploads\/2025\/05\/Formularios_Aceitacao_de_Titulo_de_Mestre.27.03.2019.docx\" target=\"_blank\" rel=\"noopener\">Aceita\u00e7\u00e3o do t\u00edtulo de mestre<\/a><\/li><\/ul><p><strong>***Las transferencias de cr\u00e9ditos para estudiantes inscritos como estudiantes especiales deben solicitarse al momento de la inscripci\u00f3n.<\/strong><\/p><p><strong>BECAS<\/strong><\/p><ul><li><a href=\"https:\/\/pgcirurgia.incor.usp.br\/wp-content\/uploads\/2025\/05\/Novo_Formulario_solicitacao_BOLSAS.doc\" target=\"_blank\" rel=\"noopener noreferrer\">Formul\u00e1rio de solicita\u00e7\u00e3o de bolsa<\/a><\/li><li><a href=\"https:\/\/pgcirurgia.incor.usp.br\/wp-content\/uploads\/2025\/05\/Criterios_e_requisitos_para_concessao_e_ou_renovacao_de_bolsas-Cirurgia-1.pdf\" target=\"_blank\" rel=\"noopener noreferrer\">Crit\u00e9rios e requisitos para concess\u00e3o de bolsas<\/a><\/li><li><a href=\"https:\/\/pgcirurgia.incor.usp.br\/wp-content\/uploads\/2025\/05\/TermodeCompromissoDS.pdf\" target=\"_blank\" rel=\"noopener\">Termo de compromisso de bolsa DS_NOVO<\/a><\/li><li><a href=\"https:\/\/pgcirurgia.incor.usp.br\/wp-content\/uploads\/2025\/05\/Declaracao_acumulos.pdf\" target=\"_blank\" rel=\"noopener noreferrer\">Declaracao de ac\u00famulos<\/a><\/li><\/ul><p><strong>PROGRAMA DE APERFEI\u00c7OAMENTO DE ENSINO<\/strong>\u00a0(<a href=\"https:\/\/www.fm.usp.br\/pae\/o-pae\/disciplina-de-preparacao-pedagogica\" target=\"_blank\" rel=\"noopener\">PAE<\/a>)<\/p><p><strong>SOLICITUD DE ESTUDIANTE &#8211; <a href=\"https:\/\/pgcirurgia.incor.usp.br\/wp-content\/uploads\/2025\/05\/Tutorial-_Requerimento_On_Line_FMUSP_ALUNOS.pdf\" target=\"_blank\" rel=\"noopener\">Tutorial de solicita\u00e7\u00e3o de requerimentos online<\/a><\/strong><\/p><p>Las solicitudes de: certificados de inscripci\u00f3n, transferencia de cr\u00e9ditos de cursos tomados fuera de la USP, transferencia de cr\u00e9ditos de cursos tomados en la USP, asignaci\u00f3n de cr\u00e9ditos especiales, cancelaci\u00f3n de inscripci\u00f3n y otras solicitudes (baja del Programa, extensi\u00f3n del plazo de presentaci\u00f3n e inscripci\u00f3n tard\u00eda para educaci\u00f3n continua) deben realizarse a trav\u00e9s de [nombre del sitio web\/plataforma]. <a href=\"https:\/\/uspdigital.usp.br\/janus\/componente\/autenticar.jsf\" target=\"_blank\" rel=\"noopener\">Sistema Janus<\/a>. A continuaci\u00f3n se presentan los formularios necesarios para las solicitudes realizadas a trav\u00e9s del sistema:<\/p><ul><li><a href=\"https:\/\/pgcirurgia.incor.usp.br\/wp-content\/uploads\/2025\/05\/Formularios_Formulario_para_alteracao_no_projeto_pesquisa_inicial.27.03.2019.docx\" target=\"_blank\" rel=\"noopener\">Formul\u00e1rio para Altera\u00e7\u00e3o no Projeto de pesquisa\u00a0inicial<\/a>\u00a0<\/li><li><a href=\"https:\/\/pgcirurgia.incor.usp.br\/wp-content\/uploads\/2025\/05\/orientaes_trancamento_de_matrcula_por_motivo_de_sade.pdf\" target=\"_blank\" rel=\"noopener noreferrer\">Orienta\u00e7\u00f5es para trancamento de matr\u00edcula por motivo de sa\u00fade<\/a><\/li><li><a href=\"https:\/\/pgcirurgia.incor.usp.br\/wp-content\/uploads\/2025\/05\/Formularios_Formulario_trancamento_matricula.27.03.2019.docx\" target=\"_blank\" rel=\"noopener\">Formul\u00e1rio de trancamento de matr\u00edcula<\/a>\u00a0acompanhada da ficha do aluno emitida pelo Sistema Janus\u00a0<\/li><li><a href=\"https:\/\/pgcirurgia.incor.usp.br\/wp-content\/uploads\/2025\/05\/FORMULARIO_SOLICITACAO_DE_PRORROGACAO_DE_PRAZO_PELO_PROGRAMA.doc\" target=\"_blank\" rel=\"noopener\">Formul\u00e1rio de Solicita\u00e7\u00e3o de Prorroga\u00e7\u00e3o de Prazo_Programa de Cirurgia Tor\u00e1cica e Cardiovascular<\/a><\/li><\/ul><p>INFORME ACAD\u00c9MICO Y CIENT\u00cdFICO<\/p><ul><li><a href=\"https:\/\/pgcirurgia.incor.usp.br\/wp-content\/uploads\/2025\/12\/RELATORIO-ACADEMICO-CIRURGIA-2.doc\">RELATORIO ACADEMICO CIRURGIA<\/a><\/li><li><a href=\"https:\/\/pgcirurgia.incor.usp.br\/wp-content\/uploads\/2025\/05\/Relatorio_academico_e_cientifico-_PNPD_Cirurgia.docx\" target=\"_blank\" rel=\"noopener\">Relat\u00f3rio para Bolsistas PNPD<\/a><\/li><\/ul><p><strong>EXAMEN DE CALIFICACI\u00d3N<\/strong><\/p><ul><li><a href=\"https:\/\/pgcirurgia.incor.usp.br\/wp-content\/uploads\/2025\/05\/ATUALI_Inscricao_para_o_EQ_Novo_Regimento.09.10.2019_1_cirurgia.doc\" target=\"_blank\" rel=\"noopener\">Inscri\u00e7\u00e3o para o Exame de Qualifica\u00e7\u00e3o<\/a><\/li><li><a href=\"https:\/\/pgcirurgia.incor.usp.br\/wp-content\/uploads\/2025\/05\/ATUALI_Sugestao_de_banca_qualificacao-cirurgia.doc\" target=\"_blank\" rel=\"noopener\">Sugest\u00e3o de banca para exame de qualifica\u00e7\u00e3o<\/a>\u00a0Os membros da banca devem ter o CV Lattes atualizado no site do CNPq,\u00a0<a href=\"http:\/\/lattes.cnpq.br\/\" target=\"_blank\" rel=\"noopener\">http:\/\/lattes.cnpq.br\/<\/a><\/li><li><a href=\"https:\/\/pgcirurgia.incor.usp.br\/wp-content\/uploads\/2025\/05\/CADASTRO_CONVIDADOS_EXTERNO_01junho2023-1.doc\" target=\"_blank\" rel=\"noopener\">Cadastro de professor visitante<\/a><\/li><li><a href=\"https:\/\/pgcirurgia.incor.usp.br\/wp-content\/uploads\/2025\/05\/CADASTRO_CONVIDADOS_EXTERNO_ESTRANGEIRO_02junho2023.doc\" target=\"_blank\" rel=\"noopener\">Cadastro de professor visitante\u00a0internacional<\/a><\/li><li><a href=\"https:\/\/pgcirurgia.incor.usp.br\/wp-content\/uploads\/2025\/05\/ORIENTADORES_CIRURGIA_SEM_CPF.xls\" target=\"_blank\" rel=\"noopener\">Orientadores da Cirurgia<\/a><\/li><li><a href=\"https:\/\/pgcirurgia.incor.usp.br\/wp-content\/uploads\/2025\/05\/ORIENTADORES_CARDIOLOGIA_SEM_CPF.xls\" target=\"_blank\" rel=\"noopener\">Orientadores Cardiologia<\/a><\/li><li><a href=\"https:\/\/pgcirurgia.incor.usp.br\/wp-content\/uploads\/2025\/05\/ORIENTADORES_CIENCIAS_DA_RESPIRACAO_SEM_CPF.xls\" target=\"_blank\" rel=\"noopener\">Orientadores Ci\u00eancias da Respira\u00e7\u00e3o<\/a>\u00a0<\/li><li><a href=\"https:\/\/pgcirurgia.incor.usp.br\/wp-content\/uploads\/2025\/05\/Sugestao_de_Professores_de_fora_SEM_CPF.xls\" target=\"_blank\" rel=\"noopener\">Lista de Professores de fora (sujeito a altera\u00e7\u00f5es)<\/a><\/li><\/ul><p><strong>DEFENSA DE TESIS<\/strong><\/p><ul><li><a href=\"https:\/\/pgcirurgia.incor.usp.br\/wp-content\/uploads\/2025\/05\/SUGESTAO_banca_25.06.19.doc\" target=\"_blank\" rel=\"noopener\">Sugest\u00e3o de banca de doutorado<\/a>\u00a0(Os membros da banca devem ter o CV Lattes atualizado no site do CNPq, <a href=\"http:\/\/lattes.cnpq.br\/\" target=\"_blank\" rel=\"noopener\">http:\/\/lattes.cnpq.br\/<\/a>)<\/li><li><a href=\"https:\/\/pgcirurgia.incor.usp.br\/wp-content\/uploads\/2025\/05\/formulario_de_agendamento_2023_atualizado_em_18012023.docx\" target=\"_blank\" rel=\"noopener\">Formul\u00e1rio de agendamento para Defesa de Tese<\/a><\/li><li><a href=\"https:\/\/pgcirurgia.incor.usp.br\/wp-content\/uploads\/2025\/05\/CADASTRO_CONVIDADOS_EXTERNO_01junho2023-1-1.doc\" target=\"_blank\" rel=\"noopener\">Cadastro de professor visitante<\/a>\u00a0<\/li><li><a href=\"https:\/\/pgcirurgia.incor.usp.br\/wp-content\/uploads\/2025\/05\/CADASTRO_CONVIDADOS_EXTERNO_ESTRANGEIRO_02junho2023-1.doc\" target=\"_blank\" rel=\"noopener\">Cadastro de professor visitante\u00a0internacional<\/a><\/li><li><a href=\"http:\/\/qualis.capes.gov.br\/webqualis\/\" target=\"_blank\" rel=\"noopener noreferrer\">Qualis das revistas<\/a><\/li><li><a href=\"https:\/\/pgcirurgia.incor.usp.br\/wp-content\/uploads\/2025\/05\/ORIENTADORES_CIRURGIA_SEM_CPF-1.xls\" target=\"_blank\" rel=\"noopener\">Orientadores da Cirurgia<\/a><\/li><li><a href=\"https:\/\/pgcirurgia.incor.usp.br\/wp-content\/uploads\/2025\/05\/ORIENTADORES_CARDIOLOGIA_SEM_CPF-1.xls\" target=\"_blank\" rel=\"noopener\">Orientadores Cardiologia<\/a><\/li><li><a href=\"https:\/\/pgcirurgia.incor.usp.br\/wp-content\/uploads\/2025\/05\/ORIENTADORES_CIENCIAS_DA_RESPIRACAO_SEM_CPF-1.xls\" target=\"_blank\" rel=\"noopener\">Orientadores Ci\u00eancias da Respira\u00e7\u00e3o<\/a><\/li><li><a href=\"https:\/\/pgcirurgia.incor.usp.br\/wp-content\/uploads\/2025\/05\/Sugestao_de_Professores_de_fora_SEM_CPF-1.xls\" target=\"_blank\" rel=\"noopener\">Sugest\u00e3o de professores de fora (sujeito \u00e0 altera\u00e7\u00f5es)<\/a><\/li><li><a href=\"https:\/\/pgcirurgia.incor.usp.br\/wp-content\/uploads\/2025\/05\/sugestao_de_carta_convite.doc\" target=\"_blank\" rel=\"noopener\">Modelo de Convite &#8211; Defesa de Tese<\/a><\/li><li><a href=\"https:\/\/pgcirurgia.incor.usp.br\/wp-content\/uploads\/2025\/05\/Formularios_Carta_de_deposito_nova_versao.04.05.21.docx\" target=\"_blank\" rel=\"noopener\">Declara\u00e7\u00e3o de Apto<\/a><\/li><li><a href=\"https:\/\/pgcirurgia.incor.usp.br\/wp-content\/uploads\/2025\/05\/DECLARACAO_DE_SIMILARIDADE_E_PLAGIO.doc\" target=\"_blank\" rel=\"noopener\">Declara\u00e7\u00e3o de similaridade e pl\u00e1gio<\/a>\u00a0&#8211;\u00a0\u00a0&#8211; Acessar o site:\u00a0<a href=\"https:\/\/www.fm.usp.br\/biblioteca\/pos-graduandos\" target=\"_blank\" rel=\"noopener\">https:\/\/www.fm.usp.br\/biblioteca\/pos-graduandos<\/a>\u00a0e verificar as informa\u00e7\u00f5es sobre o Turnitin;<\/li><\/ul><p><strong>SUPERVISORES<\/strong><\/p><ul><li><a href=\"https:\/\/pgcirurgia.incor.usp.br\/wp-content\/uploads\/2025\/05\/Criterios_de_credenc_orientador_regulamento_2019.pdf\" target=\"_blank\" rel=\"noopener\">Crit\u00e9rios para credenciamento e recredenciamento de orientadores cirurgia tor\u00e1cica e cardiovascular<\/a>\u00a0(pdf)<\/li><li><a href=\"https:\/\/pgcirurgia.incor.usp.br\/wp-content\/uploads\/2025\/05\/Formulario_CREDENCIAMNETO_ORIENTADOR_Cir_Tor_Card.doc\" target=\"_blank\" rel=\"noopener\">Solicita\u00e7\u00e3o de credenciamento de orientador<\/a><\/li><li><a href=\"https:\/\/pgcirurgia.incor.usp.br\/wp-content\/uploads\/2025\/05\/circ.copgr_.25-05_credenciamento_de_orientadores_no_contratados_pela_usp.doc\" target=\"_blank\" rel=\"noopener noreferrer\">Credenciamento de orientadores n\u00e3o contratados pela USP<\/a><\/li><li><a href=\"https:\/\/pgcirurgia.incor.usp.br\/wp-content\/uploads\/2025\/05\/Formularios_Normatizacao_do_Credenciamento_dos_Tecnicos_de_Nivel_Superior.27.03.19.pdf\" target=\"_blank\" rel=\"noopener noreferrer\">Diretrizes para credenciamento de orientador de n\u00edvel t\u00e9cnico USP<\/a><\/li><\/ul><p><strong>DISCIPLINA<\/strong><\/p><ul><li><a href=\"https:\/\/pgcirurgia.incor.usp.br\/wp-content\/uploads\/2025\/05\/FORMULARIO_PARA_CRED_RECRED_DE_DISCIPLINAS_12112021.docx\" target=\"_blank\" rel=\"noopener\">Credenciamento e recredenciamento de disciplina<\/a><\/li><li><a href=\"https:\/\/pgcirurgia.incor.usp.br\/wp-content\/uploads\/2025\/05\/Criterios_utilizados_para_credenciamento_de_disciplina.pdf\" target=\"_blank\" rel=\"noopener\">Crit\u00e9rios utilizados para credenciamento e recredenciamento de disciplina<\/a>\u00a0(pdf)<\/li><li><a href=\"https:\/\/pgcirurgia.incor.usp.br\/wp-content\/uploads\/2025\/05\/Ficha_de_Avaliacao_das_disciplinas_Cirurgia.doc\" target=\"_blank\" rel=\"noopener\">Ficha de avalia\u00e7\u00e3o das disciplinas<\/a><\/li><\/ul><p><strong>SOLICITUD DE ASISTENCIA<\/strong><\/p><ul><li><a href=\"https:\/\/pgcirurgia.incor.usp.br\/wp-content\/uploads\/2025\/05\/Auxilios_Cirurgia_Tor_Cardiovascular.pdf\" target=\"_blank\" rel=\"noopener\">Crit\u00e9rios de solicita\u00e7\u00e3o de aux\u00edlios<\/a><\/li><li><a href=\"https:\/\/pgcirurgia.incor.usp.br\/wp-content\/uploads\/2025\/05\/ATUALI_Formulario_solicitacao_de_verba_Auxlio_Congresso_Internacional_cirurgia.doc\" target=\"_blank\" rel=\"noopener\">Solicita\u00e7\u00e3o de verba para Auxilio Congresso Internacional<\/a><\/li><li><a href=\"https:\/\/pgcirurgia.incor.usp.br\/wp-content\/uploads\/2025\/05\/ATUALI_Formulario_solicitacao_de_reembolso_pagamento_Publicacao_cirurgia.doc\" target=\"_blank\" rel=\"noopener\">Solicita\u00e7\u00e3o de verba para Pagamento de Publica\u00e7\u00e3o e revis\u00e3o de artigo<\/a> (Solicitar previamente al Comit\u00e9 Cient\u00edfico; el monto restante podr\u00e1 ser revisado por el CCP del Programa)<\/li><\/ul>\t\t\t\t\t\t\t\t<\/div>\n\t\t\t\t<\/div>\n\t\t\t\t\t<\/div>\n\t\t\t\t<\/div>\n\t\t\t\t<\/div>\n\t\t","protected":false},"excerpt":{"rendered":"<p>**No incluya la fecha en los formularios de inscripci\u00f3n y matriculaci\u00f3n.** ENLACE PARA INSCRIPCI\u00d3N E MATR\u00cdCULA: https:\/\/digital.fm.usp.br\/alunoregular INSCRIPCI\u00d3N Formul\u00e1rio de Inscri\u00e7\u00e3o MATR\u00cdCULA [&hellip;]<\/p>\n","protected":false},"author":4,"featured_media":0,"parent":0,"menu_order":0,"comment_status":"closed","ping_status":"closed","template":"","meta":{"footnotes":""},"class_list":["post-5321","page","type-page","status-publish","hentry"],"lang":"es","translations":{"es":5321,"pt":641},"pll_sync_post":[],"_links":{"self":[{"href":"https:\/\/pgcirurgia.incor.usp.br\/index.php\/wp-json\/wp\/v2\/pages\/5321","targetHints":{"allow":["GET"]}}],"collection":[{"href":"https:\/\/pgcirurgia.incor.usp.br\/index.php\/wp-json\/wp\/v2\/pages"}],"about":[{"href":"https:\/\/pgcirurgia.incor.usp.br\/index.php\/wp-json\/wp\/v2\/types\/page"}],"author":[{"embeddable":true,"href":"https:\/\/pgcirurgia.incor.usp.br\/index.php\/wp-json\/wp\/v2\/users\/4"}],"replies":[{"embeddable":true,"href":"https:\/\/pgcirurgia.incor.usp.br\/index.php\/wp-json\/wp\/v2\/comments?post=5321"}],"version-history":[{"count":4,"href":"https:\/\/pgcirurgia.incor.usp.br\/index.php\/wp-json\/wp\/v2\/pages\/5321\/revisions"}],"predecessor-version":[{"id":5326,"href":"https:\/\/pgcirurgia.incor.usp.br\/index.php\/wp-json\/wp\/v2\/pages\/5321\/revisions\/5326"}],"wp:attachment":[{"href":"https:\/\/pgcirurgia.incor.usp.br\/index.php\/wp-json\/wp\/v2\/media?parent=5321"}],"curies":[{"name":"wp","href":"https:\/\/api.w.org\/{rel}","templated":true}]}}