{"id":5291,"date":"2025-12-15T13:50:47","date_gmt":"2025-12-15T16:50:47","guid":{"rendered":"https:\/\/pgcirurgia.incor.usp.br\/?page_id=5291"},"modified":"2026-03-16T14:52:54","modified_gmt":"2026-03-16T17:52:54","slug":"avisos-publicos","status":"publish","type":"page","link":"https:\/\/pgcirurgia.incor.usp.br\/index.php\/es\/avisos-publicos\/","title":{"rendered":"Avisos p\u00fablicos"},"content":{"rendered":"\t\t<div data-elementor-type=\"wp-page\" data-elementor-id=\"5291\" class=\"elementor elementor-5291\" data-elementor-settings=\"{&quot;element_pack_global_tooltip_width&quot;:{&quot;unit&quot;:&quot;px&quot;,&quot;size&quot;:&quot;&quot;,&quot;sizes&quot;:[]},&quot;element_pack_global_tooltip_width_tablet&quot;:{&quot;unit&quot;:&quot;px&quot;,&quot;size&quot;:&quot;&quot;,&quot;sizes&quot;:[]},&quot;element_pack_global_tooltip_width_mobile&quot;:{&quot;unit&quot;:&quot;px&quot;,&quot;size&quot;:&quot;&quot;,&quot;sizes&quot;:[]},&quot;element_pack_global_tooltip_padding&quot;:{&quot;unit&quot;:&quot;px&quot;,&quot;top&quot;:&quot;&quot;,&quot;right&quot;:&quot;&quot;,&quot;bottom&quot;:&quot;&quot;,&quot;left&quot;:&quot;&quot;,&quot;isLinked&quot;:true},&quot;element_pack_global_tooltip_padding_tablet&quot;:{&quot;unit&quot;:&quot;px&quot;,&quot;top&quot;:&quot;&quot;,&quot;right&quot;:&quot;&quot;,&quot;bottom&quot;:&quot;&quot;,&quot;left&quot;:&quot;&quot;,&quot;isLinked&quot;:true},&quot;element_pack_global_tooltip_padding_mobile&quot;:{&quot;unit&quot;:&quot;px&quot;,&quot;top&quot;:&quot;&quot;,&quot;right&quot;:&quot;&quot;,&quot;bottom&quot;:&quot;&quot;,&quot;left&quot;:&quot;&quot;,&quot;isLinked&quot;:true},&quot;element_pack_global_tooltip_border_radius&quot;:{&quot;unit&quot;:&quot;px&quot;,&quot;top&quot;:&quot;&quot;,&quot;right&quot;:&quot;&quot;,&quot;bottom&quot;:&quot;&quot;,&quot;left&quot;:&quot;&quot;,&quot;isLinked&quot;:true},&quot;element_pack_global_tooltip_border_radius_tablet&quot;:{&quot;unit&quot;:&quot;px&quot;,&quot;top&quot;:&quot;&quot;,&quot;right&quot;:&quot;&quot;,&quot;bottom&quot;:&quot;&quot;,&quot;left&quot;:&quot;&quot;,&quot;isLinked&quot;:true},&quot;element_pack_global_tooltip_border_radius_mobile&quot;:{&quot;unit&quot;:&quot;px&quot;,&quot;top&quot;:&quot;&quot;,&quot;right&quot;:&quot;&quot;,&quot;bottom&quot;:&quot;&quot;,&quot;left&quot;:&quot;&quot;,&quot;isLinked&quot;:true}}\">\n\t\t\t\t<div class=\"elementor-element elementor-element-dfcfb04 e-flex e-con-boxed e-con e-parent\" data-id=\"dfcfb04\" data-element_type=\"container\">\n\t\t\t\t\t<div class=\"e-con-inner\">\n\t\t\t\t<div class=\"elementor-element elementor-element-24e78b1 elementor-widget elementor-widget-text-editor\" data-id=\"24e78b1\" data-element_type=\"widget\" data-widget_type=\"text-editor.default\">\n\t\t\t\t<div class=\"elementor-widget-container\">\n\t\t\t\t\t\t\t\t\t<h4><strong>2026<\/strong><\/h4><ul><li><a href=\"https:\/\/www.pgcardiologiausp.com.br\/wp-content\/uploads\/2026\/03\/EDITAL-PREMIO-MAES-PESQUISADORAS_2026_2.pdf\">Pr\u00eamio USP M\u00e3es Pesquisadoras \u2013 Edi\u00e7\u00e3o 2026<\/a><\/li><li><a href=\"https:\/\/www.pgcardiologiausp.com.br\/wp-content\/uploads\/2026\/03\/SEI_CNPq-2625129-Edital_0.pdf\">Edital Pr\u00eamio Jovem Cientista 32\u00aa edi\u00e7\u00e3o (CNPq)<\/a><\/li><li><a href=\"https:\/\/pgcirurgia.incor.usp.br\/wp-content\/uploads\/2026\/02\/Edital_de_inscricao_2026_Cir_Tor_Cardiovascular.pdf\">Edital de Inscri\u00e7\u00e3o e Matr\u00edcula no Programa de Cirurgia Tor\u00e1cica e Cardiovascular 2026<\/a><\/li><\/ul><h4><strong>2025<\/strong><\/h4><ul><li><a href=\"https:\/\/pgcirurgia.incor.usp.br\/wp-content\/uploads\/2025\/09\/Edital-PRPG-12-2025_ass-Mobilidade-Santander-Discentes.pdf\">Edital PRPG 12-2025_ass \u2013 Mobilidade Santander Discentes<\/a>\u00a0<\/li><li><a href=\"https:\/\/pgcirurgia.incor.usp.br\/wp-content\/uploads\/2025\/09\/1_Edital-PRPG-No-13.pdf\">Edital PRPG N\u00ba 13<\/a>\/ <a href=\"https:\/\/pgcirurgia.incor.usp.br\/wp-content\/uploads\/2025\/09\/1_Edital_21082025_Edital_2662823_SEI_2661209_Edital_n__17_2025.pdf\">CAPES N\u00ba 17\/2025<\/a>\u00a0\u2013 Programa de Doutorado Sandu\u00edche no Exterior (PDSE) da Capes \/ <a href=\"https:\/\/pgcirurgia.incor.usp.br\/wp-content\/uploads\/2025\/09\/RESULTADO-FINAL_25.pdf\">RESULTADO FINAL<\/a><\/li><li><a href=\"https:\/\/pgcirurgia.incor.usp.br\/wp-content\/uploads\/2025\/09\/Aucani-Idiomas_Language-Education-at-USP_2o-sem_2025.pdf\">Edital 2141<\/a> \u2013 Language Education at USP \u2013 Ingl\u00eas \u2013 Academic Communication in Reading &amp; Writing and Listening &amp; Speaking \u2013 P\u00f3s-Gradua\u00e7\u00e3o (2\u00ba sem.\/2025)<\/li><li><a href=\"https:\/\/pgcirurgia.incor.usp.br\/wp-content\/uploads\/2025\/09\/Edital-No-9_2025_CAPES_COFECUB_09042025_Edital_2578055_SEI_2577896_Edital_n__9_2025.pdf\">Edital PRPG 09\/2025<\/a><\/li><li><a href=\"https:\/\/pgcirurgia.incor.usp.br\/wp-content\/uploads\/2025\/09\/Edital-PRPG-5-2025-UNIVESP-Discentes.pdf\">Edital PRPG N\u00ba 05\/2025 Sele\u00e7\u00e3o de Alunos de P\u00f3s-Gradua\u00e7\u00e3o para o Programa \u201cForma\u00e7\u00e3o Did\u00e1tico Pedag\u00f3gica para Cursos de Modalidade a Dist\u00e2ncia\u201d \u2013 UNIVESP\/USP\u00a0<\/a><\/li><\/ul>\t\t\t\t\t\t\t\t<\/div>\n\t\t\t\t<\/div>\n\t\t\t\t\t<\/div>\n\t\t\t\t<\/div>\n\t\t\t\t<\/div>\n\t\t","protected":false},"excerpt":{"rendered":"<p>2026 Pr\u00eamio USP M\u00e3es Pesquisadoras \u2013 Edi\u00e7\u00e3o 2026 Edital Pr\u00eamio Jovem Cientista 32\u00aa edi\u00e7\u00e3o (CNPq) Edital de Inscri\u00e7\u00e3o e Matr\u00edcula no Programa [&hellip;]<\/p>\n","protected":false},"author":4,"featured_media":0,"parent":0,"menu_order":0,"comment_status":"closed","ping_status":"closed","template":"","meta":{"footnotes":""},"class_list":["post-5291","page","type-page","status-publish","hentry"],"lang":"es","translations":{"es":5291,"en":4603,"pt":3716},"pll_sync_post":[],"_links":{"self":[{"href":"https:\/\/pgcirurgia.incor.usp.br\/index.php\/wp-json\/wp\/v2\/pages\/5291","targetHints":{"allow":["GET"]}}],"collection":[{"href":"https:\/\/pgcirurgia.incor.usp.br\/index.php\/wp-json\/wp\/v2\/pages"}],"about":[{"href":"https:\/\/pgcirurgia.incor.usp.br\/index.php\/wp-json\/wp\/v2\/types\/page"}],"author":[{"embeddable":true,"href":"https:\/\/pgcirurgia.incor.usp.br\/index.php\/wp-json\/wp\/v2\/users\/4"}],"replies":[{"embeddable":true,"href":"https:\/\/pgcirurgia.incor.usp.br\/index.php\/wp-json\/wp\/v2\/comments?post=5291"}],"version-history":[{"count":13,"href":"https:\/\/pgcirurgia.incor.usp.br\/index.php\/wp-json\/wp\/v2\/pages\/5291\/revisions"}],"predecessor-version":[{"id":5708,"href":"https:\/\/pgcirurgia.incor.usp.br\/index.php\/wp-json\/wp\/v2\/pages\/5291\/revisions\/5708"}],"wp:attachment":[{"href":"https:\/\/pgcirurgia.incor.usp.br\/index.php\/wp-json\/wp\/v2\/media?parent=5291"}],"curies":[{"name":"wp","href":"https:\/\/api.w.org\/{rel}","templated":true}]}}