{"id":5247,"date":"2025-12-15T09:51:06","date_gmt":"2025-12-15T12:51:06","guid":{"rendered":"https:\/\/pgcirurgia.incor.usp.br\/?page_id=5247"},"modified":"2025-12-15T09:54:39","modified_gmt":"2025-12-15T12:54:39","slug":"comites","status":"publish","type":"page","link":"https:\/\/pgcirurgia.incor.usp.br\/index.php\/es\/comites\/","title":{"rendered":"Comit\u00e9s"},"content":{"rendered":"\t\t<div data-elementor-type=\"wp-page\" data-elementor-id=\"5247\" class=\"elementor elementor-5247\" data-elementor-settings=\"{&quot;element_pack_global_tooltip_width&quot;:{&quot;unit&quot;:&quot;px&quot;,&quot;size&quot;:&quot;&quot;,&quot;sizes&quot;:[]},&quot;element_pack_global_tooltip_width_tablet&quot;:{&quot;unit&quot;:&quot;px&quot;,&quot;size&quot;:&quot;&quot;,&quot;sizes&quot;:[]},&quot;element_pack_global_tooltip_width_mobile&quot;:{&quot;unit&quot;:&quot;px&quot;,&quot;size&quot;:&quot;&quot;,&quot;sizes&quot;:[]},&quot;element_pack_global_tooltip_padding&quot;:{&quot;unit&quot;:&quot;px&quot;,&quot;top&quot;:&quot;&quot;,&quot;right&quot;:&quot;&quot;,&quot;bottom&quot;:&quot;&quot;,&quot;left&quot;:&quot;&quot;,&quot;isLinked&quot;:true},&quot;element_pack_global_tooltip_padding_tablet&quot;:{&quot;unit&quot;:&quot;px&quot;,&quot;top&quot;:&quot;&quot;,&quot;right&quot;:&quot;&quot;,&quot;bottom&quot;:&quot;&quot;,&quot;left&quot;:&quot;&quot;,&quot;isLinked&quot;:true},&quot;element_pack_global_tooltip_padding_mobile&quot;:{&quot;unit&quot;:&quot;px&quot;,&quot;top&quot;:&quot;&quot;,&quot;right&quot;:&quot;&quot;,&quot;bottom&quot;:&quot;&quot;,&quot;left&quot;:&quot;&quot;,&quot;isLinked&quot;:true},&quot;element_pack_global_tooltip_border_radius&quot;:{&quot;unit&quot;:&quot;px&quot;,&quot;top&quot;:&quot;&quot;,&quot;right&quot;:&quot;&quot;,&quot;bottom&quot;:&quot;&quot;,&quot;left&quot;:&quot;&quot;,&quot;isLinked&quot;:true},&quot;element_pack_global_tooltip_border_radius_tablet&quot;:{&quot;unit&quot;:&quot;px&quot;,&quot;top&quot;:&quot;&quot;,&quot;right&quot;:&quot;&quot;,&quot;bottom&quot;:&quot;&quot;,&quot;left&quot;:&quot;&quot;,&quot;isLinked&quot;:true},&quot;element_pack_global_tooltip_border_radius_mobile&quot;:{&quot;unit&quot;:&quot;px&quot;,&quot;top&quot;:&quot;&quot;,&quot;right&quot;:&quot;&quot;,&quot;bottom&quot;:&quot;&quot;,&quot;left&quot;:&quot;&quot;,&quot;isLinked&quot;:true}}\">\n\t\t\t\t<div class=\"elementor-element elementor-element-4656f97 e-flex e-con-boxed e-con e-parent\" data-id=\"4656f97\" data-element_type=\"container\" data-e-type=\"container\">\n\t\t\t\t\t<div class=\"e-con-inner\">\n\t\t\t\t<div class=\"elementor-element elementor-element-78e8233 elementor-widget elementor-widget-text-editor\" data-id=\"78e8233\" data-element_type=\"widget\" data-e-type=\"widget\" data-widget_type=\"text-editor.default\">\n\t\t\t\t<div class=\"elementor-widget-container\">\n\t\t\t\t\t\t\t\t\t<h3>Comit\u00e9 Coordinador del Programa<\/h3><p>El Comit\u00e9 Coordinador del Programa es responsable de la coordinaci\u00f3n general del Programa. Entre sus responsabilidades se incluyen establecer las normas de funcionamiento y los criterios de selecci\u00f3n de nuevos estudiantes, as\u00ed como analizar las propuestas de proyectos de investigaci\u00f3n y los procesos de concesi\u00f3n de ayudas econ\u00f3micas. Este Comit\u00e9 est\u00e1 integrado por el Coordinador, el Vicecoordinador, dos Profesores Permanentes del Programa y el representante de los Estudiantes:<\/p><p>Prof. Dr. Ricardo Mingarini Terra &#8211; Coordinador<\/p><p>Prof. Dr. Paulo Manuel P\u00eago Fernandes &#8211; Coordinador Alterno<\/p><p>Prof. Dr. Omar Asdr\u00fabal Vilca Mej\u00eda &#8211; Miembro Titular<\/p><p>Dra. Ana Cristina Breithaupt Faloppa &#8211; Miembro Titular<\/p><p>Dr. Eduardo Gomes Lima &#8211; Miembro Suplente<\/p><p>Prof. Dr. Marcelo Biscegli Jatene &#8211; Miembro Suplente<\/p><p>Dr. Paulo Francisco Guerreiro Cardoso &#8211; Miembro Suplente<\/p><p>Dr. Cristiano de Jes\u00fas Correia &#8211; Miembro Suplente<\/p><p>Nicholas Pietro Agulha Toneto &#8211; Representante estudiantil<\/p><p>Patr\u00edcia Santos de Sousa &#8211; Representante Estudiantil Suplente<\/p><h3>Comit\u00e9 de Becas<\/h3><p>El Comit\u00e9 de Becas tiene como objetivo establecer criterios para el otorgamiento de becas. Este Comit\u00e9 est\u00e1 compuesto por el Coordinador del Programa, un representante del profesorado y un representante estudiantil:<\/p><p>Prof. Dr. Ricardo Mingarini Terra &#8211; Presidente<\/p><p>Prof. Dr. Omar Asdr\u00fabal Vilca Mej\u00eda &#8211; Representante del profesorado<\/p><p>xxxxx &#8211; Representante estudiantil<\/p><p>xxxxx &#8211; Representante estudiantil suplente<\/p>\t\t\t\t\t\t\t\t<\/div>\n\t\t\t\t<\/div>\n\t\t\t\t\t<\/div>\n\t\t\t\t<\/div>\n\t\t\t\t<\/div>\n\t\t","protected":false},"excerpt":{"rendered":"<p>Comit\u00e9 Coordinador del Programa El Comit\u00e9 Coordinador del Programa es responsable de la coordinaci\u00f3n general del Programa. Entre sus responsabilidades se incluyen [&hellip;]<\/p>\n","protected":false},"author":4,"featured_media":0,"parent":0,"menu_order":0,"comment_status":"closed","ping_status":"closed","template":"","meta":{"footnotes":""},"class_list":["post-5247","page","type-page","status-publish","hentry"],"lang":"es","translations":{"es":5247,"pt":590},"pll_sync_post":[],"_links":{"self":[{"href":"https:\/\/pgcirurgia.incor.usp.br\/index.php\/wp-json\/wp\/v2\/pages\/5247","targetHints":{"allow":["GET"]}}],"collection":[{"href":"https:\/\/pgcirurgia.incor.usp.br\/index.php\/wp-json\/wp\/v2\/pages"}],"about":[{"href":"https:\/\/pgcirurgia.incor.usp.br\/index.php\/wp-json\/wp\/v2\/types\/page"}],"author":[{"embeddable":true,"href":"https:\/\/pgcirurgia.incor.usp.br\/index.php\/wp-json\/wp\/v2\/users\/4"}],"replies":[{"embeddable":true,"href":"https:\/\/pgcirurgia.incor.usp.br\/index.php\/wp-json\/wp\/v2\/comments?post=5247"}],"version-history":[{"count":4,"href":"https:\/\/pgcirurgia.incor.usp.br\/index.php\/wp-json\/wp\/v2\/pages\/5247\/revisions"}],"predecessor-version":[{"id":5252,"href":"https:\/\/pgcirurgia.incor.usp.br\/index.php\/wp-json\/wp\/v2\/pages\/5247\/revisions\/5252"}],"wp:attachment":[{"href":"https:\/\/pgcirurgia.incor.usp.br\/index.php\/wp-json\/wp\/v2\/media?parent=5247"}],"curies":[{"name":"wp","href":"https:\/\/api.w.org\/{rel}","templated":true}]}}