{"id":5241,"date":"2025-12-15T09:31:19","date_gmt":"2025-12-15T12:31:19","guid":{"rendered":"https:\/\/pgcirurgia.incor.usp.br\/?page_id=5241"},"modified":"2025-12-15T09:37:14","modified_gmt":"2025-12-15T12:37:14","slug":"estudiante-especial-2","status":"publish","type":"page","link":"https:\/\/pgcirurgia.incor.usp.br\/index.php\/es\/estudiante-especial-2\/","title":{"rendered":"Estudiante especial"},"content":{"rendered":"\t\t<div data-elementor-type=\"wp-page\" data-elementor-id=\"5241\" class=\"elementor elementor-5241\" data-elementor-settings=\"{&quot;element_pack_global_tooltip_width&quot;:{&quot;unit&quot;:&quot;px&quot;,&quot;size&quot;:&quot;&quot;,&quot;sizes&quot;:[]},&quot;element_pack_global_tooltip_width_tablet&quot;:{&quot;unit&quot;:&quot;px&quot;,&quot;size&quot;:&quot;&quot;,&quot;sizes&quot;:[]},&quot;element_pack_global_tooltip_width_mobile&quot;:{&quot;unit&quot;:&quot;px&quot;,&quot;size&quot;:&quot;&quot;,&quot;sizes&quot;:[]},&quot;element_pack_global_tooltip_padding&quot;:{&quot;unit&quot;:&quot;px&quot;,&quot;top&quot;:&quot;&quot;,&quot;right&quot;:&quot;&quot;,&quot;bottom&quot;:&quot;&quot;,&quot;left&quot;:&quot;&quot;,&quot;isLinked&quot;:true},&quot;element_pack_global_tooltip_padding_tablet&quot;:{&quot;unit&quot;:&quot;px&quot;,&quot;top&quot;:&quot;&quot;,&quot;right&quot;:&quot;&quot;,&quot;bottom&quot;:&quot;&quot;,&quot;left&quot;:&quot;&quot;,&quot;isLinked&quot;:true},&quot;element_pack_global_tooltip_padding_mobile&quot;:{&quot;unit&quot;:&quot;px&quot;,&quot;top&quot;:&quot;&quot;,&quot;right&quot;:&quot;&quot;,&quot;bottom&quot;:&quot;&quot;,&quot;left&quot;:&quot;&quot;,&quot;isLinked&quot;:true},&quot;element_pack_global_tooltip_border_radius&quot;:{&quot;unit&quot;:&quot;px&quot;,&quot;top&quot;:&quot;&quot;,&quot;right&quot;:&quot;&quot;,&quot;bottom&quot;:&quot;&quot;,&quot;left&quot;:&quot;&quot;,&quot;isLinked&quot;:true},&quot;element_pack_global_tooltip_border_radius_tablet&quot;:{&quot;unit&quot;:&quot;px&quot;,&quot;top&quot;:&quot;&quot;,&quot;right&quot;:&quot;&quot;,&quot;bottom&quot;:&quot;&quot;,&quot;left&quot;:&quot;&quot;,&quot;isLinked&quot;:true},&quot;element_pack_global_tooltip_border_radius_mobile&quot;:{&quot;unit&quot;:&quot;px&quot;,&quot;top&quot;:&quot;&quot;,&quot;right&quot;:&quot;&quot;,&quot;bottom&quot;:&quot;&quot;,&quot;left&quot;:&quot;&quot;,&quot;isLinked&quot;:true}}\">\n\t\t\t\t<div class=\"elementor-element elementor-element-990b57f e-flex e-con-boxed e-con e-parent\" data-id=\"990b57f\" data-element_type=\"container\">\n\t\t\t\t\t<div class=\"e-con-inner\">\n\t\t\t\t<div class=\"elementor-element elementor-element-4c45435 elementor-widget elementor-widget-text-editor\" data-id=\"4c45435\" data-element_type=\"widget\" data-widget_type=\"text-editor.default\">\n\t\t\t\t<div class=\"elementor-widget-container\">\n\t\t\t\t\t\t\t\t\t<p><strong>ESTUDIANTE ESPECIAL<\/strong> \u2013 <a href=\"https:\/\/www.fm.usp.br\/posgrad\/conteudo\/posgrad_253_resolucao_57-58.pdf\">Consulte los Art\u00edculos 54 y 55 del Reglamento de Posgrado de la USP.<\/a><\/p><p>La matr\u00edcula como Estudiante Especial debe realizarse a trav\u00e9s del enlace: <a href=\"https:\/\/digital.fm.usp.br\/alunoespecial\">https:\/\/digital.fm.usp.br\/alunoespecial<\/a><\/p><p>La solicitud de matr\u00edcula puede ser aprobada o denegada por el profesor supervisor.<\/p><p>No existe un plazo establecido para solicitar la matr\u00edcula en un curso de la FMUSP como estudiante especial. Las solicitudes pueden realizarse hasta 10 d\u00edas h\u00e1biles antes del inicio del curso de inter\u00e9s.<\/p><p>El <strong>valor de la matr\u00edcula es de R$259,14 por curso<\/strong> (sujeto a cambios), abonado mediante comprobante bancario una vez verificada la documentaci\u00f3n por el Servicio de Posgrado de la FMUSP y autorizada por el profesor supervisor.<\/p><hr \/><p><strong>ATENCI\u00d3N<\/strong><\/p><p>1. Tras aprobar un curso, no se permite la reinscripci\u00f3n en el mismo.<\/p><p>2. Solicita la inscripci\u00f3n como estudiante regular \u00fanicamente despu\u00e9s de completar el curso (consulta las calificaciones y la asistencia). En caso de inscripci\u00f3n simult\u00e1nea, no se podr\u00e1n utilizar los cr\u00e9ditos del programa.<\/p><p>3. No se realizar\u00e1 ning\u00fan reembolso si el estudiante solicita la cancelaci\u00f3n de la inscripci\u00f3n.<\/p><hr \/><p>Consulta el cat\u00e1logo de cursos de <a href=\"https:\/\/uspdigital.usp.br\/janus\/componente\/disciplinasOferecidasInicial.jsf\">Janus<\/a><\/p><p>Conozca los temas tratados en <a href=\"https:\/\/pgcirurgia.incor.usp.br\/index.php\/disciplinas\/\">Cirug\u00eda Tor\u00e1cica y Cardiovascular.<\/a><\/p>\t\t\t\t\t\t\t\t<\/div>\n\t\t\t\t<\/div>\n\t\t\t\t\t<\/div>\n\t\t\t\t<\/div>\n\t\t\t\t<\/div>\n\t\t","protected":false},"excerpt":{"rendered":"<p>ESTUDIANTE ESPECIAL \u2013 Consulte los Art\u00edculos 54 y 55 del Reglamento de Posgrado de la USP. La matr\u00edcula como Estudiante Especial debe [&hellip;]<\/p>\n","protected":false},"author":4,"featured_media":0,"parent":0,"menu_order":0,"comment_status":"closed","ping_status":"closed","template":"","meta":{"footnotes":""},"class_list":["post-5241","page","type-page","status-publish","hentry"],"lang":"es","translations":{"es":5241,"en":5234,"pt":5227},"pll_sync_post":[],"_links":{"self":[{"href":"https:\/\/pgcirurgia.incor.usp.br\/index.php\/wp-json\/wp\/v2\/pages\/5241","targetHints":{"allow":["GET"]}}],"collection":[{"href":"https:\/\/pgcirurgia.incor.usp.br\/index.php\/wp-json\/wp\/v2\/pages"}],"about":[{"href":"https:\/\/pgcirurgia.incor.usp.br\/index.php\/wp-json\/wp\/v2\/types\/page"}],"author":[{"embeddable":true,"href":"https:\/\/pgcirurgia.incor.usp.br\/index.php\/wp-json\/wp\/v2\/users\/4"}],"replies":[{"embeddable":true,"href":"https:\/\/pgcirurgia.incor.usp.br\/index.php\/wp-json\/wp\/v2\/comments?post=5241"}],"version-history":[{"count":4,"href":"https:\/\/pgcirurgia.incor.usp.br\/index.php\/wp-json\/wp\/v2\/pages\/5241\/revisions"}],"predecessor-version":[{"id":5245,"href":"https:\/\/pgcirurgia.incor.usp.br\/index.php\/wp-json\/wp\/v2\/pages\/5241\/revisions\/5245"}],"wp:attachment":[{"href":"https:\/\/pgcirurgia.incor.usp.br\/index.php\/wp-json\/wp\/v2\/media?parent=5241"}],"curies":[{"name":"wp","href":"https:\/\/api.w.org\/{rel}","templated":true}]}}