{"id":4440,"date":"2025-09-19T10:38:27","date_gmt":"2025-09-19T13:38:27","guid":{"rendered":"https:\/\/pgcirurgia.incor.usp.br\/?page_id=4440"},"modified":"2025-09-19T10:39:30","modified_gmt":"2025-09-19T13:39:30","slug":"colaboraciones","status":"publish","type":"page","link":"https:\/\/pgcirurgia.incor.usp.br\/index.php\/es\/colaboraciones\/","title":{"rendered":"Colaboraciones"},"content":{"rendered":"\t\t<div data-elementor-type=\"wp-page\" data-elementor-id=\"4440\" class=\"elementor elementor-4440\" data-elementor-settings=\"{&quot;element_pack_global_tooltip_width&quot;:{&quot;unit&quot;:&quot;px&quot;,&quot;size&quot;:&quot;&quot;,&quot;sizes&quot;:[]},&quot;element_pack_global_tooltip_width_tablet&quot;:{&quot;unit&quot;:&quot;px&quot;,&quot;size&quot;:&quot;&quot;,&quot;sizes&quot;:[]},&quot;element_pack_global_tooltip_width_mobile&quot;:{&quot;unit&quot;:&quot;px&quot;,&quot;size&quot;:&quot;&quot;,&quot;sizes&quot;:[]},&quot;element_pack_global_tooltip_padding&quot;:{&quot;unit&quot;:&quot;px&quot;,&quot;top&quot;:&quot;&quot;,&quot;right&quot;:&quot;&quot;,&quot;bottom&quot;:&quot;&quot;,&quot;left&quot;:&quot;&quot;,&quot;isLinked&quot;:true},&quot;element_pack_global_tooltip_padding_tablet&quot;:{&quot;unit&quot;:&quot;px&quot;,&quot;top&quot;:&quot;&quot;,&quot;right&quot;:&quot;&quot;,&quot;bottom&quot;:&quot;&quot;,&quot;left&quot;:&quot;&quot;,&quot;isLinked&quot;:true},&quot;element_pack_global_tooltip_padding_mobile&quot;:{&quot;unit&quot;:&quot;px&quot;,&quot;top&quot;:&quot;&quot;,&quot;right&quot;:&quot;&quot;,&quot;bottom&quot;:&quot;&quot;,&quot;left&quot;:&quot;&quot;,&quot;isLinked&quot;:true},&quot;element_pack_global_tooltip_border_radius&quot;:{&quot;unit&quot;:&quot;px&quot;,&quot;top&quot;:&quot;&quot;,&quot;right&quot;:&quot;&quot;,&quot;bottom&quot;:&quot;&quot;,&quot;left&quot;:&quot;&quot;,&quot;isLinked&quot;:true},&quot;element_pack_global_tooltip_border_radius_tablet&quot;:{&quot;unit&quot;:&quot;px&quot;,&quot;top&quot;:&quot;&quot;,&quot;right&quot;:&quot;&quot;,&quot;bottom&quot;:&quot;&quot;,&quot;left&quot;:&quot;&quot;,&quot;isLinked&quot;:true},&quot;element_pack_global_tooltip_border_radius_mobile&quot;:{&quot;unit&quot;:&quot;px&quot;,&quot;top&quot;:&quot;&quot;,&quot;right&quot;:&quot;&quot;,&quot;bottom&quot;:&quot;&quot;,&quot;left&quot;:&quot;&quot;,&quot;isLinked&quot;:true}}\">\n\t\t\t\t<div class=\"elementor-element elementor-element-4656f97 e-flex e-con-boxed e-con e-parent\" data-id=\"4656f97\" data-element_type=\"container\">\n\t\t\t\t\t<div class=\"e-con-inner\">\n\t\t\t\t<div class=\"elementor-element elementor-element-78e8233 elementor-widget elementor-widget-text-editor\" data-id=\"78e8233\" data-element_type=\"widget\" data-widget_type=\"text-editor.default\">\n\t\t\t\t<div class=\"elementor-widget-container\">\n\t\t\t\t\t\t\t\t\t<p><strong>Laboratorios de Investigaci\u00f3n &#8211; Departamento de Cardiopneumologia<\/strong><\/p><p style=\"font-weight: 400;\"><strong>Servicio de Apoyo a la Investigaci\u00f3n y\u00a0Experimentaci\u00f3n Animal &#8211; Instituto do Cora\u00e7\u00e3o<\/strong><\/p><ul style=\"font-weight: 400;\"><li>Prof. Dr. Paulo Manuel P\u00eago Fernandes<\/li><li>Prof. Dr. Luiz Felipe Pinho Moreira<\/li><li>InCor &#8211; Subsuelo\u00a0&#8211; Blo<strong>co 1\u00a0\u00a0\u00a0\u00a0\u00a0\u00a0\u00a0\u00a0Tel: 2661-5259\/5327\u00a0 \u00a0<a href=\"https:\/\/www.incor.usp.br\/experimental\/quem_somos.htm\">Homepage<\/a>\u00a0\u00a0\u00a0\u00a0\u00a0<a href=\"https:\/\/pgcirurgia.incor.usp.br\/experimental\"><br \/><\/a><\/strong><\/li><\/ul><p style=\"font-weight: 400;\"><strong>LIM\/11 &#8211;\u00a0Laboratorio de Cirug\u00eda Cardiovascular y Fisiolog\u00eda de la Circulaci\u00f3n<\/strong>\u00a0<\/p><ul style=\"font-weight: 400;\"><li>Prof. Dr. F\u00e1bio Biscegli Jatene<br \/>Prof. Dr. Luiz Felipe P. Moreira<\/li><\/ul><p style=\"font-weight: 400;\">FMUSP \u2013\u00a02\u00b0. andar &#8211; Sala 2146\/2148\u00a0 \u00a0Tel:3061-7178\u00a0\u00a0\u00a0<a href=\"http:\/\/www.limhc.fm.usp.br\/portal\/lim11-laboratorio-de-cirurgia-cardiovascular-e-fisiopatologia-da-circulacao\/\">Homepage<\/a><\/p><p style=\"font-weight: 400;\"><strong>LIM\/61 &#8211; Laboratorio de Investigaci\u00f3n en Cirug\u00eda Tor\u00e1cica \u00a0<\/strong><\/p><p style=\"font-weight: 400;\">Prof. Dr. Paulo Manuel P\u00eago Fernandes<\/p><p style=\"font-weight: 400;\">Dra. Karina Andrighetti de Oliveira Braga<\/p><p style=\"font-weight: 400;\">InCor &#8211; bloco 1 &#8211;\u00a0Subsuelo\u00a0&#8211; Sala 25\u00a0 \u00a0 Tel: 2661-5297\u00a0\u00a0\u00a0\u00a0<a href=\"http:\/\/www.limhc.fm.usp.br\/portal\/lim61-laboratorio-de-pesquisa-em-cirurgia-toracica\/\">Homepage<\/a><\/p><p style=\"font-weight: 400;\"><strong>LIM\/13 &#8211; Laboratorio de Gen\u00e9tica y Cardiolog\u00eda Molecular<\/strong><\/p><ul style=\"font-weight: 400;\"><li>Prof. Dr. Jos\u00e9 Eduardo Krieger\u00a0<\/li><li>Dr. Alexandre da Costa Pereira<\/li><\/ul><p style=\"font-weight: 400;\">InCor &#8211; 10\u00b0. andar &#8211; Bloco 2\u00a0\u00a0\u00a0\u00a0\u00a0\u00a0 Tel: 2661-5579 \/ 5069\u00a0 \u00a0<a href=\"http:\/\/www.limhc.fm.usp.br\/portal\/lim13-laboratorio-de-genetica-e-cardiologia-molecular\/\">Homepage<\/a><\/p><p><strong>Centro de Tecnologia Biom\u00e9dica-Instituto do Cora\u00e7\u00e3o<\/strong><\/p><p style=\"font-weight: 400;\">Prof. Dr. Adolfo A. Leirner<\/p><p style=\"font-weight: 400;\">Profa. Dra. Idagene Cestari<\/p><p style=\"font-weight: 400;\">InCor \u00a0&#8211;\u00a0Subsuelo\u00a0&#8211; Bloco 1\u00a0\u00a0\u00a0\u00a0\u00a0\u00a0\u00a0\u00a0Tel: 2661-5528\/5529\u00a0 \u00a0\u00a0<a href=\"http:\/\/www.incor.usp.br\/sites\/bioengenharia\/pt-br\/index.html\">Homepage<\/a><\/p><p style=\"font-weight: 400;\">\u00a0<\/p><p><strong>Colaboraciones con Instituiciones Internacionales<\/strong><\/p><p style=\"font-weight: 400;\"><strong>International Heart Institute of Montana Foundation, Montana<\/strong><strong>, Estados Unidos<br \/><\/strong><strong>L&#8217;H\u00f4pitaux Europ\u00e9en Georges Pompidou e L&#8217;Universit\u00e9 Pierre e Marie Curie<\/strong><strong>, Paris, Francia<\/strong><\/p><p><strong>Colaboraciones con Instituciones y Empresas Nacionales<\/strong><\/p><p style=\"font-weight: 400;\">Instituto Dante Pazzanese de Cardiologia, S\u00e3o Paulo<\/p><p style=\"font-weight: 400;\">Centro de Pesquisa do Laborat\u00f3rio LabCor, Belo Horizonte<\/p><p style=\"font-weight: 400;\">Laborat\u00f3rio de Pesquisa da Braile Biom\u00e9dica, S\u00e3o Jos\u00e9 do Rio Preto<\/p>\t\t\t\t\t\t\t\t<\/div>\n\t\t\t\t<\/div>\n\t\t\t\t\t<\/div>\n\t\t\t\t<\/div>\n\t\t\t\t<\/div>\n\t\t","protected":false},"excerpt":{"rendered":"<p>Laboratorios de Investigaci\u00f3n &#8211; Departamento de Cardiopneumologia Servicio de Apoyo a la Investigaci\u00f3n y\u00a0Experimentaci\u00f3n Animal &#8211; Instituto do Cora\u00e7\u00e3o Prof. Dr. Paulo [&hellip;]<\/p>\n","protected":false},"author":1,"featured_media":0,"parent":0,"menu_order":0,"comment_status":"closed","ping_status":"closed","template":"","meta":{"footnotes":""},"class_list":["post-4440","page","type-page","status-publish","hentry"],"lang":"es","translations":{"es":4440},"pll_sync_post":[],"_links":{"self":[{"href":"https:\/\/pgcirurgia.incor.usp.br\/index.php\/wp-json\/wp\/v2\/pages\/4440","targetHints":{"allow":["GET"]}}],"collection":[{"href":"https:\/\/pgcirurgia.incor.usp.br\/index.php\/wp-json\/wp\/v2\/pages"}],"about":[{"href":"https:\/\/pgcirurgia.incor.usp.br\/index.php\/wp-json\/wp\/v2\/types\/page"}],"author":[{"embeddable":true,"href":"https:\/\/pgcirurgia.incor.usp.br\/index.php\/wp-json\/wp\/v2\/users\/1"}],"replies":[{"embeddable":true,"href":"https:\/\/pgcirurgia.incor.usp.br\/index.php\/wp-json\/wp\/v2\/comments?post=4440"}],"version-history":[{"count":4,"href":"https:\/\/pgcirurgia.incor.usp.br\/index.php\/wp-json\/wp\/v2\/pages\/4440\/revisions"}],"predecessor-version":[{"id":4447,"href":"https:\/\/pgcirurgia.incor.usp.br\/index.php\/wp-json\/wp\/v2\/pages\/4440\/revisions\/4447"}],"wp:attachment":[{"href":"https:\/\/pgcirurgia.incor.usp.br\/index.php\/wp-json\/wp\/v2\/media?parent=4440"}],"curies":[{"name":"wp","href":"https:\/\/api.w.org\/{rel}","templated":true}]}}