{"id":4418,"date":"2025-09-19T10:33:14","date_gmt":"2025-09-19T13:33:14","guid":{"rendered":"https:\/\/pgcirurgia.incor.usp.br\/?page_id=4418"},"modified":"2025-09-19T10:33:45","modified_gmt":"2025-09-19T13:33:45","slug":"desvinculacion-del-programa","status":"publish","type":"page","link":"https:\/\/pgcirurgia.incor.usp.br\/index.php\/es\/desvinculacion-del-programa\/","title":{"rendered":"Desvinculaci\u00f3n del Programa"},"content":{"rendered":"\t\t<div data-elementor-type=\"wp-page\" data-elementor-id=\"4418\" class=\"elementor elementor-4418\" data-elementor-settings=\"{&quot;element_pack_global_tooltip_width&quot;:{&quot;unit&quot;:&quot;px&quot;,&quot;size&quot;:&quot;&quot;,&quot;sizes&quot;:[]},&quot;element_pack_global_tooltip_width_tablet&quot;:{&quot;unit&quot;:&quot;px&quot;,&quot;size&quot;:&quot;&quot;,&quot;sizes&quot;:[]},&quot;element_pack_global_tooltip_width_mobile&quot;:{&quot;unit&quot;:&quot;px&quot;,&quot;size&quot;:&quot;&quot;,&quot;sizes&quot;:[]},&quot;element_pack_global_tooltip_padding&quot;:{&quot;unit&quot;:&quot;px&quot;,&quot;top&quot;:&quot;&quot;,&quot;right&quot;:&quot;&quot;,&quot;bottom&quot;:&quot;&quot;,&quot;left&quot;:&quot;&quot;,&quot;isLinked&quot;:true},&quot;element_pack_global_tooltip_padding_tablet&quot;:{&quot;unit&quot;:&quot;px&quot;,&quot;top&quot;:&quot;&quot;,&quot;right&quot;:&quot;&quot;,&quot;bottom&quot;:&quot;&quot;,&quot;left&quot;:&quot;&quot;,&quot;isLinked&quot;:true},&quot;element_pack_global_tooltip_padding_mobile&quot;:{&quot;unit&quot;:&quot;px&quot;,&quot;top&quot;:&quot;&quot;,&quot;right&quot;:&quot;&quot;,&quot;bottom&quot;:&quot;&quot;,&quot;left&quot;:&quot;&quot;,&quot;isLinked&quot;:true},&quot;element_pack_global_tooltip_border_radius&quot;:{&quot;unit&quot;:&quot;px&quot;,&quot;top&quot;:&quot;&quot;,&quot;right&quot;:&quot;&quot;,&quot;bottom&quot;:&quot;&quot;,&quot;left&quot;:&quot;&quot;,&quot;isLinked&quot;:true},&quot;element_pack_global_tooltip_border_radius_tablet&quot;:{&quot;unit&quot;:&quot;px&quot;,&quot;top&quot;:&quot;&quot;,&quot;right&quot;:&quot;&quot;,&quot;bottom&quot;:&quot;&quot;,&quot;left&quot;:&quot;&quot;,&quot;isLinked&quot;:true},&quot;element_pack_global_tooltip_border_radius_mobile&quot;:{&quot;unit&quot;:&quot;px&quot;,&quot;top&quot;:&quot;&quot;,&quot;right&quot;:&quot;&quot;,&quot;bottom&quot;:&quot;&quot;,&quot;left&quot;:&quot;&quot;,&quot;isLinked&quot;:true}}\">\n\t\t\t\t<div class=\"elementor-element elementor-element-4656f97 e-flex e-con-boxed e-con e-parent\" data-id=\"4656f97\" data-element_type=\"container\">\n\t\t\t\t\t<div class=\"e-con-inner\">\n\t\t\t\t<div class=\"elementor-element elementor-element-78e8233 elementor-widget elementor-widget-text-editor\" data-id=\"78e8233\" data-element_type=\"widget\" data-widget_type=\"text-editor.default\">\n\t\t\t\t<div class=\"elementor-widget-container\">\n\t\t\t\t\t\t\t\t\t<p>El alumno se desvincular\u00e1 del curso si ocurre una de las siguientes hip\u00f3tesis:<\/p><ul><li>Si es suspendido dos veces en la misma asignatura o suspendido en tres asignaturas distintas;<\/li><li>Si no efect\u00faa la matr\u00edcula regularmente, en cada per\u00edodo lectivo, dentro del plazo previsto en el calendario escolar fijado por la Comisi\u00f3n de Posgrado;<\/li><li>Si es suspendido por segunda vez en la prueba de calificaci\u00f3n;<\/li><li>Si no cumple cualquier actividad o exigencia en los plazos regimentales;<\/li><li>A pedido del interesado; y<\/li><li>Desempe\u00f1o acad\u00e9mico y cient\u00edfico insatisfactorio, con base en criterios objetivos establecidos por el Programa o por la Comisi\u00f3n de Posgrado de la FMUSP.<\/li><\/ul>\t\t\t\t\t\t\t\t<\/div>\n\t\t\t\t<\/div>\n\t\t\t\t\t<\/div>\n\t\t\t\t<\/div>\n\t\t\t\t<\/div>\n\t\t","protected":false},"excerpt":{"rendered":"<p>El alumno se desvincular\u00e1 del curso si ocurre una de las siguientes hip\u00f3tesis: Si es suspendido dos veces en la misma asignatura [&hellip;]<\/p>\n","protected":false},"author":1,"featured_media":0,"parent":0,"menu_order":0,"comment_status":"closed","ping_status":"closed","template":"","meta":{"footnotes":""},"class_list":["post-4418","page","type-page","status-publish","hentry"],"lang":"es","translations":{"es":4418},"pll_sync_post":[],"_links":{"self":[{"href":"https:\/\/pgcirurgia.incor.usp.br\/index.php\/wp-json\/wp\/v2\/pages\/4418","targetHints":{"allow":["GET"]}}],"collection":[{"href":"https:\/\/pgcirurgia.incor.usp.br\/index.php\/wp-json\/wp\/v2\/pages"}],"about":[{"href":"https:\/\/pgcirurgia.incor.usp.br\/index.php\/wp-json\/wp\/v2\/types\/page"}],"author":[{"embeddable":true,"href":"https:\/\/pgcirurgia.incor.usp.br\/index.php\/wp-json\/wp\/v2\/users\/1"}],"replies":[{"embeddable":true,"href":"https:\/\/pgcirurgia.incor.usp.br\/index.php\/wp-json\/wp\/v2\/comments?post=4418"}],"version-history":[{"count":4,"href":"https:\/\/pgcirurgia.incor.usp.br\/index.php\/wp-json\/wp\/v2\/pages\/4418\/revisions"}],"predecessor-version":[{"id":4422,"href":"https:\/\/pgcirurgia.incor.usp.br\/index.php\/wp-json\/wp\/v2\/pages\/4418\/revisions\/4422"}],"wp:attachment":[{"href":"https:\/\/pgcirurgia.incor.usp.br\/index.php\/wp-json\/wp\/v2\/media?parent=4418"}],"curies":[{"name":"wp","href":"https:\/\/api.w.org\/{rel}","templated":true}]}}