{"id":4320,"date":"2025-09-17T11:34:23","date_gmt":"2025-09-17T14:34:23","guid":{"rendered":"https:\/\/pgcirurgia.incor.usp.br\/?page_id=4320"},"modified":"2025-09-17T11:35:32","modified_gmt":"2025-09-17T14:35:32","slug":"laboratories-technical-scientific-partnerships","status":"publish","type":"page","link":"https:\/\/pgcirurgia.incor.usp.br\/index.php\/en\/laboratories-technical-scientific-partnerships\/","title":{"rendered":"Laboratories \/ Technical-Scientific Partnerships"},"content":{"rendered":"\t\t<div data-elementor-type=\"wp-page\" data-elementor-id=\"4320\" class=\"elementor elementor-4320\" data-elementor-settings=\"{&quot;element_pack_global_tooltip_width&quot;:{&quot;unit&quot;:&quot;px&quot;,&quot;size&quot;:&quot;&quot;,&quot;sizes&quot;:[]},&quot;element_pack_global_tooltip_width_tablet&quot;:{&quot;unit&quot;:&quot;px&quot;,&quot;size&quot;:&quot;&quot;,&quot;sizes&quot;:[]},&quot;element_pack_global_tooltip_width_mobile&quot;:{&quot;unit&quot;:&quot;px&quot;,&quot;size&quot;:&quot;&quot;,&quot;sizes&quot;:[]},&quot;element_pack_global_tooltip_padding&quot;:{&quot;unit&quot;:&quot;px&quot;,&quot;top&quot;:&quot;&quot;,&quot;right&quot;:&quot;&quot;,&quot;bottom&quot;:&quot;&quot;,&quot;left&quot;:&quot;&quot;,&quot;isLinked&quot;:true},&quot;element_pack_global_tooltip_padding_tablet&quot;:{&quot;unit&quot;:&quot;px&quot;,&quot;top&quot;:&quot;&quot;,&quot;right&quot;:&quot;&quot;,&quot;bottom&quot;:&quot;&quot;,&quot;left&quot;:&quot;&quot;,&quot;isLinked&quot;:true},&quot;element_pack_global_tooltip_padding_mobile&quot;:{&quot;unit&quot;:&quot;px&quot;,&quot;top&quot;:&quot;&quot;,&quot;right&quot;:&quot;&quot;,&quot;bottom&quot;:&quot;&quot;,&quot;left&quot;:&quot;&quot;,&quot;isLinked&quot;:true},&quot;element_pack_global_tooltip_border_radius&quot;:{&quot;unit&quot;:&quot;px&quot;,&quot;top&quot;:&quot;&quot;,&quot;right&quot;:&quot;&quot;,&quot;bottom&quot;:&quot;&quot;,&quot;left&quot;:&quot;&quot;,&quot;isLinked&quot;:true},&quot;element_pack_global_tooltip_border_radius_tablet&quot;:{&quot;unit&quot;:&quot;px&quot;,&quot;top&quot;:&quot;&quot;,&quot;right&quot;:&quot;&quot;,&quot;bottom&quot;:&quot;&quot;,&quot;left&quot;:&quot;&quot;,&quot;isLinked&quot;:true},&quot;element_pack_global_tooltip_border_radius_mobile&quot;:{&quot;unit&quot;:&quot;px&quot;,&quot;top&quot;:&quot;&quot;,&quot;right&quot;:&quot;&quot;,&quot;bottom&quot;:&quot;&quot;,&quot;left&quot;:&quot;&quot;,&quot;isLinked&quot;:true}}\">\n\t\t\t\t<div class=\"elementor-element elementor-element-4656f97 e-flex e-con-boxed e-con e-parent\" data-id=\"4656f97\" data-element_type=\"container\">\n\t\t\t\t\t<div class=\"e-con-inner\">\n\t\t\t\t<div class=\"elementor-element elementor-element-78e8233 elementor-widget elementor-widget-text-editor\" data-id=\"78e8233\" data-element_type=\"widget\" data-widget_type=\"text-editor.default\">\n\t\t\t\t<div class=\"elementor-widget-container\">\n\t\t\t\t\t\t\t\t\t<h4 style=\"text-align: left;\">Research Laboratories &#8211; Department of Cardiopneumology<\/h4><p style=\"text-align: left;\">Service of Research and Animal Experimentation Support &#8211; Heart Institute<br \/>InCor\u00a0 &#8211; Subsolo &#8211; Bloco 1 \u00a0Phone: +55-11-2661-5259\/5327\u00a0\u00a0<a href=\"https:\/\/www.incor.usp.br\/experimental\/quem_somos.htm\">Homepage<\/a><\/p><p style=\"text-align: left;\">LIM\/11 &#8211; Laboratory of Cardiovascular Surgery and Physiology of Circulation<br \/>FMUSP &#8211; 2\u00ba andar &#8211; Sala 2146\/2148\u00a0 Phone: +55-11-3061-7178\u00a0\u00a0\u00a0<a href=\"http:\/\/www.limhc.fm.usp.br\/portal\/lim11-laboratorio-de-cirurgia-cardiovascular-e-fisiopatologia-da-circulacao\/\">Homepage<\/a><\/p><p style=\"text-align: left;\">LIM\/61 &#8211; Laboratory of Thoracic Surgery Research<br \/>InCor &#8211; Bloco 1 &#8211; Subsolo &#8211; Sala 25\u00a0 Phone: +55-11-2661-5297\u00a0 \u00a0<a href=\"http:\/\/www.limhc.fm.usp.br\/portal\/lim61-laboratorio-de-pesquisa-em-cirurgia-toracica\/\">Homepage<\/a><\/p><p style=\"text-align: left;\">LIM\/13 &#8211; Laboratory of Genetics and Molecular Cardiology<br \/>InCor &#8211; 10\u00ba andar &#8211; Bloco 2\u00a0\u00a0 Phone: +55-11-2661-5579 \/ 5069\u00a0<a href=\"http:\/\/www.limhc.fm.usp.br\/portal\/lim13-laboratorio-de-genetica-e-cardiologia-molecular\/\">Homepage<\/a><\/p><h4 style=\"text-align: left;\">Center of Biomedical Technology &#8211; Heart Institute<\/h4><p style=\"text-align: left;\">InCor &#8211; Subsolo &#8211; Bloco 1\u00a0\u00a0 Phone: +55-11-2661-5528\/\u00a0<a href=\"http:\/\/www.incor.usp.br\/sites\/bioengenharia\/pt-br\/index.html\">Home page<\/a><\/p><h4 style=\"text-align: left;\">Partnerships with International Institutions<\/h4><p style=\"text-align: left;\">International Heart Institute of Montana Foundation, Montana, United States<br \/>L&#8217;H\u00f4pitaux Europ\u00e9en Georges Pompidou and L&#8217;Universit\u00e9 Pierre e Marie Curie, Paris, France<\/p><h4 style=\"text-align: left;\">Partnerships with National Institutions and Companies<\/h4><p style=\"text-align: left;\">Instituto Dante Pazzanese de Cardiologia, S\u00e3o Paulo<\/p><p style=\"text-align: left;\">Centro de Pesquisa do Laborat\u00f3rio LabCor, Belo Horizonte<\/p><p style=\"text-align: left;\">Laborat\u00f3rio de Pesquisa da Braile Biom\u00e9dica, S\u00e3o Jos\u00e9 do Rio Preto<\/p>\t\t\t\t\t\t\t\t<\/div>\n\t\t\t\t<\/div>\n\t\t\t\t\t<\/div>\n\t\t\t\t<\/div>\n\t\t\t\t<\/div>\n\t\t","protected":false},"excerpt":{"rendered":"<p>Research Laboratories &#8211; Department of Cardiopneumology Service of Research and Animal Experimentation Support &#8211; Heart InstituteInCor\u00a0 &#8211; Subsolo &#8211; Bloco 1 \u00a0Phone: [&hellip;]<\/p>\n","protected":false},"author":1,"featured_media":0,"parent":0,"menu_order":0,"comment_status":"closed","ping_status":"closed","template":"","meta":{"footnotes":""},"class_list":["post-4320","page","type-page","status-publish","hentry"],"lang":"en","translations":{"en":4320},"pll_sync_post":[],"_links":{"self":[{"href":"https:\/\/pgcirurgia.incor.usp.br\/index.php\/wp-json\/wp\/v2\/pages\/4320","targetHints":{"allow":["GET"]}}],"collection":[{"href":"https:\/\/pgcirurgia.incor.usp.br\/index.php\/wp-json\/wp\/v2\/pages"}],"about":[{"href":"https:\/\/pgcirurgia.incor.usp.br\/index.php\/wp-json\/wp\/v2\/types\/page"}],"author":[{"embeddable":true,"href":"https:\/\/pgcirurgia.incor.usp.br\/index.php\/wp-json\/wp\/v2\/users\/1"}],"replies":[{"embeddable":true,"href":"https:\/\/pgcirurgia.incor.usp.br\/index.php\/wp-json\/wp\/v2\/comments?post=4320"}],"version-history":[{"count":4,"href":"https:\/\/pgcirurgia.incor.usp.br\/index.php\/wp-json\/wp\/v2\/pages\/4320\/revisions"}],"predecessor-version":[{"id":4324,"href":"https:\/\/pgcirurgia.incor.usp.br\/index.php\/wp-json\/wp\/v2\/pages\/4320\/revisions\/4324"}],"wp:attachment":[{"href":"https:\/\/pgcirurgia.incor.usp.br\/index.php\/wp-json\/wp\/v2\/media?parent=4320"}],"curies":[{"name":"wp","href":"https:\/\/api.w.org\/{rel}","templated":true}]}}