{"id":4142,"date":"2025-05-07T09:57:59","date_gmt":"2025-05-07T12:57:59","guid":{"rendered":"http:\/\/localhost\/pgcirurgia\/?page_id=21"},"modified":"2025-12-16T15:55:35","modified_gmt":"2025-12-16T18:55:35","slug":"home","status":"publish","type":"page","link":"https:\/\/pgcirurgia.incor.usp.br\/index.php\/es\/home\/","title":{"rendered":"Home &#8211; ES"},"content":{"rendered":"\t\t<div data-elementor-type=\"wp-page\" data-elementor-id=\"4142\" class=\"elementor elementor-4142\" data-elementor-settings=\"{&quot;element_pack_global_tooltip_width&quot;:{&quot;unit&quot;:&quot;px&quot;,&quot;size&quot;:&quot;&quot;,&quot;sizes&quot;:[]},&quot;element_pack_global_tooltip_width_tablet&quot;:{&quot;unit&quot;:&quot;px&quot;,&quot;size&quot;:&quot;&quot;,&quot;sizes&quot;:[]},&quot;element_pack_global_tooltip_width_mobile&quot;:{&quot;unit&quot;:&quot;px&quot;,&quot;size&quot;:&quot;&quot;,&quot;sizes&quot;:[]},&quot;element_pack_global_tooltip_padding&quot;:{&quot;unit&quot;:&quot;px&quot;,&quot;top&quot;:&quot;&quot;,&quot;right&quot;:&quot;&quot;,&quot;bottom&quot;:&quot;&quot;,&quot;left&quot;:&quot;&quot;,&quot;isLinked&quot;:true},&quot;element_pack_global_tooltip_padding_tablet&quot;:{&quot;unit&quot;:&quot;px&quot;,&quot;top&quot;:&quot;&quot;,&quot;right&quot;:&quot;&quot;,&quot;bottom&quot;:&quot;&quot;,&quot;left&quot;:&quot;&quot;,&quot;isLinked&quot;:true},&quot;element_pack_global_tooltip_padding_mobile&quot;:{&quot;unit&quot;:&quot;px&quot;,&quot;top&quot;:&quot;&quot;,&quot;right&quot;:&quot;&quot;,&quot;bottom&quot;:&quot;&quot;,&quot;left&quot;:&quot;&quot;,&quot;isLinked&quot;:true},&quot;element_pack_global_tooltip_border_radius&quot;:{&quot;unit&quot;:&quot;px&quot;,&quot;top&quot;:&quot;&quot;,&quot;right&quot;:&quot;&quot;,&quot;bottom&quot;:&quot;&quot;,&quot;left&quot;:&quot;&quot;,&quot;isLinked&quot;:true},&quot;element_pack_global_tooltip_border_radius_tablet&quot;:{&quot;unit&quot;:&quot;px&quot;,&quot;top&quot;:&quot;&quot;,&quot;right&quot;:&quot;&quot;,&quot;bottom&quot;:&quot;&quot;,&quot;left&quot;:&quot;&quot;,&quot;isLinked&quot;:true},&quot;element_pack_global_tooltip_border_radius_mobile&quot;:{&quot;unit&quot;:&quot;px&quot;,&quot;top&quot;:&quot;&quot;,&quot;right&quot;:&quot;&quot;,&quot;bottom&quot;:&quot;&quot;,&quot;left&quot;:&quot;&quot;,&quot;isLinked&quot;:true}}\">\n\t\t\t\t<div class=\"elementor-element elementor-element-001d828 e-con-full e-flex e-con e-parent\" data-id=\"001d828\" data-element_type=\"container\" data-settings=\"{&quot;background_background&quot;:&quot;classic&quot;}\">\n\t\t\t\t<div class=\"elementor-element elementor-element-160f328 elementor-align-left bdt-navigation-type-arrows elementor-invisible elementor-widget elementor-widget-bdt-slider\" data-id=\"160f328\" data-element_type=\"widget\" data-settings=\"{&quot;_animation&quot;:&quot;zoomOut&quot;}\" data-widget_type=\"bdt-slider.default\">\n\t\t\t\t<div class=\"elementor-widget-container\">\n\t\t\t\t\t\t\t<div id=\"bdt-slider-160f328\" class=\"bdt-slider bdt-arrows-align-center-right\" data-settings=\"{&quot;autoplay&quot;:{&quot;delay&quot;:5000},&quot;loop&quot;:true,&quot;speed&quot;:500,&quot;pauseOnHover&quot;:true,&quot;effect&quot;:&quot;slide&quot;,&quot;navigation&quot;:{&quot;nextEl&quot;:&quot;#bdt-slider-160f328 .bdt-navigation-next&quot;,&quot;prevEl&quot;:&quot;#bdt-slider-160f328 .bdt-navigation-prev&quot;},&quot;pagination&quot;:{&quot;el&quot;:&quot;#bdt-slider-160f328 .swiper-pagination&quot;,&quot;type&quot;:&quot;&quot;,&quot;clickable&quot;:&quot;true&quot;,&quot;dynamicBullets&quot;:false},&quot;scrollbar&quot;:{&quot;el&quot;:&quot;#bdt-slider-160f328 .swiper-scrollbar&quot;,&quot;hide&quot;:&quot;true&quot;}}\">\n\t\t\t<div class=\"swiper-carousel swiper\" role=\"region\" aria-roledescription=\"carousel\" aria-label=\"Slider\" dir=\"ltr\">\n\t\t\t\t\t\t<div class=\"swiper-wrapper\">\n\t\t\t\t\t<div class=\"bdt-slide-item swiper-slide bdt-slide-effect-bottom\">\n\n\t\t\t\t\n\t\t\t\t\t\t\t\t\t\t\t<div class=\"bdt-slider-image-wrapper\">\n\t\t\t\t\t\t\t<img fetchpriority=\"high\" decoding=\"async\" width=\"2057\" height=\"1000\" src=\"https:\/\/pgcirurgia.incor.usp.br\/wp-content\/uploads\/2025\/08\/banner00-short.jpg\" class=\"bdt-cover\" alt=\"Ver las \u00faltimas tesis defendidas\" data-bdt-cover=\"1\" srcset=\"https:\/\/pgcirurgia.incor.usp.br\/wp-content\/uploads\/2025\/08\/banner00-short.jpg 2057w, https:\/\/pgcirurgia.incor.usp.br\/wp-content\/uploads\/2025\/08\/banner00-short-300x146.jpg 300w, https:\/\/pgcirurgia.incor.usp.br\/wp-content\/uploads\/2025\/08\/banner00-short-1024x498.jpg 1024w, https:\/\/pgcirurgia.incor.usp.br\/wp-content\/uploads\/2025\/08\/banner00-short-768x373.jpg 768w, https:\/\/pgcirurgia.incor.usp.br\/wp-content\/uploads\/2025\/08\/banner00-short-1536x747.jpg 1536w, https:\/\/pgcirurgia.incor.usp.br\/wp-content\/uploads\/2025\/08\/banner00-short-2048x996.jpg 2048w, https:\/\/pgcirurgia.incor.usp.br\/wp-content\/uploads\/2025\/08\/banner00-short-650x316.jpg 650w\" sizes=\"(max-width: 2057px) 100vw, 2057px\" \/>\t\t\t\t\t\t<\/div>\n\t\t\t\t\t\n\t\t\t\t\t<div class=\"bdt-slide-desc bdt-position-large bdt-position-center-left bdt-position-z-index\">\n\n\t\t\t\t\t\t\t\t\t\t\t\t\t<h2 class=\"bdt-slide-title bdt-clearfix\">\n\t\t\t\t\t\t\t\tVer las \u00faltimas tesis defendidas\t\t\t\t\t\t\t<\/h2>\n\t\t\t\t\t\t\n\t\t\t\t\t\t\n\t\t\t\t\t\t\t\t\t\t\t\t\t<div class=\"bdt-slide-link-wrapper\">\n\t\t\t\t\t\t\t\t<a class=\"bdt-slide-link \" href=\"https:\/\/pgcirurgia.incor.usp.br\/index.php\/egressos-teses-2025\/\">\n\n\t\t\t\t\t\t\t\t\tM\u00e1s informaci\u00f3n\n\t\t\t\t\t\t\t\t\t\t\t\t\t\t\t\t\t\t\t<span class=\"bdt-button-icon-align-right\">\n\n\t\t\t\t\t\t\t\t\t\t\t<svg aria-hidden=\"true\" class=\"fa-fw e-font-icon-svg e-fas-arrow-alt-circle-right\" viewBox=\"0 0 512 512\" xmlns=\"http:\/\/www.w3.org\/2000\/svg\"><path d=\"M256 8c137 0 248 111 248 248S393 504 256 504 8 393 8 256 119 8 256 8zM140 300h116v70.9c0 10.7 13 16.1 20.5 8.5l114.3-114.9c4.7-4.7 4.7-12.2 0-16.9l-114.3-115c-7.6-7.6-20.5-2.2-20.5 8.5V212H140c-6.6 0-12 5.4-12 12v64c0 6.6 5.4 12 12 12z\"><\/path><\/svg>\n\t\t\t\t\t\t\t\t\t\t<\/span>\n\t\t\t\t\t\t\t\t\t\t\t\t\t\t\t\t\t<\/a>\n\t\t\t\t\t\t\t<\/div>\n\t\t\t\t\t\t\t\t\t\t\t<\/div>\n\n\t\t\t\t\n\t\t\t<\/div>\n\t\t\t\t\t\t<div class=\"bdt-slide-item swiper-slide bdt-slide-effect-bottom\">\n\n\t\t\t\t\n\t\t\t\t\t\t\t\t\t\t\t<div class=\"bdt-slider-image-wrapper\">\n\t\t\t\t\t\t\t<img decoding=\"async\" width=\"2057\" height=\"1000\" src=\"https:\/\/pgcirurgia.incor.usp.br\/wp-content\/uploads\/2025\/08\/banner00b-short.jpg\" class=\"bdt-cover\" alt=\"Conozca el Programa de Cirug\u00eda Tor\u00e1cica y Cardiovascular\" data-bdt-cover=\"1\" srcset=\"https:\/\/pgcirurgia.incor.usp.br\/wp-content\/uploads\/2025\/08\/banner00b-short.jpg 2057w, https:\/\/pgcirurgia.incor.usp.br\/wp-content\/uploads\/2025\/08\/banner00b-short-300x146.jpg 300w, https:\/\/pgcirurgia.incor.usp.br\/wp-content\/uploads\/2025\/08\/banner00b-short-1024x498.jpg 1024w, https:\/\/pgcirurgia.incor.usp.br\/wp-content\/uploads\/2025\/08\/banner00b-short-768x373.jpg 768w, https:\/\/pgcirurgia.incor.usp.br\/wp-content\/uploads\/2025\/08\/banner00b-short-1536x747.jpg 1536w, https:\/\/pgcirurgia.incor.usp.br\/wp-content\/uploads\/2025\/08\/banner00b-short-2048x996.jpg 2048w, https:\/\/pgcirurgia.incor.usp.br\/wp-content\/uploads\/2025\/08\/banner00b-short-650x316.jpg 650w\" sizes=\"(max-width: 2057px) 100vw, 2057px\" \/>\t\t\t\t\t\t<\/div>\n\t\t\t\t\t\n\t\t\t\t\t<div class=\"bdt-slide-desc bdt-position-large bdt-position-center-left bdt-position-z-index\">\n\n\t\t\t\t\t\t\t\t\t\t\t\t\t<h2 class=\"bdt-slide-title bdt-clearfix\">\n\t\t\t\t\t\t\t\tConozca el Programa de Cirug\u00eda Tor\u00e1cica y Cardiovascular\t\t\t\t\t\t\t<\/h2>\n\t\t\t\t\t\t\n\t\t\t\t\t\t\n\t\t\t\t\t\t\t\t\t\t\t<\/div>\n\n\t\t\t\t\n\t\t\t<\/div>\n\t\t\t\t\t\t<div class=\"bdt-slide-item swiper-slide bdt-slide-effect-bottom\">\n\n\t\t\t\t\n\t\t\t\t\t\t\t\t\t\t\t<div class=\"bdt-slider-image-wrapper\">\n\t\t\t\t\t\t\t<img decoding=\"async\" width=\"2057\" height=\"1000\" src=\"https:\/\/pgcirurgia.incor.usp.br\/wp-content\/uploads\/2025\/08\/banner03-short.jpg\" class=\"bdt-cover\" alt=\"Aspectos destacados del programa\" data-bdt-cover=\"1\" srcset=\"https:\/\/pgcirurgia.incor.usp.br\/wp-content\/uploads\/2025\/08\/banner03-short.jpg 2057w, https:\/\/pgcirurgia.incor.usp.br\/wp-content\/uploads\/2025\/08\/banner03-short-300x146.jpg 300w, https:\/\/pgcirurgia.incor.usp.br\/wp-content\/uploads\/2025\/08\/banner03-short-1024x498.jpg 1024w, https:\/\/pgcirurgia.incor.usp.br\/wp-content\/uploads\/2025\/08\/banner03-short-768x373.jpg 768w, https:\/\/pgcirurgia.incor.usp.br\/wp-content\/uploads\/2025\/08\/banner03-short-1536x747.jpg 1536w, https:\/\/pgcirurgia.incor.usp.br\/wp-content\/uploads\/2025\/08\/banner03-short-2048x996.jpg 2048w, https:\/\/pgcirurgia.incor.usp.br\/wp-content\/uploads\/2025\/08\/banner03-short-650x316.jpg 650w\" sizes=\"(max-width: 2057px) 100vw, 2057px\" \/>\t\t\t\t\t\t<\/div>\n\t\t\t\t\t\n\t\t\t\t\t<div class=\"bdt-slide-desc bdt-position-large bdt-position-center-left bdt-position-z-index\">\n\n\t\t\t\t\t\t\t\t\t\t\t\t\t<h2 class=\"bdt-slide-title bdt-clearfix\">\n\t\t\t\t\t\t\t\tAspectos destacados del programa\t\t\t\t\t\t\t<\/h2>\n\t\t\t\t\t\t\n\t\t\t\t\t\t\n\t\t\t\t\t\t\t\t\t\t\t\t\t<div class=\"bdt-slide-link-wrapper\">\n\t\t\t\t\t\t\t\t<a class=\"bdt-slide-link \" href=\"https:\/\/pgcirurgia.incor.usp.br\/index.php\/destaques\/\">\n\n\t\t\t\t\t\t\t\t\tM\u00e1s informaci\u00f3n\n\t\t\t\t\t\t\t\t\t\t\t\t\t\t\t\t\t\t\t<span class=\"bdt-button-icon-align-right\">\n\n\t\t\t\t\t\t\t\t\t\t\t<svg aria-hidden=\"true\" class=\"fa-fw e-font-icon-svg e-fas-arrow-alt-circle-right\" viewBox=\"0 0 512 512\" xmlns=\"http:\/\/www.w3.org\/2000\/svg\"><path d=\"M256 8c137 0 248 111 248 248S393 504 256 504 8 393 8 256 119 8 256 8zM140 300h116v70.9c0 10.7 13 16.1 20.5 8.5l114.3-114.9c4.7-4.7 4.7-12.2 0-16.9l-114.3-115c-7.6-7.6-20.5-2.2-20.5 8.5V212H140c-6.6 0-12 5.4-12 12v64c0 6.6 5.4 12 12 12z\"><\/path><\/svg>\n\t\t\t\t\t\t\t\t\t\t<\/span>\n\t\t\t\t\t\t\t\t\t\t\t\t\t\t\t\t\t<\/a>\n\t\t\t\t\t\t\t<\/div>\n\t\t\t\t\t\t\t\t\t\t\t<\/div>\n\n\t\t\t\t\n\t\t\t<\/div>\n\t\t\t\t\t<\/div>\n\t\t\t\t<\/div>\n\n\t\t\t\t\t<div class=\"bdt-position-z-index bdt-position-center-right bdt-visible@m\">\n\t\t\t\t<div class=\"bdt-arrows-container bdt-slidenav-container\">\n\t\t\t\t\t<a href=\"\" class=\"bdt-navigation-prev bdt-slidenav-previous bdt-icon bdt-slidenav\">\n\t\t\t\t\t\t<i class=\"ep-icon-arrow-left-3\" aria-hidden=\"true\"><\/i>\n\t\t\t\t\t<\/a>\n\t\t\t\t\t<a href=\"\" class=\"bdt-navigation-next bdt-slidenav-next bdt-icon bdt-slidenav\">\n\t\t\t\t\t\t<i class=\"ep-icon-arrow-right-3\" aria-hidden=\"true\"><\/i>\n\t\t\t\t\t<\/a>\n\t\t\t\t<\/div>\n\t\t\t<\/div>\n\t\t\t\t<\/div>\n\t\t\t\t\t\t<\/div>\n\t\t\t\t<\/div>\n\t\t\t\t<\/div>\n\t\t<div class=\"elementor-element elementor-element-a3f8745 e-con-full e-flex e-con e-parent\" data-id=\"a3f8745\" data-element_type=\"container\">\n\t\t<div class=\"elementor-element elementor-element-5c8489e e-con-full e-flex e-con e-child\" data-id=\"5c8489e\" data-element_type=\"container\">\n\t\t\t\t<div class=\"elementor-element elementor-element-1aabdd9 elementor-widget elementor-widget-image\" data-id=\"1aabdd9\" data-element_type=\"widget\" data-widget_type=\"image.default\">\n\t\t\t\t<div class=\"elementor-widget-container\">\n\t\t\t\t\t\t\t\t\t\t\t\t\t\t\t<img loading=\"lazy\" decoding=\"async\" width=\"975\" height=\"636\" src=\"https:\/\/pgcirurgia.incor.usp.br\/wp-content\/uploads\/2025\/05\/banner-home.png\" class=\"attachment-large size-large wp-image-467\" alt=\"\" srcset=\"https:\/\/pgcirurgia.incor.usp.br\/wp-content\/uploads\/2025\/05\/banner-home.png 975w, https:\/\/pgcirurgia.incor.usp.br\/wp-content\/uploads\/2025\/05\/banner-home-300x196.png 300w, https:\/\/pgcirurgia.incor.usp.br\/wp-content\/uploads\/2025\/05\/banner-home-768x501.png 768w, https:\/\/pgcirurgia.incor.usp.br\/wp-content\/uploads\/2025\/05\/banner-home-650x424.png 650w\" sizes=\"(max-width: 975px) 100vw, 975px\" \/>\t\t\t\t\t\t\t\t\t\t\t\t\t\t\t<\/div>\n\t\t\t\t<\/div>\n\t\t\t\t<\/div>\n\t\t<div class=\"elementor-element elementor-element-d39665c e-con-full e-flex e-con e-child\" data-id=\"d39665c\" data-element_type=\"container\">\n\t\t\t\t<div class=\"elementor-element elementor-element-79bcd94 elementor-widget elementor-widget-heading\" data-id=\"79bcd94\" data-element_type=\"widget\" data-widget_type=\"heading.default\">\n\t\t\t\t<div class=\"elementor-widget-container\">\n\t\t\t\t\t<h2 class=\"elementor-heading-title elementor-size-default\">El Programa de Posgrado<\/h2>\t\t\t\t<\/div>\n\t\t\t\t<\/div>\n\t\t\t\t<div class=\"elementor-element elementor-element-26c5a54 elementor-widget elementor-widget-heading\" data-id=\"26c5a54\" data-element_type=\"widget\" data-widget_type=\"heading.default\">\n\t\t\t\t<div class=\"elementor-widget-container\">\n\t\t\t\t\t<h2 class=\"elementor-heading-title elementor-size-default\">Cirug\u00eda Tor\u00e1cica y Cardiovascular<\/h2>\t\t\t\t<\/div>\n\t\t\t\t<\/div>\n\t\t\t\t<div class=\"elementor-element elementor-element-0902f70 elementor-widget elementor-widget-text-editor\" data-id=\"0902f70\" data-element_type=\"widget\" data-widget_type=\"text-editor.default\">\n\t\t\t\t<div class=\"elementor-widget-container\">\n\t\t\t\t\t\t\t\t\t<p>El Programa de Posgrado en Cirug\u00eda Tor\u00e1cica y Cardiovascular, Stricto Sensu, de la Facultad de Medicina de la\u00a0Universidade\u00a0de S\u00e3o Paulo (FMUSP) inici\u00f3 sus actividades en 1989, con el objetivo de fomentar la formaci\u00f3n intelectual y la producci\u00f3n de conocimiento en su \u00e1rea de concentraci\u00f3n. Este programa tiene como sede el\u00a0Instituto do Cora\u00e7\u00e3o\u00a0del Hospital das Cl\u00ednicas de la FMUSP y comprende un conjunto de actividades acompa\u00f1adas por un tudor, que incluyen y privilegian la ense\u00f1anza y la investigaci\u00f3n.<\/p><p>El Programa de Posgrado en Cirug\u00eda Tor\u00e1cica y Cardiovascular est\u00e1 clasificado actualmente como nivel 4 por la Coordinaci\u00f3n de Perfeccionamiento de Personal de Nivel Superior (Coordena\u00e7\u00e3o de Aperfei\u00e7oamento de Pessoal de N\u00edvel Superior, CAPES).<\/p>\t\t\t\t\t\t\t\t<\/div>\n\t\t\t\t<\/div>\n\t\t\t\t<\/div>\n\t\t\t\t<\/div>\n\t\t<div class=\"elementor-element elementor-element-7b8a7bd e-flex e-con-boxed e-con e-parent\" data-id=\"7b8a7bd\" data-element_type=\"container\">\n\t\t\t\t\t<div class=\"e-con-inner\">\n\t\t<div class=\"elementor-element elementor-element-f89adfe e-con-full e-flex e-con e-child\" data-id=\"f89adfe\" data-element_type=\"container\" data-settings=\"{&quot;background_background&quot;:&quot;classic&quot;}\">\n\t\t\t\t<div class=\"elementor-element elementor-element-ea26a45 bdt-title-link-yes bdt-icon-type-icon elementor-position-top bdt-icon-effect-none elementor-widget elementor-widget-bdt-advanced-icon-box\" data-id=\"ea26a45\" data-element_type=\"widget\" data-widget_type=\"bdt-advanced-icon-box.default\">\n\t\t\t\t<div class=\"elementor-widget-container\">\n\t\t\t\t\t\t\t<div class=\"bdt-ep-advanced-icon-box\">\n\n\t\t\t\t\t\t\t\n\t\t\t\t\t<div class=\"bdt-ep-advanced-icon-box-icon\">\n\t\t\t\t<span class=\"bdt-ep-advanced-icon-box-icon-wrap\">\n\n\n\t\t\t\t\t\n\t\t\t\t\t\t<svg aria-hidden=\"true\" class=\"e-font-icon-svg e-fas-book-open\" viewBox=\"0 0 576 512\" xmlns=\"http:\/\/www.w3.org\/2000\/svg\"><path d=\"M542.22 32.05c-54.8 3.11-163.72 14.43-230.96 55.59-4.64 2.84-7.27 7.89-7.27 13.17v363.87c0 11.55 12.63 18.85 23.28 13.49 69.18-34.82 169.23-44.32 218.7-46.92 16.89-.89 30.02-14.43 30.02-30.66V62.75c.01-17.71-15.35-31.74-33.77-30.7zM264.73 87.64C197.5 46.48 88.58 35.17 33.78 32.05 15.36 31.01 0 45.04 0 62.75V400.6c0 16.24 13.13 29.78 30.02 30.66 49.49 2.6 149.59 12.11 218.77 46.95 10.62 5.35 23.21-1.94 23.21-13.46V100.63c0-5.29-2.62-10.14-7.27-12.99z\"><\/path><\/svg>\n\n\t\t\t\t\t\t\t\t\t<\/span>\n\t\t\t<\/div>\n\t\t\n\t\t\t\t\n\t\t\t<div class=\"bdt-ep-advanced-icon-box-content\">\n\n\t\t\t\t\t\t\t\t\t\n\t\t\t\t\t<h3 class=\"bdt-ep-advanced-icon-box-title ep-title-\" onclick=\"window.open(&#039;https:\/\/pgcirurgia.incor.usp.br\/index.php\/es\/informes\/&#039;, &#039;_self&#039;)\">\n\t\t\t\t<span >\n\t\t\t\t\tInformes\t\t\t\t<\/span>\n\t\t\t<\/h3>\n\t\t\n\n\t\t\n\t\t\t\t\t\n\t\t\t\t\n\t\t\t\t\t\t\t\t\t<div class=\"bdt-ep-advanced-icon-box-description\">\n\t\t\t\t\t\t<p>Servicios e informaci\u00f3n para la comunidad de posgrado<\/p>\t\t\t\t\t<\/div>\n\t\t\t\t\n\t\t\t\t\t\t\t<\/div>\n\t\t<\/div>\n\n\t\t\n\t\t\n\t\t\t\t<\/div>\n\t\t\t\t<\/div>\n\t\t\t\t<\/div>\n\t\t<div class=\"elementor-element elementor-element-fbe6ff1 e-con-full e-flex e-con e-child\" data-id=\"fbe6ff1\" data-element_type=\"container\" data-settings=\"{&quot;background_background&quot;:&quot;classic&quot;}\">\n\t\t\t\t<div class=\"elementor-element elementor-element-a077219 bdt-title-link-yes bdt-icon-type-icon elementor-position-top bdt-icon-effect-none elementor-widget elementor-widget-bdt-advanced-icon-box\" data-id=\"a077219\" data-element_type=\"widget\" data-widget_type=\"bdt-advanced-icon-box.default\">\n\t\t\t\t<div class=\"elementor-widget-container\">\n\t\t\t\t\t\t\t<div class=\"bdt-ep-advanced-icon-box\">\n\n\t\t\t\t\t\t\t\n\t\t\t\t\t<div class=\"bdt-ep-advanced-icon-box-icon\">\n\t\t\t\t<span class=\"bdt-ep-advanced-icon-box-icon-wrap\">\n\n\n\t\t\t\t\t\n\t\t\t\t\t\t<svg aria-hidden=\"true\" class=\"e-font-icon-svg e-fas-list-alt\" viewBox=\"0 0 512 512\" xmlns=\"http:\/\/www.w3.org\/2000\/svg\"><path d=\"M464 480H48c-26.51 0-48-21.49-48-48V80c0-26.51 21.49-48 48-48h416c26.51 0 48 21.49 48 48v352c0 26.51-21.49 48-48 48zM128 120c-22.091 0-40 17.909-40 40s17.909 40 40 40 40-17.909 40-40-17.909-40-40-40zm0 96c-22.091 0-40 17.909-40 40s17.909 40 40 40 40-17.909 40-40-17.909-40-40-40zm0 96c-22.091 0-40 17.909-40 40s17.909 40 40 40 40-17.909 40-40-17.909-40-40-40zm288-136v-32c0-6.627-5.373-12-12-12H204c-6.627 0-12 5.373-12 12v32c0 6.627 5.373 12 12 12h200c6.627 0 12-5.373 12-12zm0 96v-32c0-6.627-5.373-12-12-12H204c-6.627 0-12 5.373-12 12v32c0 6.627 5.373 12 12 12h200c6.627 0 12-5.373 12-12zm0 96v-32c0-6.627-5.373-12-12-12H204c-6.627 0-12 5.373-12 12v32c0 6.627 5.373 12 12 12h200c6.627 0 12-5.373 12-12z\"><\/path><\/svg>\n\n\t\t\t\t\t\t\t\t\t<\/span>\n\t\t\t<\/div>\n\t\t\n\t\t\t\t\n\t\t\t<div class=\"bdt-ep-advanced-icon-box-content\">\n\n\t\t\t\t\t\t\t\t\t\n\t\t\t\t\t<h3 class=\"bdt-ep-advanced-icon-box-title ep-title-\" onclick=\"window.open(&#039;https:\/\/pgcirurgia.incor.usp.br\/index.php\/es\/ingreso-en-el-posgrado\/&#039;, &#039;_self&#039;)\">\n\t\t\t\t<span >\n\t\t\t\t\tIngreso en el posgrado\t\t\t\t<\/span>\n\t\t\t<\/h3>\n\t\t\n\n\t\t\n\t\t\t\t\t\n\t\t\t\t\n\t\t\t\t\t\t\t\t\t<div class=\"bdt-ep-advanced-icon-box-description\">\n\t\t\t\t\t\t<p>Selection and Enrollment of New Students Continuous Flow According Notice 2013<\/p>\t\t\t\t\t<\/div>\n\t\t\t\t\n\t\t\t\t\t\t\t<\/div>\n\t\t<\/div>\n\n\t\t\n\t\t\n\t\t\t\t<\/div>\n\t\t\t\t<\/div>\n\t\t\t\t<\/div>\n\t\t<div class=\"elementor-element elementor-element-a9b90e0 e-con-full e-flex e-con e-child\" data-id=\"a9b90e0\" data-element_type=\"container\" data-settings=\"{&quot;background_background&quot;:&quot;classic&quot;}\">\n\t\t\t\t<div class=\"elementor-element elementor-element-08660c5 bdt-title-link-yes bdt-icon-type-icon elementor-position-top bdt-icon-effect-none elementor-widget elementor-widget-bdt-advanced-icon-box\" data-id=\"08660c5\" data-element_type=\"widget\" data-widget_type=\"bdt-advanced-icon-box.default\">\n\t\t\t\t<div class=\"elementor-widget-container\">\n\t\t\t\t\t\t\t<div class=\"bdt-ep-advanced-icon-box\">\n\n\t\t\t\t\t\t\t\n\t\t\t\t\t<div class=\"bdt-ep-advanced-icon-box-icon\">\n\t\t\t\t<span class=\"bdt-ep-advanced-icon-box-icon-wrap\">\n\n\n\t\t\t\t\t\n\t\t\t\t\t\t<svg aria-hidden=\"true\" class=\"e-font-icon-svg e-fas-chart-bar\" viewBox=\"0 0 512 512\" xmlns=\"http:\/\/www.w3.org\/2000\/svg\"><path d=\"M332.8 320h38.4c6.4 0 12.8-6.4 12.8-12.8V172.8c0-6.4-6.4-12.8-12.8-12.8h-38.4c-6.4 0-12.8 6.4-12.8 12.8v134.4c0 6.4 6.4 12.8 12.8 12.8zm96 0h38.4c6.4 0 12.8-6.4 12.8-12.8V76.8c0-6.4-6.4-12.8-12.8-12.8h-38.4c-6.4 0-12.8 6.4-12.8 12.8v230.4c0 6.4 6.4 12.8 12.8 12.8zm-288 0h38.4c6.4 0 12.8-6.4 12.8-12.8v-70.4c0-6.4-6.4-12.8-12.8-12.8h-38.4c-6.4 0-12.8 6.4-12.8 12.8v70.4c0 6.4 6.4 12.8 12.8 12.8zm96 0h38.4c6.4 0 12.8-6.4 12.8-12.8V108.8c0-6.4-6.4-12.8-12.8-12.8h-38.4c-6.4 0-12.8 6.4-12.8 12.8v198.4c0 6.4 6.4 12.8 12.8 12.8zM496 384H64V80c0-8.84-7.16-16-16-16H16C7.16 64 0 71.16 0 80v336c0 17.67 14.33 32 32 32h464c8.84 0 16-7.16 16-16v-32c0-8.84-7.16-16-16-16z\"><\/path><\/svg>\n\n\t\t\t\t\t\t\t\t\t<\/span>\n\t\t\t<\/div>\n\t\t\n\t\t\t\t\n\t\t\t<div class=\"bdt-ep-advanced-icon-box-content\">\n\n\t\t\t\t\t\t\t\t\t\n\t\t\t\t\t<h3 class=\"bdt-ep-advanced-icon-box-title ep-title-\">\n\t\t\t\t<span >\n\t\t\t\t\tReuniones del programa\t\t\t\t<\/span>\n\t\t\t<\/h3>\n\t\t\n\n\t\t\n\t\t\t\t\t\n\t\t\t\t\n\t\t\t\t\t\t\t\t\t<div class=\"bdt-ep-advanced-icon-box-description\">\n\t\t\t\t\t\t<p><span style=\"text-decoration: underline;\"><strong>Calendario 2026<\/strong><\/span><\/p><p>Informaci\u00f3n sobre las reuniones cient\u00edficas con estudiantes y las reuniones del Comit\u00e9 Coordinador del Programa<\/p>\t\t\t\t\t<\/div>\n\t\t\t\t\n\t\t\t\t\t\t\t<\/div>\n\t\t<\/div>\n\n\t\t\n\t\t\n\t\t\t\t<\/div>\n\t\t\t\t<\/div>\n\t\t\t\t<\/div>\n\t\t\t\t\t<\/div>\n\t\t\t\t<\/div>\n\t\t\t\t<\/div>\n\t\t","protected":false},"excerpt":{"rendered":"<p>Ver las \u00faltimas tesis defendidas M\u00e1s informaci\u00f3n Conozca el Programa de Cirug\u00eda Tor\u00e1cica y Cardiovascular Aspectos destacados del programa M\u00e1s informaci\u00f3n El [&hellip;]<\/p>\n","protected":false},"author":1,"featured_media":0,"parent":0,"menu_order":0,"comment_status":"closed","ping_status":"closed","template":"","meta":{"footnotes":""},"class_list":["post-4142","page","type-page","status-publish","hentry"],"lang":"es","translations":{"es":4142,"pt":126,"en":4141},"pll_sync_post":[],"_links":{"self":[{"href":"https:\/\/pgcirurgia.incor.usp.br\/index.php\/wp-json\/wp\/v2\/pages\/4142","targetHints":{"allow":["GET"]}}],"collection":[{"href":"https:\/\/pgcirurgia.incor.usp.br\/index.php\/wp-json\/wp\/v2\/pages"}],"about":[{"href":"https:\/\/pgcirurgia.incor.usp.br\/index.php\/wp-json\/wp\/v2\/types\/page"}],"author":[{"embeddable":true,"href":"https:\/\/pgcirurgia.incor.usp.br\/index.php\/wp-json\/wp\/v2\/users\/1"}],"replies":[{"embeddable":true,"href":"https:\/\/pgcirurgia.incor.usp.br\/index.php\/wp-json\/wp\/v2\/comments?post=4142"}],"version-history":[{"count":69,"href":"https:\/\/pgcirurgia.incor.usp.br\/index.php\/wp-json\/wp\/v2\/pages\/4142\/revisions"}],"predecessor-version":[{"id":5408,"href":"https:\/\/pgcirurgia.incor.usp.br\/index.php\/wp-json\/wp\/v2\/pages\/4142\/revisions\/5408"}],"wp:attachment":[{"href":"https:\/\/pgcirurgia.incor.usp.br\/index.php\/wp-json\/wp\/v2\/media?parent=4142"}],"curies":[{"name":"wp","href":"https:\/\/api.w.org\/{rel}","templated":true}]}}