{"id":3609,"date":"2025-07-07T13:33:54","date_gmt":"2025-07-07T16:33:54","guid":{"rendered":"https:\/\/pgcirurgia.incor.usp.br\/?page_id=3609"},"modified":"2025-07-31T14:54:01","modified_gmt":"2025-07-31T17:54:01","slug":"destaques","status":"publish","type":"page","link":"https:\/\/pgcirurgia.incor.usp.br\/index.php\/destaques\/","title":{"rendered":"Destaques"},"content":{"rendered":"\t\t<div data-elementor-type=\"wp-page\" data-elementor-id=\"3609\" class=\"elementor elementor-3609\" data-elementor-settings=\"{&quot;element_pack_global_tooltip_width&quot;:{&quot;unit&quot;:&quot;px&quot;,&quot;size&quot;:&quot;&quot;,&quot;sizes&quot;:[]},&quot;element_pack_global_tooltip_width_tablet&quot;:{&quot;unit&quot;:&quot;px&quot;,&quot;size&quot;:&quot;&quot;,&quot;sizes&quot;:[]},&quot;element_pack_global_tooltip_width_mobile&quot;:{&quot;unit&quot;:&quot;px&quot;,&quot;size&quot;:&quot;&quot;,&quot;sizes&quot;:[]},&quot;element_pack_global_tooltip_padding&quot;:{&quot;unit&quot;:&quot;px&quot;,&quot;top&quot;:&quot;&quot;,&quot;right&quot;:&quot;&quot;,&quot;bottom&quot;:&quot;&quot;,&quot;left&quot;:&quot;&quot;,&quot;isLinked&quot;:true},&quot;element_pack_global_tooltip_padding_tablet&quot;:{&quot;unit&quot;:&quot;px&quot;,&quot;top&quot;:&quot;&quot;,&quot;right&quot;:&quot;&quot;,&quot;bottom&quot;:&quot;&quot;,&quot;left&quot;:&quot;&quot;,&quot;isLinked&quot;:true},&quot;element_pack_global_tooltip_padding_mobile&quot;:{&quot;unit&quot;:&quot;px&quot;,&quot;top&quot;:&quot;&quot;,&quot;right&quot;:&quot;&quot;,&quot;bottom&quot;:&quot;&quot;,&quot;left&quot;:&quot;&quot;,&quot;isLinked&quot;:true},&quot;element_pack_global_tooltip_border_radius&quot;:{&quot;unit&quot;:&quot;px&quot;,&quot;top&quot;:&quot;&quot;,&quot;right&quot;:&quot;&quot;,&quot;bottom&quot;:&quot;&quot;,&quot;left&quot;:&quot;&quot;,&quot;isLinked&quot;:true},&quot;element_pack_global_tooltip_border_radius_tablet&quot;:{&quot;unit&quot;:&quot;px&quot;,&quot;top&quot;:&quot;&quot;,&quot;right&quot;:&quot;&quot;,&quot;bottom&quot;:&quot;&quot;,&quot;left&quot;:&quot;&quot;,&quot;isLinked&quot;:true},&quot;element_pack_global_tooltip_border_radius_mobile&quot;:{&quot;unit&quot;:&quot;px&quot;,&quot;top&quot;:&quot;&quot;,&quot;right&quot;:&quot;&quot;,&quot;bottom&quot;:&quot;&quot;,&quot;left&quot;:&quot;&quot;,&quot;isLinked&quot;:true}}\">\n\t\t\t\t<div class=\"elementor-element elementor-element-d02f22b e-flex e-con-boxed e-con e-parent\" data-id=\"d02f22b\" data-element_type=\"container\">\n\t\t\t\t\t<div class=\"e-con-inner\">\n\t\t\t\t<div class=\"elementor-element elementor-element-98edda9 elementor-widget elementor-widget-heading\" data-id=\"98edda9\" data-element_type=\"widget\" data-widget_type=\"heading.default\">\n\t\t\t\t<div class=\"elementor-widget-container\">\n\t\t\t\t\t<h2 class=\"elementor-heading-title elementor-size-default\">Lan\u00e7amento do livro: <br>\"Cirurgia Tor\u00e1cica - Princ\u00edpios e Procedimentos\"<\/h2>\t\t\t\t<\/div>\n\t\t\t\t<\/div>\n\t\t\t\t<div class=\"elementor-element elementor-element-0c7b2a5 elementor-widget elementor-widget-text-editor\" data-id=\"0c7b2a5\" data-element_type=\"widget\" data-widget_type=\"text-editor.default\">\n\t\t\t\t<div class=\"elementor-widget-container\">\n\t\t\t\t\t\t\t\t\t<p>\u00a0 \u00a0 \u00a0 \u00a0 \u00a0 \u00a0 \u00a0 \u00a0 \u00a0 \u00a0 \u00a0 \u00a0 \u00a0 \u00a0 \u00a0 \u00a0 \u00a0 \u00a0 \u00a0 \u00a0 \u00a0 \u00a0 \u00a0 \u00a0 \u00a0 \u00a0 \u00a0 \u00a0 \u00a0 \u00a0 \u00a0 \u00a0 \u00a0 \u00a0 \u00a0 <img fetchpriority=\"high\" decoding=\"async\" class=\"size-medium wp-image-3586 alignnone\" src=\"https:\/\/pgcirurgia.incor.usp.br\/wp-content\/uploads\/2025\/06\/livro-300x200.png\" alt=\"\" width=\"300\" height=\"200\" srcset=\"https:\/\/pgcirurgia.incor.usp.br\/wp-content\/uploads\/2025\/06\/livro-300x200.png 300w, https:\/\/pgcirurgia.incor.usp.br\/wp-content\/uploads\/2025\/06\/livro-768x512.png 768w, https:\/\/pgcirurgia.incor.usp.br\/wp-content\/uploads\/2025\/06\/livro-650x433.png 650w, https:\/\/pgcirurgia.incor.usp.br\/wp-content\/uploads\/2025\/06\/livro.png 902w\" sizes=\"(max-width: 300px) 100vw, 300px\" \/><\/p><p>No dia 25\/06\/2025, foi lan\u00e7ado o livro &#8220;Cirurgia Tor\u00e1cica &#8211; Princ\u00edpios e Procedimentos&#8221;, tendo como autor o Prof. Dr. Paulo Manuel P\u00eago Fernandes e editores, os Drs. Pedro Henrique Xavier Nabuco de Ara\u00fajo, Ricardo Mingarini Terra e Alessandro Wasum Mariani.<\/p><p>A obra apresenta uma abordagem completa desde os princ\u00edpios fundamentais at\u00e9 as abordagens cir\u00fargicas mais avan\u00e7adas, favorecendo para uma vis\u00e3o mais abrangente da especialidade. Imaginologia tor\u00e1cica, afec\u00e7\u00f5es traqueais, neoplasias pulmonares e doen\u00e7as infecciosas de tratamento cir\u00fargico est\u00e3o entre temas abordados nos cap\u00edtulos.<\/p><p>O lan\u00e7amento foi pela Editora Manole.\u00a0<\/p>\t\t\t\t\t\t\t\t<\/div>\n\t\t\t\t<\/div>\n\t\t\t\t\t<\/div>\n\t\t\t\t<\/div>\n\t\t\t\t<\/div>\n\t\t","protected":false},"excerpt":{"rendered":"<p>Lan\u00e7amento do livro: &#8220;Cirurgia Tor\u00e1cica &#8211; Princ\u00edpios e Procedimentos&#8221; \u00a0 \u00a0 \u00a0 \u00a0 \u00a0 \u00a0 \u00a0 \u00a0 \u00a0 \u00a0 \u00a0 \u00a0 \u00a0 [&hellip;]<\/p>\n","protected":false},"author":1,"featured_media":0,"parent":0,"menu_order":0,"comment_status":"closed","ping_status":"closed","template":"","meta":{"footnotes":""},"class_list":["post-3609","page","type-page","status-publish","hentry"],"lang":"pt","translations":{"pt":3609,"en":4585,"es":4587},"pll_sync_post":[],"_links":{"self":[{"href":"https:\/\/pgcirurgia.incor.usp.br\/index.php\/wp-json\/wp\/v2\/pages\/3609","targetHints":{"allow":["GET"]}}],"collection":[{"href":"https:\/\/pgcirurgia.incor.usp.br\/index.php\/wp-json\/wp\/v2\/pages"}],"about":[{"href":"https:\/\/pgcirurgia.incor.usp.br\/index.php\/wp-json\/wp\/v2\/types\/page"}],"author":[{"embeddable":true,"href":"https:\/\/pgcirurgia.incor.usp.br\/index.php\/wp-json\/wp\/v2\/users\/1"}],"replies":[{"embeddable":true,"href":"https:\/\/pgcirurgia.incor.usp.br\/index.php\/wp-json\/wp\/v2\/comments?post=3609"}],"version-history":[{"count":43,"href":"https:\/\/pgcirurgia.incor.usp.br\/index.php\/wp-json\/wp\/v2\/pages\/3609\/revisions"}],"predecessor-version":[{"id":3772,"href":"https:\/\/pgcirurgia.incor.usp.br\/index.php\/wp-json\/wp\/v2\/pages\/3609\/revisions\/3772"}],"wp:attachment":[{"href":"https:\/\/pgcirurgia.incor.usp.br\/index.php\/wp-json\/wp\/v2\/media?parent=3609"}],"curies":[{"name":"wp","href":"https:\/\/api.w.org\/{rel}","templated":true}]}}