{"id":3250,"date":"2025-06-11T17:09:34","date_gmt":"2025-06-11T20:09:34","guid":{"rendered":"https:\/\/pgcirurgia.incor.usp.br\/?page_id=3250"},"modified":"2026-02-05T10:41:09","modified_gmt":"2026-02-05T13:41:09","slug":"egressos-teses-2007","status":"publish","type":"page","link":"https:\/\/pgcirurgia.incor.usp.br\/index.php\/egressos-teses-2007\/","title":{"rendered":"Egressos \/ Teses &#8211; 2007"},"content":{"rendered":"\t\t<div data-elementor-type=\"wp-page\" data-elementor-id=\"3250\" class=\"elementor elementor-3250\" data-elementor-settings=\"{&quot;element_pack_global_tooltip_width&quot;:{&quot;unit&quot;:&quot;px&quot;,&quot;size&quot;:&quot;&quot;,&quot;sizes&quot;:[]},&quot;element_pack_global_tooltip_width_tablet&quot;:{&quot;unit&quot;:&quot;px&quot;,&quot;size&quot;:&quot;&quot;,&quot;sizes&quot;:[]},&quot;element_pack_global_tooltip_width_mobile&quot;:{&quot;unit&quot;:&quot;px&quot;,&quot;size&quot;:&quot;&quot;,&quot;sizes&quot;:[]},&quot;element_pack_global_tooltip_padding&quot;:{&quot;unit&quot;:&quot;px&quot;,&quot;top&quot;:&quot;&quot;,&quot;right&quot;:&quot;&quot;,&quot;bottom&quot;:&quot;&quot;,&quot;left&quot;:&quot;&quot;,&quot;isLinked&quot;:true},&quot;element_pack_global_tooltip_padding_tablet&quot;:{&quot;unit&quot;:&quot;px&quot;,&quot;top&quot;:&quot;&quot;,&quot;right&quot;:&quot;&quot;,&quot;bottom&quot;:&quot;&quot;,&quot;left&quot;:&quot;&quot;,&quot;isLinked&quot;:true},&quot;element_pack_global_tooltip_padding_mobile&quot;:{&quot;unit&quot;:&quot;px&quot;,&quot;top&quot;:&quot;&quot;,&quot;right&quot;:&quot;&quot;,&quot;bottom&quot;:&quot;&quot;,&quot;left&quot;:&quot;&quot;,&quot;isLinked&quot;:true},&quot;element_pack_global_tooltip_border_radius&quot;:{&quot;unit&quot;:&quot;px&quot;,&quot;top&quot;:&quot;&quot;,&quot;right&quot;:&quot;&quot;,&quot;bottom&quot;:&quot;&quot;,&quot;left&quot;:&quot;&quot;,&quot;isLinked&quot;:true},&quot;element_pack_global_tooltip_border_radius_tablet&quot;:{&quot;unit&quot;:&quot;px&quot;,&quot;top&quot;:&quot;&quot;,&quot;right&quot;:&quot;&quot;,&quot;bottom&quot;:&quot;&quot;,&quot;left&quot;:&quot;&quot;,&quot;isLinked&quot;:true},&quot;element_pack_global_tooltip_border_radius_mobile&quot;:{&quot;unit&quot;:&quot;px&quot;,&quot;top&quot;:&quot;&quot;,&quot;right&quot;:&quot;&quot;,&quot;bottom&quot;:&quot;&quot;,&quot;left&quot;:&quot;&quot;,&quot;isLinked&quot;:true}}\">\n\t\t\t\t<div class=\"elementor-element elementor-element-1907b22 e-flex e-con-boxed e-con e-parent\" data-id=\"1907b22\" data-element_type=\"container\">\n\t\t\t\t\t<div class=\"e-con-inner\">\n\t\t\t\t<div class=\"elementor-element elementor-element-d8a9010 elementor-widget elementor-widget-heading\" data-id=\"d8a9010\" data-element_type=\"widget\" data-widget_type=\"heading.default\">\n\t\t\t\t<div class=\"elementor-widget-container\">\n\t\t\t\t\t<h3 class=\"elementor-heading-title elementor-size-default\">Selecione o ano de defesa da tese:<\/h3>\t\t\t\t<\/div>\n\t\t\t\t<\/div>\n\t\t\t\t<div class=\"elementor-element elementor-element-86b3936 elementor-widget elementor-widget-text-editor\" data-id=\"86b3936\" data-element_type=\"widget\" data-widget_type=\"text-editor.default\">\n\t\t\t\t<div class=\"elementor-widget-container\">\n\t\t\t\t\t\t\t\t\t<p><a href=\"https:\/\/pgcirurgia.incor.usp.br\/index.php\/egressos-teses-2026\/\">2026<\/a> |<a href=\"https:\/\/pgcirurgia.incor.usp.br\/index.php\/egressos-teses-2025\/\">2025<\/a>\u00a0|<a href=\"https:\/\/pgcirurgia.incor.usp.br\/index.php\/egressos-teses-2024\/\">2024<\/a>\u00a0|\u00a0<a href=\"https:\/\/pgcirurgia.incor.usp.br\/index.php\/egressos-teses-2023\/\">2023<\/a>\u00a0|\u00a0<a href=\"https:\/\/pgcirurgia.incor.usp.br\/index.php\/egressos-teses-2022\/\">2022<\/a>\u00a0|\u00a0<a href=\"https:\/\/pgcirurgia.incor.usp.br\/index.php\/egressos-teses-2021\/\">2021<\/a>\u00a0|\u00a0<a href=\"https:\/\/pgcirurgia.incor.usp.br\/index.php\/egressos-teses-2020\/\">2020<\/a>\u00a0|\u00a0<a href=\"https:\/\/pgcirurgia.incor.usp.br\/index.php\/egressos-teses-2019\/\">2019<\/a>\u00a0|\u00a0<a href=\"https:\/\/pgcirurgia.incor.usp.br\/index.php\/egressos-teses-2018\/\">2018<\/a>\u00a0|\u00a0<a href=\"https:\/\/pgcirurgia.incor.usp.br\/index.php\/egressos-teses-2017\/\">2017<\/a>\u00a0|\u00a0<a href=\"https:\/\/pgcirurgia.incor.usp.br\/index.php\/egressos-teses-2016\/\">2016<\/a>\u00a0|\u00a0<a href=\"https:\/\/pgcirurgia.incor.usp.br\/index.php\/egressos-teses-2015\/\">2015<\/a>\u00a0|\u00a0<a href=\"https:\/\/pgcirurgia.incor.usp.br\/index.php\/egressos-teses-2014\/\">2014<\/a>\u00a0|\u00a0<a href=\"https:\/\/pgcirurgia.incor.usp.br\/index.php\/egressos-teses-2013\/\">2013<\/a>\u00a0|\u00a0<a href=\"https:\/\/pgcirurgia.incor.usp.br\/index.php\/egressos-teses-2012\/\">2012<\/a>\u00a0|\u00a0<a href=\"https:\/\/pgcirurgia.incor.usp.br\/index.php\/egressos-teses-2011\/\">2011<\/a>\u00a0|\u00a0<a href=\"https:\/\/pgcirurgia.incor.usp.br\/index.php\/egressos-teses-2010\/\">2010<\/a>\u00a0|\u00a0<a href=\"https:\/\/pgcirurgia.incor.usp.br\/index.php\/egressos-teses-2009\/\">2009<\/a>\u00a0|\u00a0<a href=\"https:\/\/pgcirurgia.incor.usp.br\/index.php\/egressos-teses-2008\/\">2008<\/a>\u00a0|\u00a0<a href=\"https:\/\/pgcirurgia.incor.usp.br\/index.php\/egressos-teses-2007\/\">2007<\/a>\u00a0|\u00a0<a href=\"https:\/\/pgcirurgia.incor.usp.br\/index.php\/egressos-teses-2006\/\">2006<\/a>\u00a0|\u00a0<a href=\"https:\/\/pgcirurgia.incor.usp.br\/index.php\/egressos-teses-2005\/\">2005<\/a>\u00a0|\u00a0<a href=\"https:\/\/pgcirurgia.incor.usp.br\/index.php\/egressos-teses-2004\/\">2004<\/a><\/p>\t\t\t\t\t\t\t\t<\/div>\n\t\t\t\t<\/div>\n\t\t\t\t<div class=\"elementor-element elementor-element-1809509 elementor-widget elementor-widget-text-editor\" data-id=\"1809509\" data-element_type=\"widget\" data-widget_type=\"text-editor.default\">\n\t\t\t\t<div class=\"elementor-widget-container\">\n\t\t\t\t\t\t\t\t\t<p>10\/12\/2007 Petronio Generoso Thomaz (Orient: Renato S. Assad)<br \/>Tema: Avalia\u00e7\u00e3o de Modelo Experimental de Fal\u00eancia Cr\u00f4nica Isolada do Ventr\u00edculo Direito.\u00a0<a title=\"petroniotese_final\" href=\"https:\/\/pgcirurgia.incor.usp.br\/wp-content\/uploads\/2025\/06\/Petronio_Generoso.pdf\" target=\"_blank\" rel=\"noopener noreferrer\">Tese<\/a><\/p><p>03\/12\/2007 Marcelo de Paula Loureiro (Orient: Jos\u00e9 Ribas M. de Campos)<br \/>Tema: Simpatectomia Lombar Endosc\u00f3pica Retroperitoneal em Mulheres: Efeitos do Suor Compensat\u00f3rio.\u00a0<a title=\"marcelo_de_paula_loureiro_2\" href=\"https:\/\/pgcirurgia.incor.usp.br\/wp-content\/uploads\/2025\/06\/Marcelo_de_Paula_Loureiro.pdf\" target=\"_blank\" rel=\"noopener noreferrer\">Tese<\/a>\u00a0\/\u00a0<a href=\"http:\/\/www.scielo.br\/pdf\/clin\/v63n2\/a06v63n2.pdf\" target=\"_blank\" rel=\"noopener noreferrer\">Artigo<\/a><\/p><p>27\/11\/2007 Joaquim Fernando Martins Rua (Orient: F\u00e1bio Biscegli Jatene)<br \/>Tema: Estudo Comparativo entre o Controle Rob\u00f3tico e Humano da \u00d3tica na Cirurgia Videoasssistida para Simpatectomia Tor\u00e1cica.\u00a0<a title=\"joaquimruatesecompleta\" href=\"https:\/\/pgcirurgia.incor.usp.br\/wp-content\/uploads\/2025\/06\/Joaquim_Ruatese.pdf\" target=\"_blank\" rel=\"noopener noreferrer\">Tese<\/a><\/p><p>01\/10\/2007 R\u00f4mulo C\u00e9sar Arnal Bonini (Orient: Luiz Felipe P. Moreira)<br \/>Tema: Revasculariza\u00e7\u00e3o cir\u00fargica do mioc\u00e1rdio com utiliza\u00e7\u00e3o de enxerto de art\u00e9ria radial esqueletizada ou com tecidos adjacentes: An\u00e1lise comparativa randomizada.\u00a0<a title=\"tese_rmulo_bonini\" href=\"https:\/\/pgcirurgia.incor.usp.br\/wp-content\/uploads\/2025\/06\/Romulo_Bonini.pdf\" target=\"_blank\" rel=\"noopener noreferrer\">Tese<\/a><\/p><p>13\/09\/2007 Jo\u00e3o Galantier (Orient: Luiz Felipe P. Moreira)<br \/>Tema: Avalia\u00e7\u00e3o do emprego cl\u00ednico do dispositivo de assist\u00eancia ventricular InCor como ponte para o transplante card\u00edaco.\u00a0<a title=\"tese_joo_galantier\" href=\"https:\/\/pgcirurgia.incor.usp.br\/wp-content\/uploads\/2025\/06\/Joao_Galantier.pdf\" target=\"_blank\" rel=\"noopener noreferrer\">Tese<\/a><\/p><p>12\/09\/2007 Acr\u00edsio Sales Valente (Orient: Renato S. Assad)<br \/>Tema: An\u00e1lise do processo evolutivo da hipertrofia aguda do ventriculo direito em modelo experimental de bandagem intermitente do tronco pulmonar\u00a0<a title=\"tese_acrisio_sales_valente\" href=\"https:\/\/pgcirurgia.incor.usp.br\/wp-content\/uploads\/2025\/06\/Acrisio_Sales_Valente.pdf\" target=\"_blank\" rel=\"noopener noreferrer\">Tese<\/a>\u00a0\/\u00a0<a href=\"http:\/\/www.rbccv.org.br\/pdfRBCCV\/23-01-10.pdf\" target=\"_blank\" rel=\"noopener noreferrer\">Artigo<\/a><\/p><p>05\/03\/2007 Renato Tambellini Arnoni (Orient: Fabio Biscegli Jatene)<br \/>Tema: Avalia\u00e7\u00e3o da arteriopatia distal em pacientes com embolia pulmonar: estudo an\u00e1tomo-patol\u00f3gico\u00a0<a title=\"tese_renato_arnoni\" href=\"https:\/\/pgcirurgia.incor.usp.br\/wp-content\/uploads\/2025\/06\/Renato_Arnoni.pdf\" target=\"_blank\" rel=\"noopener noreferrer\">Tese<\/a>\u00a0\/\u00a0<a href=\"http:\/\/www.arquivosonline.com.br\/2007\/8806\/pdf\/8806006.pdf\" target=\"_blank\" rel=\"noopener noreferrer\">Artigo<\/a><\/p>\t\t\t\t\t\t\t\t<\/div>\n\t\t\t\t<\/div>\n\t\t\t\t\t<\/div>\n\t\t\t\t<\/div>\n\t\t\t\t<\/div>\n\t\t","protected":false},"excerpt":{"rendered":"<p>Selecione o ano de defesa da tese: 2026 |2025\u00a0|2024\u00a0|\u00a02023\u00a0|\u00a02022\u00a0|\u00a02021\u00a0|\u00a02020\u00a0|\u00a02019\u00a0|\u00a02018\u00a0|\u00a02017\u00a0|\u00a02016\u00a0|\u00a02015\u00a0|\u00a02014\u00a0|\u00a02013\u00a0|\u00a02012\u00a0|\u00a02011\u00a0|\u00a02010\u00a0|\u00a02009\u00a0|\u00a02008\u00a0|\u00a02007\u00a0|\u00a02006\u00a0|\u00a02005\u00a0|\u00a02004 10\/12\/2007 Petronio Generoso Thomaz (Orient: Renato S. Assad)Tema: Avalia\u00e7\u00e3o de Modelo Experimental de [&hellip;]<\/p>\n","protected":false},"author":1,"featured_media":0,"parent":0,"menu_order":0,"comment_status":"closed","ping_status":"closed","template":"","meta":{"footnotes":""},"class_list":["post-3250","page","type-page","status-publish","hentry"],"lang":"pt","translations":{"pt":3250},"pll_sync_post":[],"_links":{"self":[{"href":"https:\/\/pgcirurgia.incor.usp.br\/index.php\/wp-json\/wp\/v2\/pages\/3250","targetHints":{"allow":["GET"]}}],"collection":[{"href":"https:\/\/pgcirurgia.incor.usp.br\/index.php\/wp-json\/wp\/v2\/pages"}],"about":[{"href":"https:\/\/pgcirurgia.incor.usp.br\/index.php\/wp-json\/wp\/v2\/types\/page"}],"author":[{"embeddable":true,"href":"https:\/\/pgcirurgia.incor.usp.br\/index.php\/wp-json\/wp\/v2\/users\/1"}],"replies":[{"embeddable":true,"href":"https:\/\/pgcirurgia.incor.usp.br\/index.php\/wp-json\/wp\/v2\/comments?post=3250"}],"version-history":[{"count":10,"href":"https:\/\/pgcirurgia.incor.usp.br\/index.php\/wp-json\/wp\/v2\/pages\/3250\/revisions"}],"predecessor-version":[{"id":5533,"href":"https:\/\/pgcirurgia.incor.usp.br\/index.php\/wp-json\/wp\/v2\/pages\/3250\/revisions\/5533"}],"wp:attachment":[{"href":"https:\/\/pgcirurgia.incor.usp.br\/index.php\/wp-json\/wp\/v2\/media?parent=3250"}],"curies":[{"name":"wp","href":"https:\/\/api.w.org\/{rel}","templated":true}]}}