{"id":3245,"date":"2025-06-11T17:02:42","date_gmt":"2025-06-11T20:02:42","guid":{"rendered":"https:\/\/pgcirurgia.incor.usp.br\/?page_id=3245"},"modified":"2026-02-05T10:39:51","modified_gmt":"2026-02-05T13:39:51","slug":"egressos-teses-2008","status":"publish","type":"page","link":"https:\/\/pgcirurgia.incor.usp.br\/index.php\/egressos-teses-2008\/","title":{"rendered":"Egressos \/ Teses &#8211; 2008"},"content":{"rendered":"\t\t<div data-elementor-type=\"wp-page\" data-elementor-id=\"3245\" class=\"elementor elementor-3245\" data-elementor-settings=\"{&quot;element_pack_global_tooltip_width&quot;:{&quot;unit&quot;:&quot;px&quot;,&quot;size&quot;:&quot;&quot;,&quot;sizes&quot;:[]},&quot;element_pack_global_tooltip_width_tablet&quot;:{&quot;unit&quot;:&quot;px&quot;,&quot;size&quot;:&quot;&quot;,&quot;sizes&quot;:[]},&quot;element_pack_global_tooltip_width_mobile&quot;:{&quot;unit&quot;:&quot;px&quot;,&quot;size&quot;:&quot;&quot;,&quot;sizes&quot;:[]},&quot;element_pack_global_tooltip_padding&quot;:{&quot;unit&quot;:&quot;px&quot;,&quot;top&quot;:&quot;&quot;,&quot;right&quot;:&quot;&quot;,&quot;bottom&quot;:&quot;&quot;,&quot;left&quot;:&quot;&quot;,&quot;isLinked&quot;:true},&quot;element_pack_global_tooltip_padding_tablet&quot;:{&quot;unit&quot;:&quot;px&quot;,&quot;top&quot;:&quot;&quot;,&quot;right&quot;:&quot;&quot;,&quot;bottom&quot;:&quot;&quot;,&quot;left&quot;:&quot;&quot;,&quot;isLinked&quot;:true},&quot;element_pack_global_tooltip_padding_mobile&quot;:{&quot;unit&quot;:&quot;px&quot;,&quot;top&quot;:&quot;&quot;,&quot;right&quot;:&quot;&quot;,&quot;bottom&quot;:&quot;&quot;,&quot;left&quot;:&quot;&quot;,&quot;isLinked&quot;:true},&quot;element_pack_global_tooltip_border_radius&quot;:{&quot;unit&quot;:&quot;px&quot;,&quot;top&quot;:&quot;&quot;,&quot;right&quot;:&quot;&quot;,&quot;bottom&quot;:&quot;&quot;,&quot;left&quot;:&quot;&quot;,&quot;isLinked&quot;:true},&quot;element_pack_global_tooltip_border_radius_tablet&quot;:{&quot;unit&quot;:&quot;px&quot;,&quot;top&quot;:&quot;&quot;,&quot;right&quot;:&quot;&quot;,&quot;bottom&quot;:&quot;&quot;,&quot;left&quot;:&quot;&quot;,&quot;isLinked&quot;:true},&quot;element_pack_global_tooltip_border_radius_mobile&quot;:{&quot;unit&quot;:&quot;px&quot;,&quot;top&quot;:&quot;&quot;,&quot;right&quot;:&quot;&quot;,&quot;bottom&quot;:&quot;&quot;,&quot;left&quot;:&quot;&quot;,&quot;isLinked&quot;:true}}\">\n\t\t\t\t<div class=\"elementor-element elementor-element-1907b22 e-flex e-con-boxed e-con e-parent\" data-id=\"1907b22\" data-element_type=\"container\">\n\t\t\t\t\t<div class=\"e-con-inner\">\n\t\t\t\t<div class=\"elementor-element elementor-element-d8a9010 elementor-widget elementor-widget-heading\" data-id=\"d8a9010\" data-element_type=\"widget\" data-widget_type=\"heading.default\">\n\t\t\t\t<div class=\"elementor-widget-container\">\n\t\t\t\t\t<h3 class=\"elementor-heading-title elementor-size-default\">Selecione o ano de defesa da tese:<\/h3>\t\t\t\t<\/div>\n\t\t\t\t<\/div>\n\t\t\t\t<div class=\"elementor-element elementor-element-1288187 elementor-widget elementor-widget-text-editor\" data-id=\"1288187\" data-element_type=\"widget\" data-widget_type=\"text-editor.default\">\n\t\t\t\t<div class=\"elementor-widget-container\">\n\t\t\t\t\t\t\t\t\t<p><a href=\"https:\/\/pgcirurgia.incor.usp.br\/index.php\/egressos-teses-2026\/\">2026<\/a> |<a href=\"https:\/\/pgcirurgia.incor.usp.br\/index.php\/egressos-teses-2025\/\">2025<\/a>\u00a0|<a href=\"https:\/\/pgcirurgia.incor.usp.br\/index.php\/egressos-teses-2024\/\">2024<\/a>\u00a0|\u00a0<a href=\"https:\/\/pgcirurgia.incor.usp.br\/index.php\/egressos-teses-2023\/\">2023<\/a>\u00a0|\u00a0<a href=\"https:\/\/pgcirurgia.incor.usp.br\/index.php\/egressos-teses-2022\/\">2022<\/a>\u00a0|\u00a0<a href=\"https:\/\/pgcirurgia.incor.usp.br\/index.php\/egressos-teses-2021\/\">2021<\/a>\u00a0|\u00a0<a href=\"https:\/\/pgcirurgia.incor.usp.br\/index.php\/egressos-teses-2020\/\">2020<\/a>\u00a0|\u00a0<a href=\"https:\/\/pgcirurgia.incor.usp.br\/index.php\/egressos-teses-2019\/\">2019<\/a>\u00a0|\u00a0<a href=\"https:\/\/pgcirurgia.incor.usp.br\/index.php\/egressos-teses-2018\/\">2018<\/a>\u00a0|\u00a0<a href=\"https:\/\/pgcirurgia.incor.usp.br\/index.php\/egressos-teses-2017\/\">2017<\/a>\u00a0|\u00a0<a href=\"https:\/\/pgcirurgia.incor.usp.br\/index.php\/egressos-teses-2016\/\">2016<\/a>\u00a0|\u00a0<a href=\"https:\/\/pgcirurgia.incor.usp.br\/index.php\/egressos-teses-2015\/\">2015<\/a>\u00a0|\u00a0<a href=\"https:\/\/pgcirurgia.incor.usp.br\/index.php\/egressos-teses-2014\/\">2014<\/a>\u00a0|\u00a0<a href=\"https:\/\/pgcirurgia.incor.usp.br\/index.php\/egressos-teses-2013\/\">2013<\/a>\u00a0|\u00a0<a href=\"https:\/\/pgcirurgia.incor.usp.br\/index.php\/egressos-teses-2012\/\">2012<\/a>\u00a0|\u00a0<a href=\"https:\/\/pgcirurgia.incor.usp.br\/index.php\/egressos-teses-2011\/\">2011<\/a>\u00a0|\u00a0<a href=\"https:\/\/pgcirurgia.incor.usp.br\/index.php\/egressos-teses-2010\/\">2010<\/a>\u00a0|\u00a0<a href=\"https:\/\/pgcirurgia.incor.usp.br\/index.php\/egressos-teses-2009\/\">2009<\/a>\u00a0|\u00a0<a href=\"https:\/\/pgcirurgia.incor.usp.br\/index.php\/egressos-teses-2008\/\">2008<\/a>\u00a0|\u00a0<a href=\"https:\/\/pgcirurgia.incor.usp.br\/index.php\/egressos-teses-2007\/\">2007<\/a>\u00a0|\u00a0<a href=\"https:\/\/pgcirurgia.incor.usp.br\/index.php\/egressos-teses-2006\/\">2006<\/a>\u00a0|\u00a0<a href=\"https:\/\/pgcirurgia.incor.usp.br\/index.php\/egressos-teses-2005\/\">2005<\/a>\u00a0|\u00a0<a href=\"https:\/\/pgcirurgia.incor.usp.br\/index.php\/egressos-teses-2004\/\">2004<\/a><\/p>\t\t\t\t\t\t\t\t<\/div>\n\t\t\t\t<\/div>\n\t\t\t\t<div class=\"elementor-element elementor-element-1809509 elementor-widget elementor-widget-text-editor\" data-id=\"1809509\" data-element_type=\"widget\" data-widget_type=\"text-editor.default\">\n\t\t\t\t<div class=\"elementor-widget-container\">\n\t\t\t\t\t\t\t\t\t<p>16\/12\/2008 Ricardo Mingarini Terra (Orient: Paulo M. P\u00eago Fernandes)<br \/>Tema: An\u00e1lise de Resultados Cl\u00ednicos e Radiol\u00f3gicos de Dois M\u00e9todos de Pleurodese com Talco em Pacientes com Derrame Pleural Maligno Recidivante.\u00a0<a title=\"tese_ricardoterra\" href=\"https:\/\/pgcirurgia.incor.usp.br\/wp-content\/uploads\/2025\/06\/Ricardo_Terra.pdf\" target=\"_blank\" rel=\"noopener noreferrer\">Tese<\/a><\/p><p>06\/10\/2008 Alexandre Siciliano Colafranceschi (Orient: Lu\u00eds Alberto O. Dallan)<br \/>Tema: Cirurgia Tor\u00e1cica v\u00eddeo-assistida para a abla\u00e7\u00e3o da fibrila\u00e7\u00e3o atrial por radiofrequ\u00eancia bipolar: exequibilidade ,seguran\u00e7a e resultados iniciais.\u00a0<a title=\"ale_colafranceschi\" href=\"https:\/\/pgcirurgia.incor.usp.br\/wp-content\/uploads\/2025\/06\/Ale_Colafranceschi.pdf\" target=\"_blank\" rel=\"noopener noreferrer\">Tese<\/a><\/p><p>16\/09\/2008 Ney Ant\u00f4nio Rey (Orient: Noedir A. G. Stolf)<br \/>Tema: Estudo experimental comparativo de enxerto hom\u00f3logo pulmonar tratado pelo processo L-Hydro com o homoenxerto pulmonar a fresco.\u00a0<a title=\"nei_antonio_rei\" href=\"https:\/\/pgcirurgia.incor.usp.br\/wp-content\/uploads\/2025\/06\/Nei_Antonio_Rei.pdf\" target=\"_blank\" rel=\"noopener noreferrer\">Tese<\/a><\/p><p>04\/09\/2008 Fernando Moura Silva (Orient: Jos\u00e9 Ribas M. de Campos)<br \/>Tema: Express\u00e3o de receptores de somatostatina subtipo 2 (SSTR-2) e a sua rela\u00e7\u00e3o com met\u00e1stase linf\u00e1tica e vari\u00e1veis cl\u00ednicas pr\u00e9-operat\u00f3rias em tumores cardin\u00f3ide broncopulmonares t\u00edpicos.\u00a0<a title=\"fernandomourasilva\" href=\"https:\/\/pgcirurgia.incor.usp.br\/wp-content\/uploads\/2025\/06\/Fernando_Moura_Silva.pdf\" target=\"_blank\" rel=\"noopener noreferrer\">Tese<\/a><\/p><p>03\/09\/2008 Jos\u00e9 de Lima Oliveira J\u00fanior (Orient: Noedir A. G. Stolf)<br \/>Tema: Influ\u00eancia da doen\u00e7a ateroscler\u00f3tica arterial cr\u00edtica na mortalidade hospitalar de pacientes portadores de estenose submetidos \u00e0 substitui\u00e7\u00e3o valvar.\u00a0<a title=\"jos_de_lima_oliveira\" href=\"https:\/\/pgcirurgia.incor.usp.br\/wp-content\/uploads\/2025\/06\/Jose_de_Lima_Oliveira.pdf\" target=\"_blank\" rel=\"noopener noreferrer\">Tese<\/a><\/p><p>26\/08\/2008 Ant\u00f4nio Fl\u00e1vio Sanchez de Almeida (Orient: Pablo M. A. Pomerantzeff)<br \/>Tema: Estudo anat\u00f4mico do aparelho subvalvar da valva atrioventricular esquerda de cora\u00e7\u00f5es humanos.\u00a0<a title=\"antonio_flavio\" href=\"https:\/\/pgcirurgia.incor.usp.br\/wp-content\/uploads\/2025\/06\/Antonio_Flavio.pdf\" target=\"_blank\" rel=\"noopener noreferrer\">Tese<\/a><\/p><p>05\/08\/2008 Mariana Tosello Laloni (Orient: Jos\u00e9 Ribas M. de Campos)<br \/>Tema: Predi\u00e7\u00e3o do Risco Individual de Met\u00e1stase Linf\u00e1tica e Hematog\u00eanica em Fun\u00e7\u00e3o da intensidade da Linfangiog\u00eanese no Tumor Carcin\u00f3ide T\u00edpico Broncopulmonar.\u00a0<a title=\"mariana_tosello_laloni_final\" href=\"https:\/\/pgcirurgia.incor.usp.br\/wp-content\/uploads\/2025\/06\/Mariana_Tosello_Laloni.pdf\" target=\"_blank\" rel=\"noopener noreferrer\">Tese<\/a><\/p><p>14\/07\/2008 Guilherme de Menezes Succi (Orient: Luiz Felipe P. Moreira)<br \/>Tema: Influ\u00eancia da Descompress\u00e3o do Ventr\u00edculo Direito atrav\u00e9s da Conex\u00e3o Cavo-Pulmonar na Assist\u00eancia Ventricular Esquerda em Modelo Experimental de Insufici\u00eancia Card\u00edaca.\u00a0<a title=\"guilherme_succi\" href=\"https:\/\/pgcirurgia.incor.usp.br\/wp-content\/uploads\/2025\/06\/Guilherme_Succi.pdf\" target=\"_blank\" rel=\"noopener noreferrer\">Tese<\/a><\/p><p>11\/07\/2008 Katia Regina da Silva (Orient: Roberto Costa)<br \/>Tema: Estudo Cl\u00ednico Randomizado para Profilaxia das Complica\u00e7\u00f5es Tromboemb\u00f3licas P\u00f3s-Implante Transvenoso de Dispositivos Card\u00edacos Eletr\u00f4nicos em Pacientes de Alto Risco.\u00a0<a title=\"katia_regina_da_silva\" href=\"https:\/\/pgcirurgia.incor.usp.br\/wp-content\/uploads\/2025\/06\/Katia_Regina_da_Silva.pdf\" target=\"_blank\" rel=\"noopener noreferrer\">Tese<\/a><\/p><p>22\/04\/2008 Jackson Brand\u00e3o Lopes (Orient: Lu\u00eds Alberto O. Dallan)<br \/>Tema: Preven\u00e7\u00e3o de Ader\u00eancias Peric\u00e1rdicas P\u00f3s-operat\u00f3rias com Uso de Fator de Crescimento de Queratin\u00f3citos e Carboximetilquitosana.\u00a0<a title=\"tese_dr_jackson_brando_lopes\" href=\"https:\/\/pgcirurgia.incor.usp.br\/wp-content\/uploads\/2025\/06\/Jackson_Brando_Lopes.pdf\" target=\"_blank\" rel=\"noopener noreferrer\">Tese<\/a><\/p><p>17\/03\/2008 Marcos Naoyuki Samano (Orient: F\u00e1bio Biscegli Jatene)<br \/>Tema: Estudo dos Efeitos da Pneumonectomia Esquerda sobre o Pulm\u00e3o Remanescente de Ratos: Avalia\u00e7\u00e3o das Altera\u00e7\u00f5es Histol\u00f3gicas e Funcionais Agudas.\u00a0<a title=\"marcos_samano\" href=\"https:\/\/pgcirurgia.incor.usp.br\/wp-content\/uploads\/2025\/06\/Marcos_Samano.pdf\" target=\"_blank\" rel=\"noopener noreferrer\">Tese<\/a><\/p><p>12\/02\/2008 Jos\u00e9 Pedro da Silva (Orient: Miguel L. Barbero Marcial)<br \/>Tema: Nova T\u00e9cnica Cir\u00fargica para a Corre\u00e7\u00e3o da Anomalia de Ebstein: Resultados Imediatos e em Longo Prazo.\u00a0<a title=\"dr._jos_pedro\" href=\"https:\/\/pgcirurgia.incor.usp.br\/wp-content\/uploads\/2025\/06\/Jose_Pedro_da_Silva.pdf\" target=\"_blank\" rel=\"noopener noreferrer\">Tese<\/a>\u00a0\/\u00a0<a href=\"http:\/\/www.ncbi.nlm.nih.gov\/pubmed\/17198815?dopt=AbstractPlus\" target=\"_blank\" rel=\"noopener noreferrer\">Artigo<\/a><\/p>\t\t\t\t\t\t\t\t<\/div>\n\t\t\t\t<\/div>\n\t\t\t\t\t<\/div>\n\t\t\t\t<\/div>\n\t\t\t\t<\/div>\n\t\t","protected":false},"excerpt":{"rendered":"<p>Selecione o ano de defesa da tese: 2026 |2025\u00a0|2024\u00a0|\u00a02023\u00a0|\u00a02022\u00a0|\u00a02021\u00a0|\u00a02020\u00a0|\u00a02019\u00a0|\u00a02018\u00a0|\u00a02017\u00a0|\u00a02016\u00a0|\u00a02015\u00a0|\u00a02014\u00a0|\u00a02013\u00a0|\u00a02012\u00a0|\u00a02011\u00a0|\u00a02010\u00a0|\u00a02009\u00a0|\u00a02008\u00a0|\u00a02007\u00a0|\u00a02006\u00a0|\u00a02005\u00a0|\u00a02004 16\/12\/2008 Ricardo Mingarini Terra (Orient: Paulo M. P\u00eago Fernandes)Tema: An\u00e1lise de Resultados Cl\u00ednicos [&hellip;]<\/p>\n","protected":false},"author":1,"featured_media":0,"parent":0,"menu_order":0,"comment_status":"closed","ping_status":"closed","template":"","meta":{"footnotes":""},"class_list":["post-3245","page","type-page","status-publish","hentry"],"lang":"pt","translations":{"pt":3245},"pll_sync_post":[],"_links":{"self":[{"href":"https:\/\/pgcirurgia.incor.usp.br\/index.php\/wp-json\/wp\/v2\/pages\/3245","targetHints":{"allow":["GET"]}}],"collection":[{"href":"https:\/\/pgcirurgia.incor.usp.br\/index.php\/wp-json\/wp\/v2\/pages"}],"about":[{"href":"https:\/\/pgcirurgia.incor.usp.br\/index.php\/wp-json\/wp\/v2\/types\/page"}],"author":[{"embeddable":true,"href":"https:\/\/pgcirurgia.incor.usp.br\/index.php\/wp-json\/wp\/v2\/users\/1"}],"replies":[{"embeddable":true,"href":"https:\/\/pgcirurgia.incor.usp.br\/index.php\/wp-json\/wp\/v2\/comments?post=3245"}],"version-history":[{"count":10,"href":"https:\/\/pgcirurgia.incor.usp.br\/index.php\/wp-json\/wp\/v2\/pages\/3245\/revisions"}],"predecessor-version":[{"id":5530,"href":"https:\/\/pgcirurgia.incor.usp.br\/index.php\/wp-json\/wp\/v2\/pages\/3245\/revisions\/5530"}],"wp:attachment":[{"href":"https:\/\/pgcirurgia.incor.usp.br\/index.php\/wp-json\/wp\/v2\/media?parent=3245"}],"curies":[{"name":"wp","href":"https:\/\/api.w.org\/{rel}","templated":true}]}}