{"id":2996,"date":"2025-06-11T11:37:56","date_gmt":"2025-06-11T14:37:56","guid":{"rendered":"https:\/\/pgcirurgia.incor.usp.br\/?page_id=2996"},"modified":"2026-02-05T10:32:39","modified_gmt":"2026-02-05T13:32:39","slug":"egressos-teses-2016","status":"publish","type":"page","link":"https:\/\/pgcirurgia.incor.usp.br\/index.php\/egressos-teses-2016\/","title":{"rendered":"Egressos \/ Teses &#8211; 2016"},"content":{"rendered":"\t\t<div data-elementor-type=\"wp-page\" data-elementor-id=\"2996\" class=\"elementor elementor-2996\" data-elementor-settings=\"{&quot;element_pack_global_tooltip_width&quot;:{&quot;unit&quot;:&quot;px&quot;,&quot;size&quot;:&quot;&quot;,&quot;sizes&quot;:[]},&quot;element_pack_global_tooltip_width_tablet&quot;:{&quot;unit&quot;:&quot;px&quot;,&quot;size&quot;:&quot;&quot;,&quot;sizes&quot;:[]},&quot;element_pack_global_tooltip_width_mobile&quot;:{&quot;unit&quot;:&quot;px&quot;,&quot;size&quot;:&quot;&quot;,&quot;sizes&quot;:[]},&quot;element_pack_global_tooltip_padding&quot;:{&quot;unit&quot;:&quot;px&quot;,&quot;top&quot;:&quot;&quot;,&quot;right&quot;:&quot;&quot;,&quot;bottom&quot;:&quot;&quot;,&quot;left&quot;:&quot;&quot;,&quot;isLinked&quot;:true},&quot;element_pack_global_tooltip_padding_tablet&quot;:{&quot;unit&quot;:&quot;px&quot;,&quot;top&quot;:&quot;&quot;,&quot;right&quot;:&quot;&quot;,&quot;bottom&quot;:&quot;&quot;,&quot;left&quot;:&quot;&quot;,&quot;isLinked&quot;:true},&quot;element_pack_global_tooltip_padding_mobile&quot;:{&quot;unit&quot;:&quot;px&quot;,&quot;top&quot;:&quot;&quot;,&quot;right&quot;:&quot;&quot;,&quot;bottom&quot;:&quot;&quot;,&quot;left&quot;:&quot;&quot;,&quot;isLinked&quot;:true},&quot;element_pack_global_tooltip_border_radius&quot;:{&quot;unit&quot;:&quot;px&quot;,&quot;top&quot;:&quot;&quot;,&quot;right&quot;:&quot;&quot;,&quot;bottom&quot;:&quot;&quot;,&quot;left&quot;:&quot;&quot;,&quot;isLinked&quot;:true},&quot;element_pack_global_tooltip_border_radius_tablet&quot;:{&quot;unit&quot;:&quot;px&quot;,&quot;top&quot;:&quot;&quot;,&quot;right&quot;:&quot;&quot;,&quot;bottom&quot;:&quot;&quot;,&quot;left&quot;:&quot;&quot;,&quot;isLinked&quot;:true},&quot;element_pack_global_tooltip_border_radius_mobile&quot;:{&quot;unit&quot;:&quot;px&quot;,&quot;top&quot;:&quot;&quot;,&quot;right&quot;:&quot;&quot;,&quot;bottom&quot;:&quot;&quot;,&quot;left&quot;:&quot;&quot;,&quot;isLinked&quot;:true}}\">\n\t\t\t\t<div class=\"elementor-element elementor-element-1907b22 e-flex e-con-boxed e-con e-parent\" data-id=\"1907b22\" data-element_type=\"container\">\n\t\t\t\t\t<div class=\"e-con-inner\">\n\t\t\t\t<div class=\"elementor-element elementor-element-d8a9010 elementor-widget elementor-widget-heading\" data-id=\"d8a9010\" data-element_type=\"widget\" data-widget_type=\"heading.default\">\n\t\t\t\t<div class=\"elementor-widget-container\">\n\t\t\t\t\t<h3 class=\"elementor-heading-title elementor-size-default\">Selecione o ano de defesa da tese:<\/h3>\t\t\t\t<\/div>\n\t\t\t\t<\/div>\n\t\t\t\t<div class=\"elementor-element elementor-element-692cdd1 elementor-widget elementor-widget-text-editor\" data-id=\"692cdd1\" data-element_type=\"widget\" data-widget_type=\"text-editor.default\">\n\t\t\t\t<div class=\"elementor-widget-container\">\n\t\t\t\t\t\t\t\t\t<p><a href=\"https:\/\/pgcirurgia.incor.usp.br\/index.php\/egressos-teses-2026\/\">2026<\/a> |<a href=\"https:\/\/pgcirurgia.incor.usp.br\/index.php\/egressos-teses-2025\/\">2025<\/a>\u00a0|<a href=\"https:\/\/pgcirurgia.incor.usp.br\/index.php\/egressos-teses-2024\/\">2024<\/a>\u00a0|\u00a0<a href=\"https:\/\/pgcirurgia.incor.usp.br\/index.php\/egressos-teses-2023\/\">2023<\/a>\u00a0|\u00a0<a href=\"https:\/\/pgcirurgia.incor.usp.br\/index.php\/egressos-teses-2022\/\">2022<\/a>\u00a0|\u00a0<a href=\"https:\/\/pgcirurgia.incor.usp.br\/index.php\/egressos-teses-2021\/\">2021<\/a>\u00a0|\u00a0<a href=\"https:\/\/pgcirurgia.incor.usp.br\/index.php\/egressos-teses-2020\/\">2020<\/a>\u00a0|\u00a0<a href=\"https:\/\/pgcirurgia.incor.usp.br\/index.php\/egressos-teses-2019\/\">2019<\/a>\u00a0|\u00a0<a href=\"https:\/\/pgcirurgia.incor.usp.br\/index.php\/egressos-teses-2018\/\">2018<\/a>\u00a0|\u00a0<a href=\"https:\/\/pgcirurgia.incor.usp.br\/index.php\/egressos-teses-2017\/\">2017<\/a>\u00a0|\u00a0<a href=\"https:\/\/pgcirurgia.incor.usp.br\/index.php\/egressos-teses-2016\/\">2016<\/a>\u00a0|\u00a0<a href=\"https:\/\/pgcirurgia.incor.usp.br\/index.php\/egressos-teses-2015\/\">2015<\/a>\u00a0|\u00a0<a href=\"https:\/\/pgcirurgia.incor.usp.br\/index.php\/egressos-teses-2014\/\">2014<\/a>\u00a0|\u00a0<a href=\"https:\/\/pgcirurgia.incor.usp.br\/index.php\/egressos-teses-2013\/\">2013<\/a>\u00a0|\u00a0<a href=\"https:\/\/pgcirurgia.incor.usp.br\/index.php\/egressos-teses-2012\/\">2012<\/a>\u00a0|\u00a0<a href=\"https:\/\/pgcirurgia.incor.usp.br\/index.php\/egressos-teses-2011\/\">2011<\/a>\u00a0|\u00a0<a href=\"https:\/\/pgcirurgia.incor.usp.br\/index.php\/egressos-teses-2010\/\">2010<\/a>\u00a0|\u00a0<a href=\"https:\/\/pgcirurgia.incor.usp.br\/index.php\/egressos-teses-2009\/\">2009<\/a>\u00a0|\u00a0<a href=\"https:\/\/pgcirurgia.incor.usp.br\/index.php\/egressos-teses-2008\/\">2008<\/a>\u00a0|\u00a0<a href=\"https:\/\/pgcirurgia.incor.usp.br\/index.php\/egressos-teses-2007\/\">2007<\/a>\u00a0|\u00a0<a href=\"https:\/\/pgcirurgia.incor.usp.br\/index.php\/egressos-teses-2006\/\">2006<\/a>\u00a0|\u00a0<a href=\"https:\/\/pgcirurgia.incor.usp.br\/index.php\/egressos-teses-2005\/\">2005<\/a>\u00a0|\u00a0<a href=\"https:\/\/pgcirurgia.incor.usp.br\/index.php\/egressos-teses-2004\/\">2004<\/a><\/p>\t\t\t\t\t\t\t\t<\/div>\n\t\t\t\t<\/div>\n\t\t\t\t<div class=\"elementor-element elementor-element-1809509 elementor-widget elementor-widget-text-editor\" data-id=\"1809509\" data-element_type=\"widget\" data-widget_type=\"text-editor.default\">\n\t\t\t\t<div class=\"elementor-widget-container\">\n\t\t\t\t\t\t\t\t\t<p>A<strong>luna:\u00a0Danila de Souza Carraro<\/strong><br \/>Orientador:\u00a0Paulo Manuel P\u00eago Fernandes<br \/>Data da defesa:\u00a020\/12\/2016<br \/>&#8220;Coloniza\u00e7\u00e3o por\u00a0Burkholderia cepacia complex\u00a0em pacientes com doen\u00e7a pulmonar supurativa submetidos ao transplante pulmonar: impacto na sobrevida e an\u00e1lise de genomovar&#8221;.<a href=\"https:\/\/pgcirurgia.incor.usp.br\/wp-content\/uploads\/2025\/06\/DANILA_DE_SOUZA_CARRARO.pdf\" target=\"_blank\" rel=\"noopener\">Tese<\/a><br \/><br \/><strong>Aluno: Eduardo Augusto Victor Rocha<br \/><\/strong>Orientador: Renato Samy Assad<br \/>Data da defesa: 25\/11\/2016 <br \/>&#8220;Avalia\u00e7\u00e3o da apoptose e neoangiog\u00eanese mioc\u00e1rdica no treinamento ventricular de cabritos jovens submetidos \u00e0 sobrecarga de press\u00e3o cont\u00ednua versus intermitente.&#8221;\u00a0<a href=\"https:\/\/pgcirurgia.incor.usp.br\/wp-content\/uploads\/2025\/06\/EDUARDO_AUGUSTO_VICTOR_ROCHA.pdf\" target=\"_blank\" rel=\"noopener\">Tese<\/a><\/p><div><p><strong>Aluno: Leonardo Pessoa Cavalcante<br \/><\/strong>Orientador: Luiz Felipe Pinho Moreira<br \/>Data da defesa: 23\/11\/2016<br \/>&#8220;Efeito da administra\u00e7\u00e3o aguda de 17\u03b2-estradiol ou de progesterona em modelo de isquemia-reperfus\u00e3o medular em ratos.&#8221; <a href=\"https:\/\/pgcirurgia.incor.usp.br\/wp-content\/uploads\/2025\/06\/LEONARDO_PESSOA_CAVALCANTE.pdf\" target=\"_blank\" rel=\"noopener\">Tese<\/a><\/p><\/div><p><strong>Aluno: Lucas Regatieri Barbieri<\/strong><br \/>Orientador: Noedir Antonio Groppo Stolf<br \/>Data da defesa: 15\/08\/2016<br \/>&#8220;Uso de nanoemuls\u00f5es lip\u00eddicas como ve\u00edculos de paclitaxel e de metotrexato no tratamento da doen\u00e7a vascular do cora\u00e7\u00e3o transplantado em coelhos&#8221;.<a href=\"https:\/\/pgcirurgia.incor.usp.br\/wp-content\/uploads\/2025\/06\/LUCAS_REGATIERI_BARBIERI.pdf\" target=\"_blank\" rel=\"noopener\">Tese<\/a><\/p><p><strong>Aluna: S\u00e2mia Georgia Dantas Linhares\u00a0<\/strong><br \/>Orientador: Ricardo Mingarini Terra<br \/>Data da Defesa: 03\/06\/2016<br \/>&#8220;Capacidade funcional de exerc\u00edcio e fun\u00e7\u00e3o pulmonar em pacientes submetidos a um programa de reabilita\u00e7\u00e3o precoce ap\u00f3s t\u00e9cnica de Nuss: um estudo controlado randomizado&#8221;.\u00a0<a href=\"https:\/\/pgcirurgia.incor.usp.br\/wp-content\/uploads\/2025\/06\/SAMIA_GEORGIA_DANTAS_LINHARES.pdf\" target=\"_blank\" rel=\"noopener\">Tese<\/a><\/p><p><strong>Aluna: Camilla Carlini Vallilo\u00a0<\/strong><br \/>Orientador: Ricardo Mingarini Terra<br \/>Data da Defesa: 20\/05\/2016<br \/>&#8220;Avalia\u00e7\u00e3o da qualidade de vida, fun\u00e7\u00e3o pulmonar, e capacidade de exerc\u00edcio de pacientes com bronquiectasia n\u00e3o fibroc\u00edstica antes e ap\u00f3s cirurgia de ressec\u00e7\u00e3o pulmonar&#8221;.\u00a0<a href=\"https:\/\/pgcirurgia.incor.usp.br\/wp-content\/uploads\/2025\/06\/CAMILLA_CARLINI_VALLILO-1.pdf\" target=\"_blank\" rel=\"noopener\">Tese<\/a><\/p><p><strong>Aluna: Laura Menegat<\/strong><br \/>Orientador: Paulina Sannomiya<br \/>Data da Defesa: 02\/05\/2016\u00a0<br \/>&#8220;Estudo dos processos de mobiliza\u00e7\u00e3o, ativa\u00e7\u00e3o e apoptose das c\u00e9lulas da medula \u00f3ssea em modelo de morte encef\u00e1lica em ratos&#8221;.\u00a0<a href=\"https:\/\/pgcirurgia.incor.usp.br\/wp-content\/uploads\/2025\/06\/LAURA_MENEGAT.pdf\" target=\"_blank\" rel=\"noopener\">Tese<\/a><\/p><p><strong>Aluna: Maristela Prado e Silva<br \/><\/strong>Orientador: Rogerio Pazetti<br \/>Data da Defesa: 05\/04\/2016<br \/>T\u00edtulo: &#8220;Efeitos da imunossupress\u00e3o sobre a depura\u00e7\u00e3o mucociliar de ratos: compara\u00e7\u00e3o entre dois esquemas de terapia tr\u00edplice&#8221;. Tese<\/p><p><strong>Aluno: Paulo Rog\u00e9rio Scordamaglio<\/strong><br \/>Orientador:\u00a0Miguel Lia Tedde<br \/>Data da Defesa:16\/02\/2016<br \/>T\u00edtulo:\u00a0&#8220;Avalia\u00e7\u00e3o da aplicabilidade de dispositivos de corre\u00e7\u00e3o de defeitos do septo atrial no tratamento endosc\u00f3pico de deisc\u00eancias totais cr\u00f4nicas de coto br\u00f4nquico&#8221;.\u00a0\u00a0<a href=\"https:\/\/pgcirurgia.incor.usp.br\/wp-content\/uploads\/2025\/06\/PAULO_ROGERIO_SCORDAMAGLIO.pdf\" target=\"_blank\" rel=\"noopener\">Tese<\/a><\/p>\t\t\t\t\t\t\t\t<\/div>\n\t\t\t\t<\/div>\n\t\t\t\t\t<\/div>\n\t\t\t\t<\/div>\n\t\t\t\t<\/div>\n\t\t","protected":false},"excerpt":{"rendered":"<p>Selecione o ano de defesa da tese: 2026 |2025\u00a0|2024\u00a0|\u00a02023\u00a0|\u00a02022\u00a0|\u00a02021\u00a0|\u00a02020\u00a0|\u00a02019\u00a0|\u00a02018\u00a0|\u00a02017\u00a0|\u00a02016\u00a0|\u00a02015\u00a0|\u00a02014\u00a0|\u00a02013\u00a0|\u00a02012\u00a0|\u00a02011\u00a0|\u00a02010\u00a0|\u00a02009\u00a0|\u00a02008\u00a0|\u00a02007\u00a0|\u00a02006\u00a0|\u00a02005\u00a0|\u00a02004 Aluna:\u00a0Danila de Souza CarraroOrientador:\u00a0Paulo Manuel P\u00eago FernandesData da defesa:\u00a020\/12\/2016&#8220;Coloniza\u00e7\u00e3o por\u00a0Burkholderia cepacia complex\u00a0em pacientes [&hellip;]<\/p>\n","protected":false},"author":1,"featured_media":0,"parent":0,"menu_order":0,"comment_status":"closed","ping_status":"closed","template":"","meta":{"footnotes":""},"class_list":["post-2996","page","type-page","status-publish","hentry"],"lang":"pt","translations":{"pt":2996},"pll_sync_post":[],"_links":{"self":[{"href":"https:\/\/pgcirurgia.incor.usp.br\/index.php\/wp-json\/wp\/v2\/pages\/2996","targetHints":{"allow":["GET"]}}],"collection":[{"href":"https:\/\/pgcirurgia.incor.usp.br\/index.php\/wp-json\/wp\/v2\/pages"}],"about":[{"href":"https:\/\/pgcirurgia.incor.usp.br\/index.php\/wp-json\/wp\/v2\/types\/page"}],"author":[{"embeddable":true,"href":"https:\/\/pgcirurgia.incor.usp.br\/index.php\/wp-json\/wp\/v2\/users\/1"}],"replies":[{"embeddable":true,"href":"https:\/\/pgcirurgia.incor.usp.br\/index.php\/wp-json\/wp\/v2\/comments?post=2996"}],"version-history":[{"count":16,"href":"https:\/\/pgcirurgia.incor.usp.br\/index.php\/wp-json\/wp\/v2\/pages\/2996\/revisions"}],"predecessor-version":[{"id":5506,"href":"https:\/\/pgcirurgia.incor.usp.br\/index.php\/wp-json\/wp\/v2\/pages\/2996\/revisions\/5506"}],"wp:attachment":[{"href":"https:\/\/pgcirurgia.incor.usp.br\/index.php\/wp-json\/wp\/v2\/media?parent=2996"}],"curies":[{"name":"wp","href":"https:\/\/api.w.org\/{rel}","templated":true}]}}