{"id":2991,"date":"2025-06-11T11:37:20","date_gmt":"2025-06-11T14:37:20","guid":{"rendered":"https:\/\/pgcirurgia.incor.usp.br\/?page_id=2991"},"modified":"2026-02-05T10:25:17","modified_gmt":"2026-02-05T13:25:17","slug":"egressos-teses-2021","status":"publish","type":"page","link":"https:\/\/pgcirurgia.incor.usp.br\/index.php\/egressos-teses-2021\/","title":{"rendered":"Egressos \/ Teses &#8211; 2021"},"content":{"rendered":"\t\t<div data-elementor-type=\"wp-page\" data-elementor-id=\"2991\" class=\"elementor elementor-2991\" data-elementor-settings=\"{&quot;element_pack_global_tooltip_width&quot;:{&quot;unit&quot;:&quot;px&quot;,&quot;size&quot;:&quot;&quot;,&quot;sizes&quot;:[]},&quot;element_pack_global_tooltip_width_tablet&quot;:{&quot;unit&quot;:&quot;px&quot;,&quot;size&quot;:&quot;&quot;,&quot;sizes&quot;:[]},&quot;element_pack_global_tooltip_width_mobile&quot;:{&quot;unit&quot;:&quot;px&quot;,&quot;size&quot;:&quot;&quot;,&quot;sizes&quot;:[]},&quot;element_pack_global_tooltip_padding&quot;:{&quot;unit&quot;:&quot;px&quot;,&quot;top&quot;:&quot;&quot;,&quot;right&quot;:&quot;&quot;,&quot;bottom&quot;:&quot;&quot;,&quot;left&quot;:&quot;&quot;,&quot;isLinked&quot;:true},&quot;element_pack_global_tooltip_padding_tablet&quot;:{&quot;unit&quot;:&quot;px&quot;,&quot;top&quot;:&quot;&quot;,&quot;right&quot;:&quot;&quot;,&quot;bottom&quot;:&quot;&quot;,&quot;left&quot;:&quot;&quot;,&quot;isLinked&quot;:true},&quot;element_pack_global_tooltip_padding_mobile&quot;:{&quot;unit&quot;:&quot;px&quot;,&quot;top&quot;:&quot;&quot;,&quot;right&quot;:&quot;&quot;,&quot;bottom&quot;:&quot;&quot;,&quot;left&quot;:&quot;&quot;,&quot;isLinked&quot;:true},&quot;element_pack_global_tooltip_border_radius&quot;:{&quot;unit&quot;:&quot;px&quot;,&quot;top&quot;:&quot;&quot;,&quot;right&quot;:&quot;&quot;,&quot;bottom&quot;:&quot;&quot;,&quot;left&quot;:&quot;&quot;,&quot;isLinked&quot;:true},&quot;element_pack_global_tooltip_border_radius_tablet&quot;:{&quot;unit&quot;:&quot;px&quot;,&quot;top&quot;:&quot;&quot;,&quot;right&quot;:&quot;&quot;,&quot;bottom&quot;:&quot;&quot;,&quot;left&quot;:&quot;&quot;,&quot;isLinked&quot;:true},&quot;element_pack_global_tooltip_border_radius_mobile&quot;:{&quot;unit&quot;:&quot;px&quot;,&quot;top&quot;:&quot;&quot;,&quot;right&quot;:&quot;&quot;,&quot;bottom&quot;:&quot;&quot;,&quot;left&quot;:&quot;&quot;,&quot;isLinked&quot;:true}}\">\n\t\t\t\t<div class=\"elementor-element elementor-element-1907b22 e-flex e-con-boxed e-con e-parent\" data-id=\"1907b22\" data-element_type=\"container\">\n\t\t\t\t\t<div class=\"e-con-inner\">\n\t\t\t\t<div class=\"elementor-element elementor-element-d8a9010 elementor-widget elementor-widget-heading\" data-id=\"d8a9010\" data-element_type=\"widget\" data-widget_type=\"heading.default\">\n\t\t\t\t<div class=\"elementor-widget-container\">\n\t\t\t\t\t<h3 class=\"elementor-heading-title elementor-size-default\">Selecione o ano de defesa da tese:<\/h3>\t\t\t\t<\/div>\n\t\t\t\t<\/div>\n\t\t\t\t<div class=\"elementor-element elementor-element-a39dae5 elementor-widget elementor-widget-text-editor\" data-id=\"a39dae5\" data-element_type=\"widget\" data-widget_type=\"text-editor.default\">\n\t\t\t\t<div class=\"elementor-widget-container\">\n\t\t\t\t\t\t\t\t\t<p><a href=\"https:\/\/pgcirurgia.incor.usp.br\/index.php\/egressos-teses-2026\/\">2026<\/a> |<a href=\"https:\/\/pgcirurgia.incor.usp.br\/index.php\/egressos-teses-2025\/\">2025<\/a>\u00a0|<a href=\"https:\/\/pgcirurgia.incor.usp.br\/index.php\/egressos-teses-2024\/\">2024<\/a>\u00a0|\u00a0<a href=\"https:\/\/pgcirurgia.incor.usp.br\/index.php\/egressos-teses-2023\/\">2023<\/a>\u00a0|\u00a0<a href=\"https:\/\/pgcirurgia.incor.usp.br\/index.php\/egressos-teses-2022\/\">2022<\/a>\u00a0|\u00a0<a href=\"https:\/\/pgcirurgia.incor.usp.br\/index.php\/egressos-teses-2021\/\">2021<\/a>\u00a0|\u00a0<a href=\"https:\/\/pgcirurgia.incor.usp.br\/index.php\/egressos-teses-2020\/\">2020<\/a>\u00a0|\u00a0<a href=\"https:\/\/pgcirurgia.incor.usp.br\/index.php\/egressos-teses-2019\/\">2019<\/a>\u00a0|\u00a0<a href=\"https:\/\/pgcirurgia.incor.usp.br\/index.php\/egressos-teses-2018\/\">2018<\/a>\u00a0|\u00a0<a href=\"https:\/\/pgcirurgia.incor.usp.br\/index.php\/egressos-teses-2017\/\">2017<\/a>\u00a0|\u00a0<a href=\"https:\/\/pgcirurgia.incor.usp.br\/index.php\/egressos-teses-2016\/\">2016<\/a>\u00a0|\u00a0<a href=\"https:\/\/pgcirurgia.incor.usp.br\/index.php\/egressos-teses-2015\/\">2015<\/a>\u00a0|\u00a0<a href=\"https:\/\/pgcirurgia.incor.usp.br\/index.php\/egressos-teses-2014\/\">2014<\/a>\u00a0|\u00a0<a href=\"https:\/\/pgcirurgia.incor.usp.br\/index.php\/egressos-teses-2013\/\">2013<\/a>\u00a0|\u00a0<a href=\"https:\/\/pgcirurgia.incor.usp.br\/index.php\/egressos-teses-2012\/\">2012<\/a>\u00a0|\u00a0<a href=\"https:\/\/pgcirurgia.incor.usp.br\/index.php\/egressos-teses-2011\/\">2011<\/a>\u00a0|\u00a0<a href=\"https:\/\/pgcirurgia.incor.usp.br\/index.php\/egressos-teses-2010\/\">2010<\/a>\u00a0|\u00a0<a href=\"https:\/\/pgcirurgia.incor.usp.br\/index.php\/egressos-teses-2009\/\">2009<\/a>\u00a0|\u00a0<a href=\"https:\/\/pgcirurgia.incor.usp.br\/index.php\/egressos-teses-2008\/\">2008<\/a>\u00a0|\u00a0<a href=\"https:\/\/pgcirurgia.incor.usp.br\/index.php\/egressos-teses-2007\/\">2007<\/a>\u00a0|\u00a0<a href=\"https:\/\/pgcirurgia.incor.usp.br\/index.php\/egressos-teses-2006\/\">2006<\/a>\u00a0|\u00a0<a href=\"https:\/\/pgcirurgia.incor.usp.br\/index.php\/egressos-teses-2005\/\">2005<\/a>\u00a0|\u00a0<a href=\"https:\/\/pgcirurgia.incor.usp.br\/index.php\/egressos-teses-2004\/\">2004<\/a><\/p>\t\t\t\t\t\t\t\t<\/div>\n\t\t\t\t<\/div>\n\t\t\t\t<div class=\"elementor-element elementor-element-1809509 elementor-widget elementor-widget-text-editor\" data-id=\"1809509\" data-element_type=\"widget\" data-widget_type=\"text-editor.default\">\n\t\t\t\t<div class=\"elementor-widget-container\">\n\t\t\t\t\t\t\t\t\t<p><strong>Aluna: Fernanda Yamamoto Ricardo da Silva<\/strong><br \/>Orientador: Dra. Ana Ana Cristina Breithaupt Falopp<br \/>Data da Defesa: 07\/12\/2021<br \/>T\u00edtulo:\u00a0&#8220;Inflama\u00e7\u00e3o pulmonar ap\u00f3s morte encef\u00e1lica:\u00a0diferen\u00e7a entre sexos e estrat\u00e9gias de tratamento&#8221;\u00a0<\/p><p><strong>Aluno: Raphael dos Santos Coutinho e Silva<\/strong><br \/>Orientador: Prof. Dr. Luiz Felipe Pinho Moreira<br \/>Data da Defesa: 30\/11\/2021<br \/>T\u00edtulo:\u00a0&#8220;Perspectivas da simpatectomia tor\u00e1cica bilateral como tratamento da insufici\u00eancia card\u00edaca&#8221;\u00a0<\/p><p><strong>Aluno: Roberto Armstrong Junor<\/strong><br \/>Orientadora: Dra. Ana Ana Cristina Breithaupt Faloppa<br \/>Data da Defesa: 16\/11\/2021<br \/>T\u00edtulo:\u00a0&#8220;O papel do estradiol na manuten\u00e7\u00e3o de doadores de \u00f3rg\u00e3os em morte encef\u00e1lica: da fisiopatologia ao tratamento&#8221;\u00a0<\/p><p><strong>Aluno: Frederico Carlos Cordeiro de Mendon\u00e7a<br \/><\/strong>Orientador: Prof. Dr. F\u00e1bio Biscegli Jatene<br \/>Data da Defesa: 11\/08\/2021<br \/>T\u00edtulo:\u00a0&#8220;Impacto da implementa\u00e7\u00e3o de um sistema de seguran\u00e7a do paciente cir\u00fargico na morbimortalidade hospitalar entre pacientes operados de cirurgia valvar e coron\u00e1ria&#8221;\u00a0<a href=\"https:\/\/pgcirurgia.incor.usp.br\/wp-content\/uploads\/2025\/06\/FREDERICO_CARLOS_MENDONCA.pdf\" target=\"_blank\" rel=\"noopener\">Tese<\/a><\/p><p><strong>Aluna: Bianca Maria Maglia Orlandi<\/strong><br \/>Orientador: Dr. Omar Asdrubal Vilca Mejia<br \/>Data da Defesa: 02\/08\/2021<br \/>T\u00edtulo:\u00a0&#8220;Predi\u00e7\u00e3o de risco de infec\u00e7\u00e3o profunda do s\u00edtio cir\u00fargico ap\u00f3s cirurgia de revasculariza\u00e7\u00e3o mioc\u00e1rdica: elabora\u00e7\u00e3o e valida\u00e7\u00e3o de um modelo de risco no REPLICCAR II&#8221;\u00a0<a href=\"https:\/\/pgcirurgia.incor.usp.br\/wp-content\/uploads\/2025\/06\/BIANCA_MARIA_MAGLIA_ORLANDI.pdf\" target=\"_blank\" rel=\"noopener\">Tese<\/a><\/p><p><strong>Aluna: Liliane Moreira Ruiz<\/strong><br \/>Orientador: Prof. Dr. Paulo Manuel P\u00eago Fernandes<br \/>Data da Defesa: 16\/07\/2021<br \/>T\u00edtulo:\u00a0&#8220;Avalia\u00e7\u00e3o funcional e inflamat\u00f3ria de pulm\u00f5es submetidos ao\u00a0tratamento com solu\u00e7\u00e3o salina hipert\u00f4nica em modelo de morte encef\u00e1lica&#8221;\u00a0<a href=\"https:\/\/pgcirurgia.incor.usp.br\/wp-content\/uploads\/2025\/06\/LILIANE_MOREIRA_RUIZ_corrigida.pdf\" target=\"_blank\" rel=\"noopener\">Tese<\/a><\/p><p><strong>Aluno: Erlon de Avila Carvalho<\/strong><br \/>Orientador: Prof. Dr. Ricardo Mingarini Terra<br \/>Data da Defesa: 09\/06\/2021<br \/>T\u00edtulo: &#8220;Modula\u00e7\u00e3o da resposta inflamat\u00f3ria e imunol\u00f3gica pela eletroestimula\u00e7\u00e3o vagal em porcos submetidos \u00e0 ressec\u00e7\u00e3o pulmonar por toracotomia convencional ou cirurgia rob\u00f3tica&#8221;\u00a0<a href=\"https:\/\/pgcirurgia.incor.usp.br\/wp-content\/uploads\/2025\/06\/ERLON_DE_AVILA_CARVALHO.pdf\" target=\"_blank\" rel=\"noopener\">Tese<\/a><\/p><p><strong>Aluno: Marcelo Luiz Peixoto Sobral<\/strong><br \/>Orientador: Dr. Ricardo Ribeiro Dias<br \/>Data da Defesa: 23\/02\/2021<br \/>T\u00edtulo: &#8220;Efeitos protetores do 17\u03b2-estradiol na coagula\u00e7\u00e3o e na inflama\u00e7\u00e3o\u00a0sist\u00eamica, ap\u00f3s a oclus\u00e3o total da por\u00e7\u00e3o proximal da aorta\u00a0descendente, em ratos machos&#8221;\u00a0<a href=\"https:\/\/pgcirurgia.incor.usp.br\/wp-content\/uploads\/2025\/06\/MARCELO_LUIZ_PEIXOTO_SOBRAL.pdf\" target=\"_blank\" rel=\"noopener\">Tese<\/a><\/p>\t\t\t\t\t\t\t\t<\/div>\n\t\t\t\t<\/div>\n\t\t\t\t\t<\/div>\n\t\t\t\t<\/div>\n\t\t\t\t<\/div>\n\t\t","protected":false},"excerpt":{"rendered":"<p>Selecione o ano de defesa da tese: 2026 |2025\u00a0|2024\u00a0|\u00a02023\u00a0|\u00a02022\u00a0|\u00a02021\u00a0|\u00a02020\u00a0|\u00a02019\u00a0|\u00a02018\u00a0|\u00a02017\u00a0|\u00a02016\u00a0|\u00a02015\u00a0|\u00a02014\u00a0|\u00a02013\u00a0|\u00a02012\u00a0|\u00a02011\u00a0|\u00a02010\u00a0|\u00a02009\u00a0|\u00a02008\u00a0|\u00a02007\u00a0|\u00a02006\u00a0|\u00a02005\u00a0|\u00a02004 Aluna: Fernanda Yamamoto Ricardo da SilvaOrientador: Dra. Ana Ana Cristina Breithaupt FaloppData da [&hellip;]<\/p>\n","protected":false},"author":1,"featured_media":0,"parent":0,"menu_order":0,"comment_status":"closed","ping_status":"closed","template":"","meta":{"footnotes":""},"class_list":["post-2991","page","type-page","status-publish","hentry"],"lang":"pt","translations":{"pt":2991},"pll_sync_post":[],"_links":{"self":[{"href":"https:\/\/pgcirurgia.incor.usp.br\/index.php\/wp-json\/wp\/v2\/pages\/2991","targetHints":{"allow":["GET"]}}],"collection":[{"href":"https:\/\/pgcirurgia.incor.usp.br\/index.php\/wp-json\/wp\/v2\/pages"}],"about":[{"href":"https:\/\/pgcirurgia.incor.usp.br\/index.php\/wp-json\/wp\/v2\/types\/page"}],"author":[{"embeddable":true,"href":"https:\/\/pgcirurgia.incor.usp.br\/index.php\/wp-json\/wp\/v2\/users\/1"}],"replies":[{"embeddable":true,"href":"https:\/\/pgcirurgia.incor.usp.br\/index.php\/wp-json\/wp\/v2\/comments?post=2991"}],"version-history":[{"count":16,"href":"https:\/\/pgcirurgia.incor.usp.br\/index.php\/wp-json\/wp\/v2\/pages\/2991\/revisions"}],"predecessor-version":[{"id":5488,"href":"https:\/\/pgcirurgia.incor.usp.br\/index.php\/wp-json\/wp\/v2\/pages\/2991\/revisions\/5488"}],"wp:attachment":[{"href":"https:\/\/pgcirurgia.incor.usp.br\/index.php\/wp-json\/wp\/v2\/media?parent=2991"}],"curies":[{"name":"wp","href":"https:\/\/api.w.org\/{rel}","templated":true}]}}