{"id":1689,"date":"2025-06-03T11:14:11","date_gmt":"2025-06-03T14:14:11","guid":{"rendered":"https:\/\/pgcirurgia.incor.usp.br\/?page_id=1689"},"modified":"2025-10-01T08:59:51","modified_gmt":"2025-10-01T11:59:51","slug":"roberto-costa","status":"publish","type":"page","link":"https:\/\/pgcirurgia.incor.usp.br\/index.php\/roberto-costa\/","title":{"rendered":"Roberto Costa"},"content":{"rendered":"\t\t<div data-elementor-type=\"wp-page\" data-elementor-id=\"1689\" class=\"elementor elementor-1689\" data-elementor-settings=\"{&quot;element_pack_global_tooltip_width&quot;:{&quot;unit&quot;:&quot;px&quot;,&quot;size&quot;:&quot;&quot;,&quot;sizes&quot;:[]},&quot;element_pack_global_tooltip_width_tablet&quot;:{&quot;unit&quot;:&quot;px&quot;,&quot;size&quot;:&quot;&quot;,&quot;sizes&quot;:[]},&quot;element_pack_global_tooltip_width_mobile&quot;:{&quot;unit&quot;:&quot;px&quot;,&quot;size&quot;:&quot;&quot;,&quot;sizes&quot;:[]},&quot;element_pack_global_tooltip_padding&quot;:{&quot;unit&quot;:&quot;px&quot;,&quot;top&quot;:&quot;&quot;,&quot;right&quot;:&quot;&quot;,&quot;bottom&quot;:&quot;&quot;,&quot;left&quot;:&quot;&quot;,&quot;isLinked&quot;:true},&quot;element_pack_global_tooltip_padding_tablet&quot;:{&quot;unit&quot;:&quot;px&quot;,&quot;top&quot;:&quot;&quot;,&quot;right&quot;:&quot;&quot;,&quot;bottom&quot;:&quot;&quot;,&quot;left&quot;:&quot;&quot;,&quot;isLinked&quot;:true},&quot;element_pack_global_tooltip_padding_mobile&quot;:{&quot;unit&quot;:&quot;px&quot;,&quot;top&quot;:&quot;&quot;,&quot;right&quot;:&quot;&quot;,&quot;bottom&quot;:&quot;&quot;,&quot;left&quot;:&quot;&quot;,&quot;isLinked&quot;:true},&quot;element_pack_global_tooltip_border_radius&quot;:{&quot;unit&quot;:&quot;px&quot;,&quot;top&quot;:&quot;&quot;,&quot;right&quot;:&quot;&quot;,&quot;bottom&quot;:&quot;&quot;,&quot;left&quot;:&quot;&quot;,&quot;isLinked&quot;:true},&quot;element_pack_global_tooltip_border_radius_tablet&quot;:{&quot;unit&quot;:&quot;px&quot;,&quot;top&quot;:&quot;&quot;,&quot;right&quot;:&quot;&quot;,&quot;bottom&quot;:&quot;&quot;,&quot;left&quot;:&quot;&quot;,&quot;isLinked&quot;:true},&quot;element_pack_global_tooltip_border_radius_mobile&quot;:{&quot;unit&quot;:&quot;px&quot;,&quot;top&quot;:&quot;&quot;,&quot;right&quot;:&quot;&quot;,&quot;bottom&quot;:&quot;&quot;,&quot;left&quot;:&quot;&quot;,&quot;isLinked&quot;:true}}\">\n\t\t\t\t<div class=\"elementor-element elementor-element-51cb346 e-flex e-con-boxed e-con e-parent\" data-id=\"51cb346\" data-element_type=\"container\">\n\t\t\t\t\t<div class=\"e-con-inner\">\n\t\t<div class=\"elementor-element elementor-element-107d646 e-con-full e-flex e-con e-child\" data-id=\"107d646\" data-element_type=\"container\">\n\t\t\t\t<div class=\"elementor-element elementor-element-a10d06c elementor-widget elementor-widget-image\" data-id=\"a10d06c\" data-element_type=\"widget\" data-widget_type=\"image.default\">\n\t\t\t\t<div class=\"elementor-widget-container\">\n\t\t\t\t\t\t\t\t\t\t\t\t\t\t\t<img fetchpriority=\"high\" decoding=\"async\" width=\"256\" height=\"300\" src=\"https:\/\/pgcirurgia.incor.usp.br\/wp-content\/uploads\/2025\/06\/ROBERTO-COSTA_FOTO-2-256x300.jpg\" class=\"attachment-medium size-medium wp-image-3332\" alt=\"ROBERTO COSTA\" \/>\t\t\t\t\t\t\t\t\t\t\t\t\t\t\t<\/div>\n\t\t\t\t<\/div>\n\t\t\t\t<\/div>\n\t\t<div class=\"elementor-element elementor-element-6b82ab2 e-con-full e-flex e-con e-child\" data-id=\"6b82ab2\" data-element_type=\"container\">\n\t\t\t\t<div class=\"elementor-element elementor-element-be6b39e elementor-widget elementor-widget-text-editor\" data-id=\"be6b39e\" data-element_type=\"widget\" data-widget_type=\"text-editor.default\">\n\t\t\t\t<div class=\"elementor-widget-container\">\n\t\t\t\t\t\t\t\t\t<p>Graduado\u00a0em Medicina pela Universidade de S\u00e3o Paulo (1977), recebeu o t\u00edtulo de Doutor em Medicina (Cirurgia) tamb\u00e9m pela Universidade de S\u00e3o Paulo (1990).<\/p><p>Atualmente \u00e9 Professor\u00a0Associado da Disciplina de Cirurgia Cardiovascular da Faculdade de Medicina da Universidade de S\u00e3o Paulo e\u00a0Diretor da Unidade Cir\u00fargica de Estimula\u00e7\u00e3o El\u00e9trica e Marcapasso do Instituto do Cora\u00e7\u00e3o (InCor) do Hospital das Cl\u00ednicas da FMUSP.\u00a0<\/p><p>Consultor Parecerista\u00a0do CNPq. Participa como\u00a0Membro do Conselho Editorial da Revista Brasileira de Cirurgia Cardiovascular e como revisor dos Arquivos Brasileiros de Cardiologia.\u00a0<\/p>\t\t\t\t\t\t\t\t<\/div>\n\t\t\t\t<\/div>\n\t\t\t\t<\/div>\n\t\t<div class=\"elementor-element elementor-element-65a390e e-con-full e-flex e-con e-child\" data-id=\"65a390e\" data-element_type=\"container\">\n\t\t\t\t<div class=\"elementor-element elementor-element-81f1873 elementor-position-top elementor-widget elementor-widget-image-box\" data-id=\"81f1873\" data-element_type=\"widget\" data-widget_type=\"image-box.default\">\n\t\t\t\t<div class=\"elementor-widget-container\">\n\t\t\t\t\t<div class=\"elementor-image-box-wrapper\"><figure class=\"elementor-image-box-img\"><img decoding=\"async\" src=\"https:\/\/pgcirurgia.incor.usp.br\/wp-content\/uploads\/elementor\/thumbs\/pubmed-r6dzy4vijzagjkr7gdje5ak0jsvluj09lvygncea2c.png\" title=\"pubmed\" alt=\"pubmed\" loading=\"lazy\" \/><\/figure><div class=\"elementor-image-box-content\"><h3 class=\"elementor-image-box-title\">Pubmed<\/h3><\/div><\/div>\t\t\t\t<\/div>\n\t\t\t\t<\/div>\n\t\t\t\t<\/div>\n\t\t<div class=\"elementor-element elementor-element-56e586a e-con-full e-flex e-con e-child\" data-id=\"56e586a\" data-element_type=\"container\">\n\t\t\t\t<div class=\"elementor-element elementor-element-0f70a95 elementor-position-top elementor-widget elementor-widget-image-box\" data-id=\"0f70a95\" data-element_type=\"widget\" data-widget_type=\"image-box.default\">\n\t\t\t\t<div class=\"elementor-widget-container\">\n\t\t\t\t\t<div class=\"elementor-image-box-wrapper\"><figure class=\"elementor-image-box-img\"><a href=\"http:\/\/lattes.cnpq.br\/1909973147146476\" target=\"_blank\" tabindex=\"-1\"><img decoding=\"async\" src=\"https:\/\/pgcirurgia.incor.usp.br\/wp-content\/uploads\/elementor\/thumbs\/lattes-r6dzy3xod5967ysklv4rkssjyf08mtwj9raz62fo8k.png\" title=\"lattes\" alt=\"lattes\" loading=\"lazy\" \/><\/a><\/figure><div class=\"elementor-image-box-content\"><h3 class=\"elementor-image-box-title\"><a href=\"http:\/\/lattes.cnpq.br\/1909973147146476\" target=\"_blank\">Lattes<\/a><\/h3><\/div><\/div>\t\t\t\t<\/div>\n\t\t\t\t<\/div>\n\t\t\t\t<\/div>\n\t\t<div class=\"elementor-element elementor-element-e2ef473 e-con-full e-flex e-con e-child\" data-id=\"e2ef473\" data-element_type=\"container\">\n\t\t\t\t<div class=\"elementor-element elementor-element-06d21af elementor-position-top elementor-widget elementor-widget-image-box\" data-id=\"06d21af\" data-element_type=\"widget\" data-widget_type=\"image-box.default\">\n\t\t\t\t<div class=\"elementor-widget-container\">\n\t\t\t\t\t<div class=\"elementor-image-box-wrapper\"><figure class=\"elementor-image-box-img\"><a href=\"https:\/\/scholar.google.com.br\/citations?user=0JwBAMQAAAAJ&#038;hl=pt-BR\" target=\"_blank\" tabindex=\"-1\"><img decoding=\"async\" src=\"https:\/\/pgcirurgia.incor.usp.br\/wp-content\/uploads\/elementor\/thumbs\/google-academico-r6dzy2zu6b7vwctxrcq50b13d14vf4ssxmnhosh2es.png\" title=\"google-academico\" alt=\"google-academico\" loading=\"lazy\" \/><\/a><\/figure><div class=\"elementor-image-box-content\"><h3 class=\"elementor-image-box-title\"><a href=\"https:\/\/scholar.google.com.br\/citations?user=0JwBAMQAAAAJ&#038;hl=pt-BR\" target=\"_blank\">Google Acad\u00eamico<\/a><\/h3><\/div><\/div>\t\t\t\t<\/div>\n\t\t\t\t<\/div>\n\t\t\t\t<\/div>\n\t\t<div class=\"elementor-element elementor-element-1317d5b e-con-full e-flex e-con e-child\" data-id=\"1317d5b\" data-element_type=\"container\">\n\t\t\t\t<div class=\"elementor-element elementor-element-653a949 elementor-widget elementor-widget-text-editor\" data-id=\"653a949\" data-element_type=\"widget\" data-widget_type=\"text-editor.default\">\n\t\t\t\t<div class=\"elementor-widget-container\">\n\t\t\t\t\t\t\t\t\t<p style=\"text-align: center;\"><img decoding=\"async\" class=\"alignnone wp-image-991\" src=\"https:\/\/pgcirurgia.incor.usp.br\/wp-content\/uploads\/2025\/05\/email.png\" alt=\"\" width=\"46\" height=\"35\" \/><\/p><p style=\"text-align: center;\"><a href=\"mailto:rcosta@incor.usp.br\">rcosta@incor.usp.br<\/a><\/p>\t\t\t\t\t\t\t\t<\/div>\n\t\t\t\t<\/div>\n\t\t\t\t<\/div>\n\t\t\t\t\t<\/div>\n\t\t\t\t<\/div>\n\t\t<div class=\"elementor-element elementor-element-c4b8d21 e-flex e-con-boxed e-con e-parent\" data-id=\"c4b8d21\" data-element_type=\"container\">\n\t\t\t\t\t<div class=\"e-con-inner\">\n\t\t\t\t<div class=\"elementor-element elementor-element-492f407 elementor-widget elementor-widget-text-editor\" data-id=\"492f407\" data-element_type=\"widget\" data-widget_type=\"text-editor.default\">\n\t\t\t\t<div class=\"elementor-widget-container\">\n\t\t\t\t\t\t\t\t\t<p><strong>Linhas de Pesquisa<\/strong><\/p><ul><li>Estudo das Complica\u00e7\u00f5es Tardias da Estimula\u00e7\u00e3o Card\u00edaca e do Uso de Eletrodos Endocavit\u00e1rios<\/li><li><a href=\"https:\/\/pgcirurgia.incor.usp.br\/index.php\/intervencoes-no-processo-de-remodelamento-ventricular-na-insuficiencia-miocardica\/\">Interven\u00e7\u00f5es no processo de remodelamento ventricular na insufici\u00eancia mioc\u00e1rdica<\/a><\/li><\/ul><p><strong>Orienta\u00e7\u00f5es em andamento<\/strong><\/p><ul><li>Wagner Tadeu Jurevicius do Nascimento<\/li><\/ul>\t\t\t\t\t\t\t\t<\/div>\n\t\t\t\t<\/div>\n\t\t\t\t\t<\/div>\n\t\t\t\t<\/div>\n\t\t\t\t<\/div>\n\t\t","protected":false},"excerpt":{"rendered":"<p>Graduado\u00a0em Medicina pela Universidade de S\u00e3o Paulo (1977), recebeu o t\u00edtulo de Doutor em Medicina (Cirurgia) tamb\u00e9m pela Universidade de S\u00e3o Paulo [&hellip;]<\/p>\n","protected":false},"author":1,"featured_media":0,"parent":0,"menu_order":0,"comment_status":"closed","ping_status":"closed","template":"","meta":{"footnotes":""},"class_list":["post-1689","page","type-page","status-publish","hentry"],"lang":"pt","translations":{"pt":1689,"en":4861,"es":4863},"pll_sync_post":[],"_links":{"self":[{"href":"https:\/\/pgcirurgia.incor.usp.br\/index.php\/wp-json\/wp\/v2\/pages\/1689","targetHints":{"allow":["GET"]}}],"collection":[{"href":"https:\/\/pgcirurgia.incor.usp.br\/index.php\/wp-json\/wp\/v2\/pages"}],"about":[{"href":"https:\/\/pgcirurgia.incor.usp.br\/index.php\/wp-json\/wp\/v2\/types\/page"}],"author":[{"embeddable":true,"href":"https:\/\/pgcirurgia.incor.usp.br\/index.php\/wp-json\/wp\/v2\/users\/1"}],"replies":[{"embeddable":true,"href":"https:\/\/pgcirurgia.incor.usp.br\/index.php\/wp-json\/wp\/v2\/comments?post=1689"}],"version-history":[{"count":22,"href":"https:\/\/pgcirurgia.incor.usp.br\/index.php\/wp-json\/wp\/v2\/pages\/1689\/revisions"}],"predecessor-version":[{"id":4871,"href":"https:\/\/pgcirurgia.incor.usp.br\/index.php\/wp-json\/wp\/v2\/pages\/1689\/revisions\/4871"}],"wp:attachment":[{"href":"https:\/\/pgcirurgia.incor.usp.br\/index.php\/wp-json\/wp\/v2\/media?parent=1689"}],"curies":[{"name":"wp","href":"https:\/\/api.w.org\/{rel}","templated":true}]}}